{"id":10,"date":"2025-03-18T07:01:51","date_gmt":"2025-03-18T07:01:51","guid":{"rendered":"https:\/\/barbarosa.ro\/?page_id=10"},"modified":"2025-05-26T11:32:24","modified_gmt":"2025-05-26T08:32:24","slug":"cos","status":"publish","type":"page","link":"https:\/\/barbarosa.ro\/?page_id=10","title":{"rendered":"Cos"},"content":{"rendered":"<div class=\"woocommerce\"><div class=\"woocommerce-notices-wrapper\"><\/div><div class=\"wc-empty-cart-message\">\n\t<div class=\"cart-empty woocommerce-info\" role=\"status\">\n\t\tCo\u0219ul t\u0103u este \u00een prezent gol.\t<\/div>\n<\/div>\t\t<p class=\"cart-empty wd-empty-page wc-empty-cart-message\">\n\t\t\tCo\u0219ul t\u0103u este \u00een prezent gol.\t\t<\/p>\n\t\t\t\t\t\t<div class=\"wd-empty-page-text\">\n\t\t\t\t\u00cenainte de a finaliza comanda, trebuie s\u0103 adaugi produse \u00een co\u0219ul de cump\u0103r\u0103turi. G\u0103se\u0219ti o mul\u021bime de produse interesante pe pagina noastr\u0103 \u201eShop\u201d\t\t\t<\/div>\n\t\t\t\t<p class=\"return-to-shop\">\n\t\t<a class=\"button wc-backward\" href=\"https:\/\/barbarosa.ro\/?page_id=1069\">\n\t\t\t\u00cenapoi la magazin\t\t<\/a>\n\t<\/p>\n<\/div>\n","protected":false},"excerpt":{"rendered":"","protected":false},"author":1,"featured_media":0,"parent":0,"menu_order":0,"comment_status":"closed","ping_status":"closed","template":"","meta":{"footnotes":""},"class_list":["post-10","page","type-page","status-publish","hentry"],"jetpack_sharing_enabled":true,"_links":{"self":[{"href":"https:\/\/barbarosa.ro\/index.php?rest_route=\/wp\/v2\/pages\/10","targetHints":{"allow":["GET"]}}],"collection":[{"href":"https:\/\/barbarosa.ro\/index.php?rest_route=\/wp\/v2\/pages"}],"about":[{"href":"https:\/\/barbarosa.ro\/index.php?rest_route=\/wp\/v2\/types\/page"}],"author":[{"embeddable":true,"href":"https:\/\/barbarosa.ro\/index.php?rest_route=\/wp\/v2\/users\/1"}],"replies":[{"embeddable":true,"href":"https:\/\/barbarosa.ro\/index.php?rest_route=%2Fwp%2Fv2%2Fcomments&post=10"}],"version-history":[{"count":2,"href":"https:\/\/barbarosa.ro\/index.php?rest_route=\/wp\/v2\/pages\/10\/revisions"}],"predecessor-version":[{"id":1753,"href":"https:\/\/barbarosa.ro\/index.php?rest_route=\/wp\/v2\/pages\/10\/revisions\/1753"}],"wp:attachment":[{"href":"https:\/\/barbarosa.ro\/index.php?rest_route=%2Fwp%2Fv2%2Fmedia&parent=10"}],"curies":[{"name":"wp","href":"https:\/\/api.w.org\/{rel}","templated":true}]}}