{"id":3,"date":"2025-03-18T06:54:45","date_gmt":"2025-03-18T06:54:45","guid":{"rendered":"https:\/\/barbarosa.ro\/?page_id=3"},"modified":"2025-05-26T15:45:10","modified_gmt":"2025-05-26T12:45:10","slug":"privacy-policy","status":"publish","type":"page","link":"https:\/\/barbarosa.ro\/?page_id=3","title":{"rendered":"Termeni \u0219i Condi\u021bii"},"content":{"rendered":"\t\t<div data-elementor-type=\"wp-page\" data-elementor-id=\"3\" class=\"elementor elementor-3\">\n\t\t\t\t<div class=\"wd-negative-gap elementor-element elementor-element-1d881bce e-flex e-con-boxed e-con e-parent\" data-id=\"1d881bce\" data-element_type=\"container\">\n\t\t\t\t\t<div class=\"e-con-inner\">\n\t\t\t\t<div class=\"elementor-element elementor-element-347f6cc8 color-scheme-inherit text-left elementor-widget elementor-widget-text-editor\" data-id=\"347f6cc8\" data-element_type=\"widget\" data-widget_type=\"text-editor.default\">\n\t\t\t\t<div class=\"elementor-widget-container\">\n\t\t\t\t\t\t\t\t\t\n<div class=\"elementor-element elementor-element-27d95c0 elementor-widget elementor-widget-text-editor\" data-id=\"27d95c0\" data-element_type=\"widget\" data-widget_type=\"text-editor.default\">\n<div class=\"elementor-widget-container\">\n<p><strong>Bine a\u021bi venit pe website-ul nostru!<\/strong> V\u0103 rug\u0103m s\u0103 citi\u021bi cu aten\u021bie termenii \u0219i condi\u021biile de utilizare prezentate mai jos. Prin accesarea \u0219i utilizarea acestui website, sunte\u021bi de acord s\u0103 respecta\u021bi aceste reguli. Dac\u0103 nu sunte\u021bi de acord cu oricare dintre termeni, v\u0103 rug\u0103m s\u0103 nu utiliza\u021bi serviciile noastre.<\/p>\n<p>\u00a0<\/p>\n<\/div>\n<\/div>\n<div class=\"elementor-element elementor-element-785f74b elementor-widget elementor-widget-heading\" data-id=\"785f74b\" data-element_type=\"widget\" data-widget_type=\"heading.default\">\n<div class=\"elementor-widget-container\">\n<h3 class=\"elementor-heading-title elementor-size-default wp-block-heading\">1. Informa\u021bii Generale<\/h3>\n<p>\u00a0<\/p>\n<\/div>\n<\/div>\n<div class=\"elementor-element elementor-element-77b60ce elementor-widget elementor-widget-text-editor\" data-id=\"77b60ce\" data-element_type=\"widget\" data-widget_type=\"text-editor.default\">\n<div class=\"elementor-widget-container\">\n<p>Acest website este operat de Barbarosa Consulting srl, cu sediul Sos. Pantelimon 126 Sectorul 2, Bucuresti, \u00eenregistrat\u0103 sub nr. CUI: RO28937320. Termenii \u0219i condi\u021biile reglementeaz\u0103 rela\u021bia dintre Barbarosa Consulting srl \u0219i utilizatorii website-ului.<\/p>\n<ul>\n<li style=\"list-style-type: none;\">\n<ul>\n<li><strong>Contact\u00a0<\/strong><strong>E-mail:<\/strong> comenzi@barbarosa.ro<\/li>\n<\/ul>\n<\/li>\n<\/ul>\n<\/div>\n<\/div>\n<div class=\"elementor-element elementor-element-44b6ae5 elementor-widget elementor-widget-heading\" data-id=\"44b6ae5\" data-element_type=\"widget\" data-widget_type=\"heading.default\">\n<div class=\"elementor-widget-container\">\n<h3>\u00a0<\/h3>\n<h3 class=\"elementor-heading-title elementor-size-default\">2. Defini\u021bii<\/h3>\n<p>\u00a0<\/p>\n<\/div>\n<\/div>\n<div class=\"elementor-element elementor-element-8c0f7ce elementor-widget elementor-widget-text-editor\" data-id=\"8c0f7ce\" data-element_type=\"widget\" data-widget_type=\"text-editor.default\">\n<div class=\"elementor-widget-container\">\n<ul>\n<li><strong>Operator:<\/strong> Barbarosa Consulting srl, administratorul acestui website.<\/li>\n<li><strong>Utilizator:<\/strong>\u00a0Orice persoan\u0103 care acceseaz\u0103, navigheaz\u0103 sau utilizeaz\u0103 website-ul \u0219i serviciile oferite.<\/li>\n<li><strong>Produse:<\/strong>\u00a0Bunuri disponibile spre v\u00e2nzare pe website, const\u00e2nd \u00een produse din carne \u0219i alte produse conexe.<\/li>\n<\/ul>\n<\/div>\n<\/div>\n<div class=\"elementor-element elementor-element-5705650 elementor-widget elementor-widget-heading\" data-id=\"5705650\" data-element_type=\"widget\" data-widget_type=\"heading.default\">\n<div class=\"elementor-widget-container\">\n<h3>\u00a0<\/h3>\n<h3 class=\"elementor-heading-title elementor-size-default\">3. Utilizarea website-ului<\/h3>\n<\/div>\n<\/div>\n<div class=\"elementor-element elementor-element-27389a2 elementor-widget elementor-widget-text-editor\" data-id=\"27389a2\" data-element_type=\"widget\" data-widget_type=\"text-editor.default\">\n<div class=\"elementor-widget-container\">\n<p>\u00a0<\/p>\n<ul>\n<li>\n<p>Accesul \u0219i utilizarea acestui website sunt permise doar \u00een scopuri personale \u0219i non-comerciale. Utilizatorii se oblig\u0103:<\/p>\n<ul>\n<li>S\u0103 furnizeze informa\u021bii reale \u0219i corecte atunci c\u00e2nd plaseaz\u0103 comenzi.<\/li>\n<li>S\u0103 nu foloseasc\u0103 website-ul pentru activit\u0103\u021bi ilegale sau pentru a compromite func\u021bionarea acestuia.<\/li>\n<li>S\u0103 respecte toate politicile \u0219i regulamentele publicate pe site (ex.: Politica de Confiden\u021bialitate, Politica de Livrare).<\/li>\n<\/ul>\n<\/li>\n<\/ul>\n<\/div>\n<\/div>\n<div class=\"elementor-element elementor-element-ddcc5c4 elementor-widget elementor-widget-heading\" data-id=\"ddcc5c4\" data-element_type=\"widget\" data-widget_type=\"heading.default\">\n<div class=\"elementor-widget-container\">\n<h3>\u00a0<\/h3>\n<h3 class=\"elementor-heading-title elementor-size-default\">4. Produse \u0219i Disponibilitate<\/h3>\n<p>\u00a0<\/p>\n<\/div>\n<\/div>\n<div class=\"elementor-element elementor-element-7e8d718 elementor-widget elementor-widget-text-editor\" data-id=\"7e8d718\" data-element_type=\"widget\" data-widget_type=\"text-editor.default\">\n<div class=\"elementor-widget-container\">\n<ul>\n<li><strong>Descrierea produselor:<\/strong>\u00a0Facem eforturi pentru a asigura c\u0103 descrierile \u0219i imaginile produselor sunt corecte. Totu\u0219i, pot ap\u0103rea diferen\u021be minore (ex.: greutatea exact\u0103 a produselor din carne).<\/li>\n<li><strong>Disponibilitate:<\/strong>\u00a0Stocurile sunt limitate, iar disponibilitatea produselor este actualizat\u0103 constant. \u00cen cazul \u00een care un produs comandat nu este disponibil, v\u0103 vom informa imediat \u0219i v\u0103 vom oferi alternative.<\/li>\n<li><strong>Pre\u021buri:<\/strong>\u00a0Pre\u021burile afi\u0219ate includ TVA \u0219i alte taxe aplicabile, dar pot fi modificate f\u0103r\u0103 notificare prealabil\u0103. Pre\u021burile valabile sunt cele afi\u0219ate \u00een momentul plas\u0103rii comenzii.<\/li>\n<\/ul>\n<\/div>\n<\/div>\n<div class=\"elementor-element elementor-element-24ee814 elementor-widget elementor-widget-heading\" data-id=\"24ee814\" data-element_type=\"widget\" data-widget_type=\"heading.default\">\n<div class=\"elementor-widget-container\">\n<h3>\u00a0<\/h3>\n<h3 class=\"elementor-heading-title elementor-size-default\">5. Comenzi \u0219i Pl\u0103\u021bi<\/h3>\n<p>\u00a0<\/p>\n<\/div>\n<\/div>\n<div class=\"elementor-element elementor-element-810759e elementor-widget elementor-widget-text-editor\" data-id=\"810759e\" data-element_type=\"widget\" data-widget_type=\"text-editor.default\">\n<div class=\"elementor-widget-container\">\n<ul>\n<li><strong>Plasarea comenzilor:<\/strong>\u00a0Comenzile pot fi plasate online, complet\u00e2nd corect formularul de comand\u0103.<\/li>\n<li><strong>Modalit\u0103\u021bi de plat\u0103:<\/strong>\n<ul>\n<li>Plata cu cardul bancar (online).<\/li>\n<li>Plata ramburs \u2013 se efectueaz\u0103 la livrare.<\/li>\n<\/ul>\n<\/li>\n<li><strong>Confirmarea comenzilor:<\/strong>\u00a0Dup\u0103 plasarea comenzii, ve\u021bi primi o confirmare prin e-mail sau SMS. Operatorul \u00ee\u0219i rezerv\u0103 dreptul de a refuza comenzi incomplete sau care nu respect\u0103 condi\u021biile de livrare.<\/li>\n<\/ul>\n<\/div>\n<\/div>\n<div class=\"elementor-element elementor-element-fd54990 elementor-widget elementor-widget-heading\" data-id=\"fd54990\" data-element_type=\"widget\" data-widget_type=\"heading.default\">\n<div class=\"elementor-widget-container\">\n<h3>\u00a0<\/h3>\n<h3 class=\"elementor-heading-title elementor-size-default\">6. Livrare<\/h3>\n<p>\u00a0<\/p>\n<\/div>\n<\/div>\n<div class=\"elementor-element elementor-element-fb6087f elementor-widget elementor-widget-text-editor\" data-id=\"fb6087f\" data-element_type=\"widget\" data-widget_type=\"text-editor.default\">\n<div class=\"elementor-widget-container\">\n<ul>\n<li>\n<p>Livrarea produselor se efectueaz\u0103 conform\u00a0<strong>Politicii de Livrare<\/strong>, disponibil\u0103 pe website. Aceasta include informa\u021bii despre:<\/p>\n<ul>\n<li>Zonele de livrare.<\/li>\n<li>Termenele \u0219i condi\u021biile pentru comenzile nerecep\u021bionate.\u00a0Livrarea \u00een lan\u021b de frig este garantat\u0103 p\u00e2n\u0103 la momentul pred\u0103rii produselor c\u0103tre client.<\/li>\n<\/ul>\n<\/li>\n<\/ul>\n<\/div>\n<\/div>\n<div class=\"elementor-element elementor-element-8430f8f elementor-widget elementor-widget-heading\" data-id=\"8430f8f\" data-element_type=\"widget\" data-widget_type=\"heading.default\">\n<div class=\"elementor-widget-container\">\n<h3>\u00a0<\/h3>\n<h3 class=\"elementor-heading-title elementor-size-default\">7. Politica de retur<\/h3>\n<p>\u00a0<\/p>\n<\/div>\n<\/div>\n<div class=\"elementor-element elementor-element-ea153ae elementor-widget elementor-widget-text-editor\" data-id=\"ea153ae\" data-element_type=\"widget\" data-widget_type=\"text-editor.default\">\n<div class=\"elementor-widget-container\">\n<p>Produsele alimentare perisabile nu pot fi returnate conform legisla\u021biei \u00een vigoare. Totu\u0219i, \u00een cazul \u00een care produsele primite nu respect\u0103 standardele noastre de calitate, v\u0103 rug\u0103m s\u0103 ne contacta\u021bi \u00een termen de\u00a0<strong>2 ore<\/strong>\u00a0de la recep\u021bia acestora.<br \/>Pentru mai multe informa\u021bii, consulta\u021bi\u00a0<strong>Politica de Confiden\u021bialitate<\/strong>\u00a0\u0219i\u00a0<strong>Politica de Livrare<\/strong>.<\/p>\n<p>\u00a0<\/p>\n<\/div>\n<\/div>\n<div class=\"elementor-element elementor-element-3eeecec elementor-widget elementor-widget-heading\" data-id=\"3eeecec\" data-element_type=\"widget\" data-widget_type=\"heading.default\">\n<div class=\"elementor-widget-container\">\n<h3 class=\"elementor-heading-title elementor-size-default\">8. Drepturi de Proprietate Intelectual\u0103<\/h3>\n<\/div>\n<\/div>\n<div class=\"elementor-element elementor-element-4bc82fc elementor-widget elementor-widget-text-editor\" data-id=\"4bc82fc\" data-element_type=\"widget\" data-widget_type=\"text-editor.default\">\n<div class=\"elementor-widget-container\">\n<p>\u00a0<\/p>\n<p>Con\u021binutul website-ului (texte, imagini, logo-uri, design, etc.) este protejat prin drepturi de autor \u0219i nu poate fi utilizat f\u0103r\u0103 acordul scris al Barbarosa Consulting srl. Orice utilizare neautorizat\u0103 a materialelor de pe website va fi considerat\u0103 o \u00eenc\u0103lcare a legii.<\/p>\n<p>\u00a0<\/p>\n<\/div>\n<\/div>\n<div class=\"elementor-element elementor-element-caef1af elementor-widget elementor-widget-heading\" data-id=\"caef1af\" data-element_type=\"widget\" data-widget_type=\"heading.default\">\n<div class=\"elementor-widget-container\">\n<h3 class=\"elementor-heading-title elementor-size-default\">9. Responsabilitate Limitat\u0103<\/h3>\n<p>\u00a0<\/p>\n<\/div>\n<\/div>\n<div class=\"elementor-element elementor-element-7e96aa4 elementor-widget elementor-widget-text-editor\" data-id=\"7e96aa4\" data-element_type=\"widget\" data-widget_type=\"text-editor.default\">\n<div class=\"elementor-widget-container\">\n<ul>\n<li>Barbarosa Consulting srl nu \u00ee\u0219i asum\u0103 responsabilitatea pentru eventualele erori sau \u00eent\u00e2rzieri cauzate de factori externi, cum ar fi \u00eentreruperi ale serviciilor de curierat sau defec\u021biuni tehnice.<\/li>\n<li>De asemenea, Operatorul nu este responsabil pentru daunele rezultate din utilizarea incorect\u0103 a produselor livrate.<\/li>\n<li>\u00a0<\/li>\n<\/ul>\n<\/div>\n<\/div>\n<div class=\"elementor-element elementor-element-0807208 elementor-widget elementor-widget-heading\" data-id=\"0807208\" data-element_type=\"widget\" data-widget_type=\"heading.default\">\n<div class=\"elementor-widget-container\">\n<h3 class=\"elementor-heading-title elementor-size-default\">10. Politica de Confiden\u021bialitate<\/h3>\n<\/div>\n<\/div>\n<div class=\"elementor-element elementor-element-4c6e52d elementor-widget elementor-widget-text-editor\" data-id=\"4c6e52d\" data-element_type=\"widget\" data-widget_type=\"text-editor.default\">\n<div class=\"elementor-widget-container\">\n<p>\u00a0<\/p>\n<p>Utilizarea website-ului este supus\u0103\u00a0<strong>Politicii de Confiden\u021bialitate<\/strong>, care reglementeaz\u0103 modul \u00een care colect\u0103m, utiliz\u0103m \u0219i protej\u0103m datele personale. Website-ul folose\u0219te instrumente precum Google Analytics, Meta Pixel, TikTok Pixel \u0219i alte tehnologii pentru monitorizarea traficului \u0219i optimizarea campaniilor publicitare. Pentru mai multe detalii, consulta\u021bi sec\u021biunea dedicat\u0103.<\/p>\n<p>\u00a0<\/p>\n<\/div>\n<\/div>\n<div class=\"elementor-element elementor-element-09f7d1e elementor-widget elementor-widget-heading\" data-id=\"09f7d1e\" data-element_type=\"widget\" data-widget_type=\"heading.default\">\n<div class=\"elementor-widget-container\">\n<h3 class=\"elementor-heading-title elementor-size-default\">11. Modific\u0103ri ale Termenilor \u0219i Condi\u021biilor<\/h3>\n<p>\u00a0<\/p>\n<\/div>\n<\/div>\n<div class=\"elementor-element elementor-element-f413988 elementor-widget elementor-widget-text-editor\" data-id=\"f413988\" data-element_type=\"widget\" data-widget_type=\"text-editor.default\">\n<div class=\"elementor-widget-container\">\n<p>Barbarosa Consulting srl \u00ee\u0219i rezerv\u0103 dreptul de a modifica oric\u00e2nd ace\u0219ti termeni \u0219i condi\u021bii, f\u0103r\u0103 notificare prealabil\u0103. Modific\u0103rile vor intra \u00een vigoare odat\u0103 cu publicarea lor pe website. Recomand\u0103m utilizatorilor s\u0103 verifice periodic aceast\u0103 sec\u021biune.<\/p>\n<p>\u00a0<\/p>\n<\/div>\n<\/div>\n<div class=\"elementor-element elementor-element-dfc4522 elementor-widget elementor-widget-heading\" data-id=\"dfc4522\" data-element_type=\"widget\" data-widget_type=\"heading.default\">\n<div class=\"elementor-widget-container\">\n<h3 class=\"elementor-heading-title elementor-size-default\">12. Legisla\u021bie aplicabil\u0103 \u0219i Jurisdic\u021bie<\/h3>\n<p>\u00a0<\/p>\n<\/div>\n<\/div>\n<div class=\"elementor-element elementor-element-f2d5974 elementor-widget elementor-widget-text-editor\" data-id=\"f2d5974\" data-element_type=\"widget\" data-widget_type=\"text-editor.default\">\n<div class=\"elementor-widget-container\">\n<p>Ace\u0219ti termeni \u0219i condi\u021bii sunt guverna\u021bi de legisla\u021bia din Rom\u00e2nia. Orice disput\u0103 care decurge din utilizarea website-ului sau din rela\u021bia contractual\u0103 va fi solu\u021bionat\u0103 pe cale amiabil\u0103. Dac\u0103 acest lucru nu este posibil, litigiile vor fi supuse instan\u021belor competente din Rom\u00e2nia.<\/p>\n<\/div>\n<\/div>\t\t\t\t\t\t\t\t<\/div>\n\t\t\t\t<\/div>\n\t\t\t\t<div class=\"elementor-element elementor-element-ceaeb89 wd-page-title-el elementor-widget elementor-widget-wd_page_title\" data-id=\"ceaeb89\" data-element_type=\"widget\" data-widget_type=\"wd_page_title.default\">\n\t\t\t\t<div class=\"elementor-widget-container\">\n\t\t\t\t\t\t\t\t\t<div class=\"wd-page-title page-title  page-title-default title-size-small title-design-default color-scheme-dark\" style=\"\">\n\t\t\t\t\t<div class=\"container\">\n\t\t\t\t\t\t\t\t\t\t\t\t\t\t\t\t\t\t\t\t\t<h1 class=\"entry-title title\">\n\t\t\t\t\t\t\t\t\tTermeni \u0219i Condi\u021bii\t\t\t\t\t\t\t\t<\/h1>\n\n\t\t\t\t\t\t\t\t\t\t\t\t\t\t\t\n\t\t\t\t\t\t\t\t\t\t\t\t\t\t\t<nav class=\"wd-breadcrumbs\"><a href=\"https:\/\/barbarosa.ro\/\">Home<\/a><span class=\"wd-delimiter\"><\/span><span class=\"wd-last\">Pagin\u0103<\/span><\/nav>\t\t\t\t\t\t\t\t\t\t\t\t\t\t\t\t\t\t<\/div>\n\t\t\t\t<\/div>\n\t\t\t\t\t\t\t<\/div>\n\t\t\t\t<\/div>\n\t\t\t\t\t<\/div>\n\t\t\t\t<\/div>\n\t\t\t\t<\/div>\n\t\t","protected":false},"excerpt":{"rendered":"<p>Bine a\u021bi venit pe website-ul nostru! V\u0103 rug\u0103m s\u0103 citi\u021bi cu aten\u021bie termenii \u0219i condi\u021biile de utilizare prezentate mai jos.<\/p>\n","protected":false},"author":1,"featured_media":0,"parent":0,"menu_order":0,"comment_status":"closed","ping_status":"open","template":"","meta":{"footnotes":""},"class_list":["post-3","page","type-page","status-publish","hentry"],"jetpack_sharing_enabled":true,"_links":{"self":[{"href":"https:\/\/barbarosa.ro\/index.php?rest_route=\/wp\/v2\/pages\/3","targetHints":{"allow":["GET"]}}],"collection":[{"href":"https:\/\/barbarosa.ro\/index.php?rest_route=\/wp\/v2\/pages"}],"about":[{"href":"https:\/\/barbarosa.ro\/index.php?rest_route=\/wp\/v2\/types\/page"}],"author":[{"embeddable":true,"href":"https:\/\/barbarosa.ro\/index.php?rest_route=\/wp\/v2\/users\/1"}],"replies":[{"embeddable":true,"href":"https:\/\/barbarosa.ro\/index.php?rest_route=%2Fwp%2Fv2%2Fcomments&post=3"}],"version-history":[{"count":18,"href":"https:\/\/barbarosa.ro\/index.php?rest_route=\/wp\/v2\/pages\/3\/revisions"}],"predecessor-version":[{"id":9745,"href":"https:\/\/barbarosa.ro\/index.php?rest_route=\/wp\/v2\/pages\/3\/revisions\/9745"}],"wp:attachment":[{"href":"https:\/\/barbarosa.ro\/index.php?rest_route=%2Fwp%2Fv2%2Fmedia&parent=3"}],"curies":[{"name":"wp","href":"https:\/\/api.w.org\/{rel}","templated":true}]}}