{"id":9746,"date":"2025-05-26T15:53:16","date_gmt":"2025-05-26T12:53:16","guid":{"rendered":"https:\/\/barbarosa.ro\/?page_id=9746"},"modified":"2025-05-26T15:56:52","modified_gmt":"2025-05-26T12:56:52","slug":"politica-de-confidentialitate-si-protectia-datelor-gdpr","status":"publish","type":"page","link":"https:\/\/barbarosa.ro\/?page_id=9746","title":{"rendered":"Politica de confiden\u021bialitate \u0219i Protec\u021bia Datelor GDPR"},"content":{"rendered":"\t\t<div data-elementor-type=\"wp-page\" data-elementor-id=\"9746\" class=\"elementor elementor-9746\">\n\t\t\t\t<div class=\"wd-negative-gap elementor-element elementor-element-48815e22 e-flex e-con-boxed e-con e-parent\" data-id=\"48815e22\" data-element_type=\"container\">\n\t\t\t\t\t<div class=\"e-con-inner\">\n\t\t\t\t<div class=\"elementor-element elementor-element-66e6ffac color-scheme-inherit text-left elementor-widget elementor-widget-text-editor\" data-id=\"66e6ffac\" data-element_type=\"widget\" data-widget_type=\"text-editor.default\">\n\t\t\t\t<div class=\"elementor-widget-container\">\n\t\t\t\t\t\t\t\t\t<p>1. Informa\u021bii Generale<br \/>Operatorul datelor este Barbarosa Consulting srl, cu sediul \u00een Sos. Pantelimon 126 Sectorul 2, Bucuresti, \u00eenregistrat\u0103 sub nr. RO28937320, denumit\u0103 \u00een continuare \u201eOperator\u201d. Pentru orice \u00eentreb\u0103ri legate de aceast\u0103 politic\u0103, ne pute\u021bi contacta la:<\/p><p>E-mail: comenzi@barbarosa.ro<br \/>Telefon: 0722317283<\/p><p><br \/>2. Ce Date Colect\u0103m?<br \/>Colect\u0103m urm\u0103toarele categorii de date personale:<\/p><p>Date de identificare: Nume, prenume.<br \/>Date de contact: Adres\u0103 de e-mail, num\u0103r de telefon, adres\u0103 de livrare.<br \/>Date de tranzac\u021bie: Informa\u021bii despre comenzile plasate, metodele de plat\u0103 utilizate (nu stoc\u0103m detalii ale cardului bancar).<br \/>Date tehnice: Adresa IP, date despre dispozitivul folosit, cookie-uri \u0219i alte informa\u021bii similare colectate automat prin intermediul site-ului.<br \/>Preferin\u021be: Feedback, recenzii, istoricul comenzilor.<\/p><p><br \/>3. Utilizarea Pixelilor \u0219i a Instrumentelor de Analiz\u0103<br \/>Website-ul nostru utilizeaz\u0103 instrumente avansate de analiz\u0103 \u0219i marketing pentru a \u00eembun\u0103t\u0103\u021bi experien\u021ba utilizatorilor \u0219i pentru a optimiza strategiile noastre de promovare. Printre acestea se num\u0103r\u0103:<\/p><p>Meta (Facebook \u0219i Instagram) Ads Pixel: Utilizat pentru a urm\u0103ri conversiile, a personaliza reclamele \u0219i a m\u0103sura performan\u021ba campaniilor publicitare pe platformele Meta.<br \/>TikTok Ads Pixel: Utilizat pentru a analiza interac\u021biunile utilizatorilor cu reclamele noastre pe TikTok \u0219i pentru a \u00eembun\u0103t\u0103\u021bi campaniile publicitare.<br \/>Google Tag Manager: Utilizat pentru a implementa \u0219i gestiona tag-uri de pe site f\u0103r\u0103 a afecta codul surs\u0103.<br \/>Google Analytics 4: Utilizat pentru a analiza comportamentul utilizatorilor pe site, inclusiv vizitele, sursele de trafic \u0219i alte informa\u021bii statistice.<br \/>Google Search Console: Utilizat pentru monitorizarea performan\u021bei site-ului \u00een rezultatele c\u0103ut\u0103rilor organice.<br \/>Google Ads: Utilizat pentru a urm\u0103ri eficien\u021ba campaniilor noastre publicitare \u0219i pentru remarketing.<br \/>Important: Datele colectate prin aceste instrumente sunt utilizate \u00een mod agregat \u0219i anonimizat, acolo unde este posibil, pentru a respecta confiden\u021bialitatea utilizatorilor. Pixelii \u0219i instrumentele nu colecteaz\u0103 date personale identificabile f\u0103r\u0103 consim\u021b\u0103m\u00e2ntul utilizatorului.<\/p><p>4. Scopurile Prelucr\u0103rii Datelor<br \/>Datele personale sunt prelucrate pentru urm\u0103toarele scopuri:<\/p><p>Procesarea comenzilor \u0219i livrarea produselor: Nume, adres\u0103, telefon \u0219i alte detalii necesare livr\u0103rii.<br \/>Comunicare \u0219i suport clien\u021bi: Pentru a r\u0103spunde la \u00eentreb\u0103rile \u0219i solicit\u0103rile utilizatorilor.<br \/>Marketing \u0219i oferte promo\u021bionale: Cu consim\u021b\u0103m\u00e2ntul dumneavoastr\u0103, pentru a trimite oferte personalizate, newslettere \u0219i informa\u021bii despre produse noi.<br \/>Analiz\u0103 \u0219i \u00eembun\u0103t\u0103\u021bire: Monitorizarea comportamentului utilizatorilor pentru a \u00eembun\u0103t\u0103\u021bi func\u021bionalitatea site-ului \u0219i a optimiza campaniile publicitare.<br \/>Conformitate legal\u0103: Pentru respectarea obliga\u021biilor legale \u0219i protejarea drepturilor Operatorului.<\/p><p><br \/>5. Temeiul Legal al Prelucr\u0103rii<br \/>Executarea unui contract: Prelucrarea datelor este necesar\u0103 pentru procesarea comenzilor \u0219i livrarea produselor.<br \/>Consim\u021b\u0103m\u00e2nt: Pentru activit\u0103\u021bile de marketing \u0219i colectarea datelor prin pixelii \u0219i instrumentele de analiz\u0103 men\u021bionate.<br \/>Interes legitim: Pentru a preveni fraudele, a \u00eembun\u0103t\u0103\u021bi serviciile \u0219i a personaliza experien\u021ba utilizatorilor.<br \/>Obliga\u021bii legale: Respectarea cerin\u021belor legale, cum ar fi p\u0103strarea facturilor sau raportarea c\u0103tre autorit\u0103\u021bi.<\/p><p><br \/>6. Drepturile Dumneavoastr\u0103<br \/>Conform GDPR, ave\u021bi urm\u0103toarele drepturi \u00een leg\u0103tur\u0103 cu datele dumneavoastr\u0103 personale:<\/p><p>Dreptul de acces: Pute\u021bi solicita informa\u021bii despre datele personale pe care le prelucr\u0103m.<br \/>Dreptul la rectificare: Pute\u021bi solicita corectarea datelor inexacte sau incomplete.<br \/>Dreptul la \u0219tergere (\u201edreptul de a fi uitat\u201d): Pute\u021bi solicita \u0219tergerea datelor dumneavoastr\u0103 atunci c\u00e2nd acestea nu mai sunt necesare scopurilor pentru care au fost colectate.<br \/>Dreptul la restric\u021bionare: Pute\u021bi solicita limitarea prelucr\u0103rii datelor dumneavoastr\u0103.<br \/>Dreptul la portabilitate: Pute\u021bi primi datele personale \u00eentr-un format structurat \u0219i le pute\u021bi transfera unui alt operator.<br \/>Dreptul de opozi\u021bie: Pute\u021bi obiecta \u00eempotriva prelucr\u0103rii datelor pentru marketing direct sau alte scopuri bazate pe interesul legitim.<br \/>Dreptul de a retrage consim\u021b\u0103m\u00e2ntul: \u00cen cazul \u00een care prelucrarea se bazeaz\u0103 pe consim\u021b\u0103m\u00e2ntul dumneavoastr\u0103, \u00eel pute\u021bi retrage \u00een orice moment.<br \/>Pentru exercitarea acestor drepturi, ne pute\u021bi contacta la adresa de e-mail contact@casaramniceana.ro.<\/p><p>7. Transferul Datelor c\u0103tre Ter\u021bi<br \/>Datele dumneavoastr\u0103 pot fi partajate cu:<\/p><p>Parteneri de livrare: FAN Courier sau alte firme de curierat pentru a livra produsele.<br \/>Procesatori de pl\u0103\u021bi: Pentru a asigura procesarea securizat\u0103 a pl\u0103\u021bilor (ex.: Stripe).<br \/>Furnizori de servicii IT: Pentru g\u0103zduirea site-ului \u0219i \u00eentre\u021binerea platformei online.<br \/>Furnizori de instrumente analitice \u0219i publicitare: Meta, Google, TikTok \u0219i alte platforme similare.<br \/>Autorit\u0103\u021bi: \u00cen cazul \u00een care exist\u0103 o cerin\u021b\u0103 legal\u0103 de a furniza date.<\/p><p><br \/>8. Perioada de Stocare a Datelor<br \/>Datele dumneavoastr\u0103 vor fi stocate:<\/p><p>Pe durata necesar\u0103 pentru \u00eendeplinirea scopurilor men\u021bionate.<br \/>Pe durata impus\u0103 de legisla\u021bia fiscal\u0103 (ex.: 5 ani pentru facturi).<br \/>P\u00e2n\u0103 la retragerea consim\u021b\u0103m\u00e2ntului, \u00een cazul activit\u0103\u021bilor de marketing.<br \/>Dup\u0103 expirarea perioadei, datele vor fi \u0219terse sau anonimizate.<\/p><p>9. Securitatea Datelor<br \/>Lu\u0103m m\u0103suri tehnice \u0219i organizatorice adecvate pentru protejarea datelor \u00eempotriva accesului neautorizat, pierderii, distrugerii sau modific\u0103rii. Aceste m\u0103suri includ:<\/p><p>Criptarea datelor sensibile.<br \/>Controlul accesului la date.<br \/>Back-up regulat \u0219i securizat.<br \/>Audituri periodice pentru verificarea conformit\u0103\u021bii.<\/p><p><br \/>10. Politica privind Cookie-urile<br \/>Website-ul nostru utilizeaz\u0103 cookie-uri pentru a \u00eembun\u0103t\u0103\u021bi experien\u021ba utilizatorilor \u0219i pentru a implementa instrumentele analitice \u0219i publicitare. Cookie-urile includ:<\/p><p>Cookie-uri esen\u021biale: Necesare pentru func\u021bionarea site-ului.<br \/>Cookie-uri analitice: Pentru monitorizarea comportamentului utilizatorilor \u0219i \u00eembun\u0103t\u0103\u021birea serviciilor.<br \/>Cookie-uri de marketing: Pentru personalizarea reclamelor \u0219i urm\u0103rirea conversiilor.<br \/>Pute\u021bi configura preferin\u021bele legate de cookie-uri direct din browser sau din set\u0103rile site-ului nostru.<\/p><p>11. Reclama\u021bii \u0219i Supraveghere<br \/>Dac\u0103 ave\u021bi nemul\u021bumiri legate de modul \u00een care gestion\u0103m datele dumneavoastr\u0103, ne pute\u021bi contacta la contact@casaramniceana.ro. De asemenea, ave\u021bi dreptul s\u0103 depune\u021bi o pl\u00e2ngere la autoritatea local\u0103 pentru protec\u021bia datelor:<\/p><p>Autoritatea Na\u021bional\u0103 de Supraveghere a Prelucr\u0103rii Datelor cu Caracter Personal (ANSPDCP):<br \/>Site web: www.dataprotection.ro<\/p>\t\t\t\t\t\t\t\t<\/div>\n\t\t\t\t<\/div>\n\t\t\t\t\t<\/div>\n\t\t\t\t<\/div>\n\t\t\t\t<\/div>\n\t\t","protected":false},"excerpt":{"rendered":"<p>1. Informa\u021bii GeneraleOperatorul datelor este Barbarosa Consulting srl, cu sediul \u00een Sos. Pantelimon 126 Sectorul 2, Bucuresti, \u00eenregistrat\u0103 sub nr.<\/p>\n","protected":false},"author":1,"featured_media":0,"parent":0,"menu_order":0,"comment_status":"closed","ping_status":"closed","template":"","meta":{"footnotes":""},"class_list":["post-9746","page","type-page","status-publish","hentry"],"jetpack_sharing_enabled":true,"_links":{"self":[{"href":"https:\/\/barbarosa.ro\/index.php?rest_route=\/wp\/v2\/pages\/9746","targetHints":{"allow":["GET"]}}],"collection":[{"href":"https:\/\/barbarosa.ro\/index.php?rest_route=\/wp\/v2\/pages"}],"about":[{"href":"https:\/\/barbarosa.ro\/index.php?rest_route=\/wp\/v2\/types\/page"}],"author":[{"embeddable":true,"href":"https:\/\/barbarosa.ro\/index.php?rest_route=\/wp\/v2\/users\/1"}],"replies":[{"embeddable":true,"href":"https:\/\/barbarosa.ro\/index.php?rest_route=%2Fwp%2Fv2%2Fcomments&post=9746"}],"version-history":[{"count":4,"href":"https:\/\/barbarosa.ro\/index.php?rest_route=\/wp\/v2\/pages\/9746\/revisions"}],"predecessor-version":[{"id":9751,"href":"https:\/\/barbarosa.ro\/index.php?rest_route=\/wp\/v2\/pages\/9746\/revisions\/9751"}],"wp:attachment":[{"href":"https:\/\/barbarosa.ro\/index.php?rest_route=%2Fwp%2Fv2%2Fmedia&parent=9746"}],"curies":[{"name":"wp","href":"https:\/\/api.w.org\/{rel}","templated":true}]}}