{"id":11150,"date":"2025-07-09T22:06:02","date_gmt":"2025-07-09T19:06:02","guid":{"rendered":"https:\/\/barbarosa.ro\/?post_type=product&#038;p=11150"},"modified":"2025-12-01T20:03:54","modified_gmt":"2025-12-01T18:03:54","slug":"mazare-fina-450gr","status":"publish","type":"product","link":"https:\/\/barbarosa.ro\/?product=mazare-fina-450gr","title":{"rendered":"Mazare fina 450gr"},"content":{"rendered":"<p>Maz\u0103rea fin\u0103 este un produs congelat rapid (IQF), atent selectat pentru a-\u0219i p\u0103stra textura delicat\u0103, culoarea verde intens\u0103 \u0219i profilul nutritiv bogat. Este ideal\u0103 pentru uz casnic, restaurante sau catering, fiind un ajutor versatil \u0219i s\u0103n\u0103tos \u00een buc\u0103t\u0103rie.<\/p>\n<p>Se prepar\u0103 u\u0219or \u0219i rapid: fierbe 4\u20135 minute \u00een ap\u0103 cu pu\u021bin\u0103 sare, este excelent\u0103 \u00een piureuri cremoase, risotto, supe de prim\u0103var\u0103, salate c\u0103ldu\u021be sau toc\u0103ni\u021be savuroase.<\/p>\n<p>Se potrive\u0219te perfect cu preparate din pui, miel, pe\u0219te sau legume coapte. Pentru pairing: un vin alb sec \u0219i u\u0219or (de ex. Sauvignon Blanc, Feteasc\u0103 Alba) sau o bere blond\u0103 artizanal\u0103 cu gust fin.<\/p>\n<p>Ingrediente: maz\u0103re fin\u0103 (100%) \u2013 congelat\u0103 rapid<\/p>\n<p>Valoare energetic\u0103 (kJ\/ kcal per 100\u202fg): 278 \/ 66<\/p>\n<p>Gr\u0103simi (g): 0,4<\/p>\n<p>din care acizi gra\u0219i satura\u021bi (g): 0,1<\/p>\n<p>Glucide (g): 11,0<\/p>\n<p>din care zaharuri (g): 3,3<\/p>\n<p>Proteine (g): 5,0<\/p>\n<p>Fibre (g): 5,5<\/p>\n<p>Sare (g): 0,01<\/p>\n<p>Alergeni: nu con\u021bine<\/p>\n","protected":false},"excerpt":{"rendered":"<p>Maz\u0103rea fin\u0103 este un produs congelat rapid (IQF), atent selectat pentru a-\u0219i p\u0103stra textura delicat\u0103, culoarea verde intens\u0103 \u0219i profilul nutritiv bogat. Este ideal\u0103 pentru uz casnic, restaurante sau catering, fiind un ajutor versatil \u0219i s\u0103n\u0103tos \u00een buc\u0103t\u0103rie.<\/p>\n<p>Se prepar\u0103 u\u0219or \u0219i rapid: fierbe 4\u20135 minute \u00een ap\u0103 cu pu\u021bin\u0103 sare, este excelent\u0103 \u00een piureuri cremoase, risotto, supe de prim\u0103var\u0103, salate c\u0103ldu\u021be sau toc\u0103ni\u021be savuroase.<\/p>\n<p>Se potrive\u0219te perfect cu preparate din pui, miel, pe\u0219te sau legume coapte. Pentru pairing: un vin alb sec \u0219i u\u0219or (de ex. Sauvignon Blanc, Feteasc\u0103 Alba) sau o bere blond\u0103 artizanal\u0103 cu gust fin.<\/p>\n<p>Ingrediente: maz\u0103re fin\u0103 (100%) \u2013 congelat\u0103 rapid<\/p>\n<p>Valoare energetic\u0103 (kJ\/ kcal per 100\u202fg): 278 \/ 66<\/p>\n<p>Gr\u0103simi (g): 0,4<\/p>\n<p>din care acizi gra\u0219i satura\u021bi (g): 0,1<\/p>\n<p>Glucide (g): 11,0<\/p>\n<p>din care zaharuri (g): 3,3<\/p>\n<p>Proteine (g): 5,0<\/p>\n<p>Fibre (g): 5,5<\/p>\n<p>Sare (g): 0,01<\/p>\n<p>Alergeni: nu con\u021bine<\/p>\n","protected":false},"featured_media":11407,"comment_status":"closed","ping_status":"closed","template":"","meta":[],"product_brand":[222],"product_cat":[213],"product_tag":[],"class_list":{"0":"post-11150","1":"product","2":"type-product","3":"status-publish","4":"has-post-thumbnail","6":"product_brand-mcx","7":"product_cat-legume-congelate-legume-fresh-legume-simple-mix-legume-vegan","9":"first","10":"instock","11":"featured","12":"taxable","13":"shipping-taxable","14":"purchasable","15":"product-type-simple"},"jetpack_sharing_enabled":true,"_links":{"self":[{"href":"https:\/\/barbarosa.ro\/index.php?rest_route=\/wp\/v2\/product\/11150","targetHints":{"allow":["GET"]}}],"collection":[{"href":"https:\/\/barbarosa.ro\/index.php?rest_route=\/wp\/v2\/product"}],"about":[{"href":"https:\/\/barbarosa.ro\/index.php?rest_route=\/wp\/v2\/types\/product"}],"replies":[{"embeddable":true,"href":"https:\/\/barbarosa.ro\/index.php?rest_route=%2Fwp%2Fv2%2Fcomments&post=11150"}],"version-history":[{"count":4,"href":"https:\/\/barbarosa.ro\/index.php?rest_route=\/wp\/v2\/product\/11150\/revisions"}],"predecessor-version":[{"id":12219,"href":"https:\/\/barbarosa.ro\/index.php?rest_route=\/wp\/v2\/product\/11150\/revisions\/12219"}],"wp:featuredmedia":[{"embeddable":true,"href":"https:\/\/barbarosa.ro\/index.php?rest_route=\/wp\/v2\/media\/11407"}],"wp:attachment":[{"href":"https:\/\/barbarosa.ro\/index.php?rest_route=%2Fwp%2Fv2%2Fmedia&parent=11150"}],"wp:term":[{"taxonomy":"product_brand","embeddable":true,"href":"https:\/\/barbarosa.ro\/index.php?rest_route=%2Fwp%2Fv2%2Fproduct_brand&post=11150"},{"taxonomy":"product_cat","embeddable":true,"href":"https:\/\/barbarosa.ro\/index.php?rest_route=%2Fwp%2Fv2%2Fproduct_cat&post=11150"},{"taxonomy":"product_tag","embeddable":true,"href":"https:\/\/barbarosa.ro\/index.php?rest_route=%2Fwp%2Fv2%2Fproduct_tag&post=11150"}],"curies":[{"name":"wp","href":"https:\/\/api.w.org\/{rel}","templated":true}]}}