{"id":11151,"date":"2025-07-09T22:06:03","date_gmt":"2025-07-09T19:06:03","guid":{"rendered":"https:\/\/barbarosa.ro\/?post_type=product&#038;p=11151"},"modified":"2025-12-01T20:03:57","modified_gmt":"2025-12-01T18:03:57","slug":"spanac-frunze-2-5kg","status":"publish","type":"product","link":"https:\/\/barbarosa.ro\/?product=spanac-frunze-2-5kg","title":{"rendered":"Spanac frunze 2.5kg"},"content":{"rendered":"<p>Spanacul por\u021bionat este un produs congelat rapid (IQF), p\u0103str\u00e2nd textura fraged\u0103, culoarea verde vie \u0219i gustul proasp\u0103t al frunzelor tinere. Este ideal pentru uz casnic, restaurante \u0219i catering, oferind un plus de nutrien\u021bi \u00een orice preparat.<\/p>\n<p>Se prepar\u0103 u\u0219or: se fierbe 2\u20134 minute \u00een ap\u0103 clocotit\u0103, se adaug\u0103 direct \u00een supe-crem\u0103, sosuri pentru paste, omelete sau quiche. Poate fi \u0219i u\u0219or s\u0103rit cu usturoi \u0219i ulei de m\u0103sline pentru o garnitur\u0103 s\u0103n\u0103toas\u0103.<\/p>\n<p>Se potrive\u0219te perfect cu preparate din br\u00e2nz\u0103 (ex. feta, ricotta), ou\u0103, pe\u0219te sau pui la gr\u0103tar. Pentru pairing: recomand un vin alb proasp\u0103t (ex. Pinot Grigio, Verdejo) sau un pahar de bere blond\u0103 artizanal\u0103.<\/p>\n<p>Ingrediente: spanac frunze por\u021bionat 100%, congelat rapid<\/p>\n<p>Valoare energetic\u0103 (kJ\/ kcal per 100\u202fg): 280 \/ 67<\/p>\n<p>Gr\u0103simi (g): 0,8<\/p>\n<p>din care acizi gra\u0219i satura\u021bi (g): 0,1<\/p>\n<p>Glucide (g): 1,1<\/p>\n<p>din care zaharuri (g): 0,4<\/p>\n<p>Proteine (g): 3,0<\/p>\n<p>Fibre (g): 2,6<\/p>\n<p>Sare (g): 0,02<\/p>\n<p>Alergeni: nu contine<\/p>\n","protected":false},"excerpt":{"rendered":"<p>Spanacul por\u021bionat este un produs congelat rapid (IQF), p\u0103str\u00e2nd textura fraged\u0103, culoarea verde vie \u0219i gustul proasp\u0103t al frunzelor tinere. Este ideal pentru uz casnic, restaurante \u0219i catering, oferind un plus de nutrien\u021bi \u00een orice preparat.<\/p>\n<p>Se prepar\u0103 u\u0219or: se fierbe 2\u20134 minute \u00een ap\u0103 clocotit\u0103, se adaug\u0103 direct \u00een supe-crem\u0103, sosuri pentru paste, omelete sau quiche. Poate fi \u0219i u\u0219or s\u0103rit cu usturoi \u0219i ulei de m\u0103sline pentru o garnitur\u0103 s\u0103n\u0103toas\u0103.<\/p>\n<p>Se potrive\u0219te perfect cu preparate din br\u00e2nz\u0103 (ex. feta, ricotta), ou\u0103, pe\u0219te sau pui la gr\u0103tar. Pentru pairing: recomand un vin alb proasp\u0103t (ex. Pinot Grigio, Verdejo) sau un pahar de bere blond\u0103 artizanal\u0103.<\/p>\n<p>Ingrediente: spanac frunze por\u021bionat 100%, congelat rapid<\/p>\n<p>Valoare energetic\u0103 (kJ\/ kcal per 100\u202fg): 280 \/ 67<\/p>\n<p>Gr\u0103simi (g): 0,8<\/p>\n<p>din care acizi gra\u0219i satura\u021bi (g): 0,1<\/p>\n<p>Glucide (g): 1,1<\/p>\n<p>din care zaharuri (g): 0,4<\/p>\n<p>Proteine (g): 3,0<\/p>\n<p>Fibre (g): 2,6<\/p>\n<p>Sare (g): 0,02<\/p>\n<p>Alergeni: nu contine<\/p>\n","protected":false},"featured_media":11403,"comment_status":"closed","ping_status":"closed","template":"","meta":[],"product_brand":[222],"product_cat":[213],"product_tag":[],"class_list":{"0":"post-11151","1":"product","2":"type-product","3":"status-publish","4":"has-post-thumbnail","6":"product_brand-mcx","7":"product_cat-legume-congelate-legume-fresh-legume-simple-mix-legume-vegan","9":"first","10":"instock","11":"featured","12":"taxable","13":"shipping-taxable","14":"purchasable","15":"product-type-simple"},"jetpack_sharing_enabled":true,"_links":{"self":[{"href":"https:\/\/barbarosa.ro\/index.php?rest_route=\/wp\/v2\/product\/11151","targetHints":{"allow":["GET"]}}],"collection":[{"href":"https:\/\/barbarosa.ro\/index.php?rest_route=\/wp\/v2\/product"}],"about":[{"href":"https:\/\/barbarosa.ro\/index.php?rest_route=\/wp\/v2\/types\/product"}],"replies":[{"embeddable":true,"href":"https:\/\/barbarosa.ro\/index.php?rest_route=%2Fwp%2Fv2%2Fcomments&post=11151"}],"version-history":[{"count":4,"href":"https:\/\/barbarosa.ro\/index.php?rest_route=\/wp\/v2\/product\/11151\/revisions"}],"predecessor-version":[{"id":12220,"href":"https:\/\/barbarosa.ro\/index.php?rest_route=\/wp\/v2\/product\/11151\/revisions\/12220"}],"wp:featuredmedia":[{"embeddable":true,"href":"https:\/\/barbarosa.ro\/index.php?rest_route=\/wp\/v2\/media\/11403"}],"wp:attachment":[{"href":"https:\/\/barbarosa.ro\/index.php?rest_route=%2Fwp%2Fv2%2Fmedia&parent=11151"}],"wp:term":[{"taxonomy":"product_brand","embeddable":true,"href":"https:\/\/barbarosa.ro\/index.php?rest_route=%2Fwp%2Fv2%2Fproduct_brand&post=11151"},{"taxonomy":"product_cat","embeddable":true,"href":"https:\/\/barbarosa.ro\/index.php?rest_route=%2Fwp%2Fv2%2Fproduct_cat&post=11151"},{"taxonomy":"product_tag","embeddable":true,"href":"https:\/\/barbarosa.ro\/index.php?rest_route=%2Fwp%2Fv2%2Fproduct_tag&post=11151"}],"curies":[{"name":"wp","href":"https:\/\/api.w.org\/{rel}","templated":true}]}}