{"id":1651,"date":"2025-03-21T19:20:42","date_gmt":"2025-03-21T17:20:42","guid":{"rendered":"https:\/\/barbarosa.ro\/?product=carnati-vita-oaie-angus-oaie"},"modified":"2026-01-06T23:03:22","modified_gmt":"2026-01-06T21:03:22","slug":"carnati-vita-oaie-angus-oaie","status":"publish","type":"product","link":"https:\/\/barbarosa.ro\/?product=carnati-vita-oaie-angus-oaie","title":{"rendered":"Carnati mixt din vita Angus si oaie (Semi-afumati)"},"content":{"rendered":"<p data-start=\"188\" data-end=\"574\">Carnati mixt din vita Angus si oaie sunt un produs artizanal cu personalitate puternic\u0103, realizat dintr-o combina\u021bie atent echilibrat\u0103 de carne de vit\u0103 Angus \u0219i carne de oaie, selec\u021bionate pentru gust, textur\u0103 \u0219i savoare. Amestecul dintre carnea de vit\u0103, fraged\u0103 \u0219i suculent\u0103, \u0219i carnea de oaie, intens aromat\u0103, ofer\u0103 un profil gustativ profund, rustic \u0219i autentic, apreciat de cunosc\u0103tori.<\/p>\n<p data-start=\"576\" data-end=\"899\">Condimenta\u021bi simplu \u0219i curat, cu mirodenii naturale, \u0219i umplu\u021bi \u00een membran\u0103 natural\u0103 comestibil\u0103, ace\u0219ti c\u00e2rna\u021bi au o textur\u0103 ferm\u0103, bine legat\u0103 \u0219i un gust bogat, persistent. Sunt ideali pentru g\u0103tire la gr\u0103tar, tigaie sau cuptor, dar \u0219i pentru preparate consistente, al\u0103turi de legume coapte, cartofi, fasole sau m\u0103m\u0103lig\u0103.<\/p>\n<p data-start=\"901\" data-end=\"1176\"><strong data-start=\"901\" data-end=\"913\">Pairing:<\/strong> se potrivesc excelent cu vinuri ro\u0219ii corpolente (Feteasc\u0103 Neagr\u0103 maturat\u0103, Cabernet Sauvignon, Syrah), bere brun\u0103 artizanal\u0103 sau vinuri rose seci cu structur\u0103. Se completeaz\u0103 foarte bine cu mur\u0103turi, salate cu ceap\u0103 ro\u0219ie sau sosuri pe baz\u0103 de iaurt \u0219i usturoi.<\/p>\n<p data-start=\"1178\" data-end=\"1357\"><strong data-start=\"1178\" data-end=\"1194\">Ingrediente:<\/strong> pulpa vita Angus, carne oaie, coriandru, boia, usturoi, cimbru, sare, piper, membrana naturala comestibila<\/p>\n<p data-start=\"1178\" data-end=\"1357\"><br data-start=\"1304\" data-end=\"1307\" \/>Produs f\u0103r\u0103 conservan\u021bi, f\u0103r\u0103 aditivi, f\u0103r\u0103 E-uri.<\/p>\n<p>Greutate: ~ 300 gr\/buc<\/p>\n<p>&nbsp;<\/p>\n<p>Valoare energetica (kJ\/ kcal): 1337.61\/319.70<\/p>\n<p>Grasimi (gr): 27.48g, din care acizi grasi saturati (gr): 9.8<\/p>\n<p>Glucide (gr): 0.6g, din care zaharuri (gr): 0.3<\/p>\n<p>Proteine (gr): 17.5<\/p>\n<p>Sare (gr): 1.48<\/p>\n","protected":false},"excerpt":{"rendered":"<p data-start=\"188\" data-end=\"574\">C\u00e2rna\u021bii din vit\u0103 Angus \u0219i oaie sunt un produs artizanal cu personalitate puternic\u0103, realizat dintr-o combina\u021bie atent echilibrat\u0103 de carne de vit\u0103 Angus \u0219i carne de oaie, selec\u021bionate pentru gust, textur\u0103 \u0219i savoare. Amestecul dintre carnea de vit\u0103, fraged\u0103 \u0219i suculent\u0103, \u0219i carnea de oaie, intens aromat\u0103, ofer\u0103 un profil gustativ profund, rustic \u0219i autentic, apreciat de cunosc\u0103tori.<\/p>\n<p data-start=\"576\" data-end=\"899\">Condimenta\u021bi simplu \u0219i curat, cu mirodenii naturale, \u0219i umplu\u021bi \u00een membran\u0103 natural\u0103 comestibil\u0103, ace\u0219ti c\u00e2rna\u021bi au o textur\u0103 ferm\u0103, bine legat\u0103 \u0219i un gust bogat, persistent. Sunt ideali pentru g\u0103tire la gr\u0103tar, tigaie sau cuptor, dar \u0219i pentru preparate consistente, al\u0103turi de legume coapte, cartofi, fasole sau m\u0103m\u0103lig\u0103.<\/p>\n<p data-start=\"901\" data-end=\"1176\"><strong data-start=\"901\" data-end=\"913\">Pairing:<\/strong> se potrivesc excelent cu vinuri ro\u0219ii corpolente (Feteasc\u0103 Neagr\u0103 maturat\u0103, Cabernet Sauvignon, Syrah), bere brun\u0103 artizanal\u0103 sau vinuri rose seci cu structur\u0103. Se completeaz\u0103 foarte bine cu mur\u0103turi, salate cu ceap\u0103 ro\u0219ie sau sosuri pe baz\u0103 de iaurt \u0219i usturoi.<\/p>\n<p data-start=\"1178\" data-end=\"1357\"><strong data-start=\"1178\" data-end=\"1194\">Ingrediente:<\/strong> pulpa vita Angus, carne oaie, coriandru, boia, usturoi, cimbru, sare, piper, membrana naturala comestibila<\/p>\n<p data-start=\"1178\" data-end=\"1357\"><br data-start=\"1304\" data-end=\"1307\" \/>Produs f\u0103r\u0103 conservan\u021bi, f\u0103r\u0103 aditivi, f\u0103r\u0103 E-uri.<\/p>\n<p>Greutate: ~ 300 gr\/buc<\/p>\n<p>&nbsp;<\/p>\n<p>Valoare energetica (kJ\/ kcal): 1337.61\/319.70<\/p>\n<p>Grasimi (gr): 27.48g, din care acizi grasi saturati (gr): 9.8<\/p>\n<p>Glucide (gr): 0.6g, din care zaharuri (gr): 0.3<\/p>\n<p>Proteine (gr): 17.5<\/p>\n<p>Sare (gr): 1.48<\/p>\n","protected":false},"featured_media":2486,"comment_status":"closed","ping_status":"closed","template":"","meta":[],"product_brand":[168],"product_cat":[86,105,144],"product_tag":[113,196,323,324,325,322,331,332,326,327,333,321,330,124,329,195,187,102,328,334,112],"class_list":{"0":"post-1651","1":"product","2":"type-product","3":"status-publish","4":"has-post-thumbnail","6":"product_brand-ferma-de-angus-bazna","7":"product_cat-carnati","8":"product_cat-vita","9":"product_cat-oaie-berbecut","10":"product_tag-angus","11":"product_tag-carnat","12":"product_tag-carnati-artizanali","13":"product_tag-carnati-fara-aditivi","14":"product_tag-carnati-fara-conservanti","15":"product_tag-carnati-oaie","16":"product_tag-carnati-pentru-gratar","17":"product_tag-carnati-pentru-tigaie","18":"product_tag-carnati-premium","19":"product_tag-carnati-proaspeti","20":"product_tag-carnati-traditionali","21":"product_tag-carnati-vita-angus","22":"product_tag-carne-de-oaie","23":"product_tag-carne-de-vita-tocata","24":"product_tag-carne-vita-angus","25":"product_tag-oaie","26":"product_tag-pizza","27":"product_tag-produs-traditional","28":"product_tag-produse-macelaresti","29":"product_tag-produse-romanesti","30":"product_tag-vita-angus","32":"first","33":"instock","34":"featured","35":"taxable","36":"shipping-taxable","37":"purchasable","38":"product-type-simple"},"jetpack_sharing_enabled":true,"_links":{"self":[{"href":"https:\/\/barbarosa.ro\/index.php?rest_route=\/wp\/v2\/product\/1651","targetHints":{"allow":["GET"]}}],"collection":[{"href":"https:\/\/barbarosa.ro\/index.php?rest_route=\/wp\/v2\/product"}],"about":[{"href":"https:\/\/barbarosa.ro\/index.php?rest_route=\/wp\/v2\/types\/product"}],"replies":[{"embeddable":true,"href":"https:\/\/barbarosa.ro\/index.php?rest_route=%2Fwp%2Fv2%2Fcomments&post=1651"}],"version-history":[{"count":14,"href":"https:\/\/barbarosa.ro\/index.php?rest_route=\/wp\/v2\/product\/1651\/revisions"}],"predecessor-version":[{"id":15847,"href":"https:\/\/barbarosa.ro\/index.php?rest_route=\/wp\/v2\/product\/1651\/revisions\/15847"}],"wp:featuredmedia":[{"embeddable":true,"href":"https:\/\/barbarosa.ro\/index.php?rest_route=\/wp\/v2\/media\/2486"}],"wp:attachment":[{"href":"https:\/\/barbarosa.ro\/index.php?rest_route=%2Fwp%2Fv2%2Fmedia&parent=1651"}],"wp:term":[{"taxonomy":"product_brand","embeddable":true,"href":"https:\/\/barbarosa.ro\/index.php?rest_route=%2Fwp%2Fv2%2Fproduct_brand&post=1651"},{"taxonomy":"product_cat","embeddable":true,"href":"https:\/\/barbarosa.ro\/index.php?rest_route=%2Fwp%2Fv2%2Fproduct_cat&post=1651"},{"taxonomy":"product_tag","embeddable":true,"href":"https:\/\/barbarosa.ro\/index.php?rest_route=%2Fwp%2Fv2%2Fproduct_tag&post=1651"}],"curies":[{"name":"wp","href":"https:\/\/api.w.org\/{rel}","templated":true}]}}