{"id":1673,"date":"2025-03-21T19:21:04","date_gmt":"2025-03-21T17:21:04","guid":{"rendered":"https:\/\/barbarosa.ro\/?product=untura-de-porc-bazna"},"modified":"2025-12-01T20:02:19","modified_gmt":"2025-12-01T18:02:19","slug":"untura-de-porc-bazna","status":"publish","type":"product","link":"https:\/\/barbarosa.ro\/?product=untura-de-porc-bazna","title":{"rendered":"Untura de porc Bazna 800gr"},"content":{"rendered":"<p>Untur\u0103 de porc Bazna \u2013 autentic\u0103, natural\u0103 \u0219i plin\u0103 de savoare.<\/p>\n<p>Ob\u021binut\u0103 din porci crescu\u021bi tradi\u021bional, f\u0103r\u0103 adaosuri artificiale, untura de Bazna este un ingredient versatil \u00een buc\u0103t\u0103rie.<\/p>\n<p>Perfect\u0103 pentru g\u0103titul lent al preparatelor tradi\u021bionale, pr\u0103jirea cartofilor sau rumenirea c\u0103rnii, aceasta adaug\u0103 un gust bogat \u0219i o textur\u0103 fraged\u0103.<\/p>\n<p>Ideal\u0103 \u0219i pentru aluaturi fragede, cum ar fi pl\u0103cintele sau fursecurile, untura de porc Bazna p\u0103streaz\u0103 aromele autentice ale buc\u0103t\u0103riei rom\u00e2ne\u0219ti.<\/p>\n","protected":false},"excerpt":{"rendered":"<p>Untur\u0103 de porc Bazna \u2013 autentic\u0103, natural\u0103 \u0219i plin\u0103 de savoare.<\/p>\n<p>Ob\u021binut\u0103 din porci crescu\u021bi tradi\u021bional, f\u0103r\u0103 adaosuri artificiale, untura de Bazna este un ingredient versatil \u00een buc\u0103t\u0103rie.<\/p>\n<p>Perfect\u0103 pentru g\u0103titul lent al preparatelor tradi\u021bionale, pr\u0103jirea cartofilor sau rumenirea c\u0103rnii, aceasta adaug\u0103 un gust bogat \u0219i o textur\u0103 fraged\u0103.<\/p>\n<p>Ideal\u0103 \u0219i pentru aluaturi fragede, cum ar fi pl\u0103cintele sau fursecurile, untura de porc Bazna p\u0103streaz\u0103 aromele autentice ale buc\u0103t\u0103riei rom\u00e2ne\u0219ti.<\/p>\n","protected":false},"featured_media":2556,"comment_status":"closed","ping_status":"closed","template":"","meta":[],"product_brand":[168],"product_cat":[106],"product_tag":[95,96,102,194],"class_list":{"0":"post-1673","1":"product","2":"type-product","3":"status-publish","4":"has-post-thumbnail","6":"product_brand-ferma-de-angus-bazna","7":"product_cat-porc","8":"product_tag-bazna","9":"product_tag-porc-bazna","10":"product_tag-produs-traditional","11":"product_tag-sarmale","13":"first","14":"instock","15":"featured","16":"taxable","17":"shipping-taxable","18":"purchasable","19":"product-type-simple"},"jetpack_sharing_enabled":true,"_links":{"self":[{"href":"https:\/\/barbarosa.ro\/index.php?rest_route=\/wp\/v2\/product\/1673","targetHints":{"allow":["GET"]}}],"collection":[{"href":"https:\/\/barbarosa.ro\/index.php?rest_route=\/wp\/v2\/product"}],"about":[{"href":"https:\/\/barbarosa.ro\/index.php?rest_route=\/wp\/v2\/types\/product"}],"replies":[{"embeddable":true,"href":"https:\/\/barbarosa.ro\/index.php?rest_route=%2Fwp%2Fv2%2Fcomments&post=1673"}],"version-history":[{"count":6,"href":"https:\/\/barbarosa.ro\/index.php?rest_route=\/wp\/v2\/product\/1673\/revisions"}],"predecessor-version":[{"id":12033,"href":"https:\/\/barbarosa.ro\/index.php?rest_route=\/wp\/v2\/product\/1673\/revisions\/12033"}],"wp:featuredmedia":[{"embeddable":true,"href":"https:\/\/barbarosa.ro\/index.php?rest_route=\/wp\/v2\/media\/2556"}],"wp:attachment":[{"href":"https:\/\/barbarosa.ro\/index.php?rest_route=%2Fwp%2Fv2%2Fmedia&parent=1673"}],"wp:term":[{"taxonomy":"product_brand","embeddable":true,"href":"https:\/\/barbarosa.ro\/index.php?rest_route=%2Fwp%2Fv2%2Fproduct_brand&post=1673"},{"taxonomy":"product_cat","embeddable":true,"href":"https:\/\/barbarosa.ro\/index.php?rest_route=%2Fwp%2Fv2%2Fproduct_cat&post=1673"},{"taxonomy":"product_tag","embeddable":true,"href":"https:\/\/barbarosa.ro\/index.php?rest_route=%2Fwp%2Fv2%2Fproduct_tag&post=1673"}],"curies":[{"name":"wp","href":"https:\/\/api.w.org\/{rel}","templated":true}]}}