{"id":1846,"date":"2025-04-14T15:32:56","date_gmt":"2025-04-14T12:32:56","guid":{"rendered":"https:\/\/barbarosa.ro\/?post_type=product&#038;p=1846"},"modified":"2025-12-28T20:40:10","modified_gmt":"2025-12-28T18:40:10","slug":"carnati-proaspeti-grosi","status":"publish","type":"product","link":"https:\/\/barbarosa.ro\/?product=carnati-proaspeti-grosi","title":{"rendered":"Carnati macelaresti porc Bazna (proaspeti)"},"content":{"rendered":"<p data-start=\"176\" data-end=\"552\">C\u00e2rna\u021bii m\u0103cel\u0103re\u0219ti din porc Bazna sunt un produs proasp\u0103t, artizanal, ob\u021binut din carne atent selec\u021bionat\u0103 de porc Bazna, recunoscut\u0103 pentru fr\u0103gezime, suculen\u021b\u0103 \u0219i gustul s\u0103u bogat. Re\u021beta respect\u0103 stilul clasic de m\u0103cel\u0103rie rom\u00e2neasc\u0103, cu un echilibru corect \u00eentre carne \u0219i gr\u0103sime, asezonat\u0103 simplu \u0219i curat, astfel \u00eenc\u00e2t aroma natural\u0103 a c\u0103rnii s\u0103 fie elementul central.<\/p>\n<p data-start=\"554\" data-end=\"829\">Textura este fraged\u0103 \u0219i suculent\u0103, iar gustul este intens, rotund \u0219i autentic, specific c\u00e2rna\u021bilor proaspe\u021bi de calitate. Sunt ideali pentru g\u0103tire la tigaie, gr\u0103tar sau cuptor, dar \u0219i pentru preparate tradi\u021bionale consistente, al\u0103turi de cartofi, varz\u0103, fasole sau m\u0103m\u0103lig\u0103.<\/p>\n<p data-start=\"831\" data-end=\"1101\"><strong data-start=\"831\" data-end=\"843\">Pairing:<\/strong> se potrivesc excelent cu vinuri ro\u0219ii tinere (Feteasc\u0103 Neagr\u0103, B\u0103beasc\u0103 Neagr\u0103), vinuri albe cu structur\u0103 (Feteasc\u0103 Alb\u0103, Chardonnay nebaricat) sau bere blond\u0103 artizanal\u0103. Se completeaz\u0103 foarte bine cu mu\u0219tar clasic, mur\u0103turi sau salate cu aciditate u\u0219oar\u0103.<\/p>\n<p data-start=\"1103\" data-end=\"1277\"><strong data-start=\"1103\" data-end=\"1119\">Ingrediente:<\/strong> carne de porc Bazna, sare, piper, condimente naturale, usturoi, membran\u0103 natural\u0103 comestibil\u0103.<\/p>\n<p data-start=\"1103\" data-end=\"1277\"><br data-start=\"1214\" data-end=\"1217\" \/>Produs proasp\u0103t, f\u0103r\u0103 conservan\u021bi, f\u0103r\u0103 aditivi, f\u0103r\u0103 E-uri.<\/p>\n<p>Greutate: ~ 200 gr\/buc<\/p>\n<p>&nbsp;<\/p>\n<p>Valoare energetica (kJ\/ kcal): 1320.5\/313.22<\/p>\n<p>Grasimi (gr): 27.32g, din care acizi grasi saturati (gr): 20.4<\/p>\n<p>Glucide (gr): 1.3g, din care zaharuri (gr): 0.6<\/p>\n<p>Proteine (gr): 16.24<\/p>\n<p>Sare (gr): 1.3<\/p>\n","protected":false},"excerpt":{"rendered":"<p data-start=\"176\" data-end=\"552\">C\u00e2rna\u021bii m\u0103cel\u0103re\u0219ti din porc Bazna sunt un produs proasp\u0103t, artizanal, ob\u021binut din carne atent selec\u021bionat\u0103 de porc Bazna, recunoscut\u0103 pentru fr\u0103gezime, suculen\u021b\u0103 \u0219i gustul s\u0103u bogat. Re\u021beta respect\u0103 stilul clasic de m\u0103cel\u0103rie rom\u00e2neasc\u0103, cu un echilibru corect \u00eentre carne \u0219i gr\u0103sime, asezonat\u0103 simplu \u0219i curat, astfel \u00eenc\u00e2t aroma natural\u0103 a c\u0103rnii s\u0103 fie elementul central.<\/p>\n<p data-start=\"554\" data-end=\"829\">Textura este fraged\u0103 \u0219i suculent\u0103, iar gustul este intens, rotund \u0219i autentic, specific c\u00e2rna\u021bilor proaspe\u021bi de calitate. Sunt ideali pentru g\u0103tire la tigaie, gr\u0103tar sau cuptor, dar \u0219i pentru preparate tradi\u021bionale consistente, al\u0103turi de cartofi, varz\u0103, fasole sau m\u0103m\u0103lig\u0103.<\/p>\n<p data-start=\"831\" data-end=\"1101\"><strong data-start=\"831\" data-end=\"843\">Pairing:<\/strong> se potrivesc excelent cu vinuri ro\u0219ii tinere (Feteasc\u0103 Neagr\u0103, B\u0103beasc\u0103 Neagr\u0103), vinuri albe cu structur\u0103 (Feteasc\u0103 Alb\u0103, Chardonnay nebaricat) sau bere blond\u0103 artizanal\u0103. Se completeaz\u0103 foarte bine cu mu\u0219tar clasic, mur\u0103turi sau salate cu aciditate u\u0219oar\u0103.<\/p>\n<p data-start=\"1103\" data-end=\"1277\"><strong data-start=\"1103\" data-end=\"1119\">Ingrediente:<\/strong> carne de porc Bazna, sare, piper, condimente naturale, usturoi, membran\u0103 natural\u0103 comestibil\u0103.<\/p>\n<p data-start=\"1103\" data-end=\"1277\"><br data-start=\"1214\" data-end=\"1217\" \/>Produs proasp\u0103t, f\u0103r\u0103 conservan\u021bi, f\u0103r\u0103 aditivi, f\u0103r\u0103 E-uri.<\/p>\n<p>Greutate: ~ 200 gr\/buc<\/p>\n<p>&nbsp;<\/p>\n<p>Valoare energetica (kJ\/ kcal): 1320.5\/313.22<\/p>\n<p>Grasimi (gr): 27.32g, din care acizi grasi saturati (gr): 20.4<\/p>\n<p>Glucide (gr): 1.3g, din care zaharuri (gr): 0.6<\/p>\n<p>Proteine (gr): 16.24<\/p>\n<p>Sare (gr): 1.3<\/p>\n","protected":false},"featured_media":15762,"comment_status":"closed","ping_status":"closed","template":"","meta":[],"product_brand":[168],"product_cat":[86,106],"product_tag":[],"class_list":{"0":"post-1846","1":"product","2":"type-product","3":"status-publish","4":"has-post-thumbnail","6":"product_brand-ferma-de-angus-bazna","7":"product_cat-carnati","8":"product_cat-porc","10":"first","11":"instock","12":"featured","13":"taxable","14":"shipping-taxable","15":"purchasable","16":"product-type-simple"},"jetpack_sharing_enabled":true,"_links":{"self":[{"href":"https:\/\/barbarosa.ro\/index.php?rest_route=\/wp\/v2\/product\/1846","targetHints":{"allow":["GET"]}}],"collection":[{"href":"https:\/\/barbarosa.ro\/index.php?rest_route=\/wp\/v2\/product"}],"about":[{"href":"https:\/\/barbarosa.ro\/index.php?rest_route=\/wp\/v2\/types\/product"}],"replies":[{"embeddable":true,"href":"https:\/\/barbarosa.ro\/index.php?rest_route=%2Fwp%2Fv2%2Fcomments&post=1846"}],"version-history":[{"count":14,"href":"https:\/\/barbarosa.ro\/index.php?rest_route=\/wp\/v2\/product\/1846\/revisions"}],"predecessor-version":[{"id":15768,"href":"https:\/\/barbarosa.ro\/index.php?rest_route=\/wp\/v2\/product\/1846\/revisions\/15768"}],"wp:featuredmedia":[{"embeddable":true,"href":"https:\/\/barbarosa.ro\/index.php?rest_route=\/wp\/v2\/media\/15762"}],"wp:attachment":[{"href":"https:\/\/barbarosa.ro\/index.php?rest_route=%2Fwp%2Fv2%2Fmedia&parent=1846"}],"wp:term":[{"taxonomy":"product_brand","embeddable":true,"href":"https:\/\/barbarosa.ro\/index.php?rest_route=%2Fwp%2Fv2%2Fproduct_brand&post=1846"},{"taxonomy":"product_cat","embeddable":true,"href":"https:\/\/barbarosa.ro\/index.php?rest_route=%2Fwp%2Fv2%2Fproduct_cat&post=1846"},{"taxonomy":"product_tag","embeddable":true,"href":"https:\/\/barbarosa.ro\/index.php?rest_route=%2Fwp%2Fv2%2Fproduct_tag&post=1846"}],"curies":[{"name":"wp","href":"https:\/\/api.w.org\/{rel}","templated":true}]}}