{"id":9777,"date":"2025-05-31T14:23:15","date_gmt":"2025-05-31T11:23:15","guid":{"rendered":"https:\/\/barbarosa.ro\/?product=torreznos-de-soria-moreno-saez"},"modified":"2026-01-17T19:20:24","modified_gmt":"2026-01-17T17:20:24","slug":"torreznos-de-soria-moreno-saez","status":"publish","type":"product","link":"https:\/\/barbarosa.ro\/?product=torreznos-de-soria-moreno-saez","title":{"rendered":"Torreznos de Soria porc Iberic"},"content":{"rendered":"<p>Torreznos de Soria porc Iberic este un preparat tradi\u021bional spaniol, realizat artizanal din piept de porc atent selec\u021bionat, maturat \u0219i pr\u0103jit pentru a ob\u021bine o crust\u0103 crocant\u0103 \u0219i un miez fraged, suculent. Re\u021beta autentic\u0103 provine din regiunea Soria, fiind p\u0103strat\u0103 neschimbat\u0103 de genera\u021bii \u00eentregi, cu respect pentru calitate \u0219i gustul originar.<\/p>\n<p>Torreznos de Soria porc Iberic este ideal ca aperitiv cald sau rece, dar \u0219i \u00een preparate precum omlete rustice, cartofi pr\u0103ji\u021bi cu ou\u0103 ochiuri, sandvi\u0219uri calde sau toc\u0103ni\u021be. Poate \u00eenso\u021bi o mas\u0103 rustic\u0103 sau un platou de mezeluri \u0219i legume coapte.<\/p>\n<p>Torreznos de Soria porc Iberic este un produs 100% natural, f\u0103r\u0103 E-uri, f\u0103r\u0103 conservan\u021bi \u0219i f\u0103r\u0103 aditivi. Este realizat \u00een loturi mici din carne de porc provenit\u0103 de la animale crescute natural, asezonat\u0103 doar cu sare \u0219i condimente naturale.<\/p>\n<p>Cutia are o greutate de ~1.300 gr<\/p>\n<p>Se potrive\u0219te perfect cu o bere artizanal\u0103 blond\u0103, u\u0219or am\u0103ruie, care s\u0103 echilibreze gustul intens \u0219i textura crocant\u0103 a torreznosului.<\/p>\n<p>Ingrediente: piept de porc, sare, boia.<\/p>\n<p>Valoare energetic\u0103 (kJ\/ kcal): 1647 \/ 397<\/p>\n<p>Gr\u0103simi (gr): 33<\/p>\n<p>din care acizi gra\u0219i satura\u021bi (gr): 12.7<\/p>\n<p>Glucide (gr): 0.3<\/p>\n<p>din care zaharuri (gr): 0.1<\/p>\n<p>Proteine (gr): 24.5<\/p>\n<p>Sare (gr): 2.7<\/p>\n<p>Alergeni: nu con\u021bine<\/p>\n","protected":false},"excerpt":{"rendered":"<p>Torreznos de Soria este un preparat tradi\u021bional spaniol, realizat artizanal din piept de porc atent selec\u021bionat, maturat \u0219i pr\u0103jit pentru a ob\u021bine o crust\u0103 crocant\u0103 \u0219i un miez fraged, suculent. Re\u021beta autentic\u0103 provine din regiunea Soria, fiind p\u0103strat\u0103 neschimbat\u0103 de genera\u021bii \u00eentregi, cu respect pentru calitate \u0219i gustul originar.<\/p>\n<p>Este ideal ca aperitiv cald sau rece, dar \u0219i \u00een preparate precum omlete rustice, cartofi pr\u0103ji\u021bi cu ou\u0103 ochiuri, sandvi\u0219uri calde sau toc\u0103ni\u021be. Poate \u00eenso\u021bi o mas\u0103 rustic\u0103 sau un platou de mezeluri \u0219i legume coapte.<\/p>\n<p>Este un produs 100% natural, f\u0103r\u0103 E-uri, f\u0103r\u0103 conservan\u021bi \u0219i f\u0103r\u0103 aditivi. Este realizat \u00een loturi mici din carne de porc provenit\u0103 de la animale crescute natural, asezonat\u0103 doar cu sare \u0219i condimente naturale.<\/p>\n<p>Cutia are o greutate de ~1.300 gr<\/p>\n<p>Se potrive\u0219te perfect cu o bere artizanal\u0103 blond\u0103, u\u0219or am\u0103ruie, care s\u0103 echilibreze gustul intens \u0219i textura crocant\u0103 a torreznosului.<\/p>\n<p>Ingrediente: piept de porc, sare, boia.<\/p>\n<p>Valoare energetic\u0103 (kJ\/ kcal): 1647 \/ 397<\/p>\n<p>Gr\u0103simi (gr): 33<\/p>\n<p>din care acizi gra\u0219i satura\u021bi (gr): 12.7<\/p>\n<p>Glucide (gr): 0.3<\/p>\n<p>din care zaharuri (gr): 0.1<\/p>\n<p>Proteine (gr): 24.5<\/p>\n<p>Sare (gr): 2.7<\/p>\n<p>Alergeni: nu con\u021bine<\/p>\n","protected":false},"featured_media":9819,"comment_status":"closed","ping_status":"closed","template":"","meta":[],"product_brand":[177],"product_cat":[174],"product_tag":[],"class_list":{"0":"post-9777","1":"product","2":"type-product","3":"status-publish","4":"has-post-thumbnail","6":"product_brand-international-lrm","7":"product_cat-international","9":"first","10":"instock","11":"featured","12":"taxable","13":"shipping-taxable","14":"purchasable","15":"product-type-simple"},"jetpack_sharing_enabled":true,"_links":{"self":[{"href":"https:\/\/barbarosa.ro\/index.php?rest_route=\/wp\/v2\/product\/9777","targetHints":{"allow":["GET"]}}],"collection":[{"href":"https:\/\/barbarosa.ro\/index.php?rest_route=\/wp\/v2\/product"}],"about":[{"href":"https:\/\/barbarosa.ro\/index.php?rest_route=\/wp\/v2\/types\/product"}],"replies":[{"embeddable":true,"href":"https:\/\/barbarosa.ro\/index.php?rest_route=%2Fwp%2Fv2%2Fcomments&post=9777"}],"version-history":[{"count":11,"href":"https:\/\/barbarosa.ro\/index.php?rest_route=\/wp\/v2\/product\/9777\/revisions"}],"predecessor-version":[{"id":15916,"href":"https:\/\/barbarosa.ro\/index.php?rest_route=\/wp\/v2\/product\/9777\/revisions\/15916"}],"wp:featuredmedia":[{"embeddable":true,"href":"https:\/\/barbarosa.ro\/index.php?rest_route=\/wp\/v2\/media\/9819"}],"wp:attachment":[{"href":"https:\/\/barbarosa.ro\/index.php?rest_route=%2Fwp%2Fv2%2Fmedia&parent=9777"}],"wp:term":[{"taxonomy":"product_brand","embeddable":true,"href":"https:\/\/barbarosa.ro\/index.php?rest_route=%2Fwp%2Fv2%2Fproduct_brand&post=9777"},{"taxonomy":"product_cat","embeddable":true,"href":"https:\/\/barbarosa.ro\/index.php?rest_route=%2Fwp%2Fv2%2Fproduct_cat&post=9777"},{"taxonomy":"product_tag","embeddable":true,"href":"https:\/\/barbarosa.ro\/index.php?rest_route=%2Fwp%2Fv2%2Fproduct_tag&post=9777"}],"curies":[{"name":"wp","href":"https:\/\/api.w.org\/{rel}","templated":true}]}}