{"id":9779,"date":"2025-05-31T14:23:18","date_gmt":"2025-05-31T11:23:18","guid":{"rendered":"https:\/\/barbarosa.ro\/?product=sprink-spray-spray-de-tavi"},"modified":"2025-12-21T21:25:12","modified_gmt":"2025-12-21T19:25:12","slug":"sprink-spray-spray-de-tavi","status":"publish","type":"product","link":"https:\/\/barbarosa.ro\/?product=sprink-spray-spray-de-tavi","title":{"rendered":"Sprink Spray (Spray cu ulei)"},"content":{"rendered":"<p>Sprink Spray este un ulei vegetal pulverizat, ideal pentru ungerea uniform\u0103 a t\u0103vilor, tig\u0103ilor sau gr\u0103tarelor, f\u0103r\u0103 risip\u0103 \u0219i f\u0103r\u0103 surplus de gr\u0103sime. Asigur\u0103 o acoperire fin\u0103, previne lipirea alimentelor \u0219i faciliteaz\u0103 cur\u0103\u021barea rapid\u0103 a vaselor dup\u0103 utilizare.<\/p>\n<p>Este solu\u021bia perfect\u0103 pentru g\u0103tit s\u0103n\u0103tos \u0219i eficient, economisind timp \u0219i cantitate de ulei. Formula sa permite controlul precis al dozajului, f\u0103r\u0103 aerosoli nocivi sau mirosuri artificiale.<\/p>\n<p>Ingrediente: ulei vegetal (floarea-soarelui).<\/p>\n<p>Valoare energetic\u0103 (kJ\/ kcal): 3404 \/ 828<\/p>\n<p>Gr\u0103simi (gr): 92<\/p>\n<p>din care acizi gra\u0219i satura\u021bi (gr): 10<\/p>\n<p>Glucide (gr): 0<\/p>\n<p>din care zaharuri (gr): 0<\/p>\n<p>Proteine (gr): 0<\/p>\n<p>Sare (gr): 0<\/p>\n<p>Alergeni: con\u021bine soia<\/p>\n","protected":false},"excerpt":{"rendered":"<p>Sprink Spray este un ulei vegetal pulverizat, ideal pentru ungerea uniform\u0103 a t\u0103vilor, tig\u0103ilor sau gr\u0103tarelor, f\u0103r\u0103 risip\u0103 \u0219i f\u0103r\u0103 surplus de gr\u0103sime. Asigur\u0103 o acoperire fin\u0103, previne lipirea alimentelor \u0219i faciliteaz\u0103 cur\u0103\u021barea rapid\u0103 a vaselor dup\u0103 utilizare.<\/p>\n<p>Este solu\u021bia perfect\u0103 pentru g\u0103tit s\u0103n\u0103tos \u0219i eficient, economisind timp \u0219i cantitate de ulei. Formula sa permite controlul precis al dozajului, f\u0103r\u0103 aerosoli nocivi sau mirosuri artificiale.<\/p>\n<p>Ingrediente: ulei vegetal (floarea-soarelui).<\/p>\n<p>Valoare energetic\u0103 (kJ\/ kcal): 3404 \/ 828<\/p>\n<p>Gr\u0103simi (gr): 92<\/p>\n<p>din care acizi gra\u0219i satura\u021bi (gr): 10<\/p>\n<p>Glucide (gr): 0<\/p>\n<p>din care zaharuri (gr): 0<\/p>\n<p>Proteine (gr): 0<\/p>\n<p>Sare (gr): 0<\/p>\n<p>Alergeni: con\u021bine soia<\/p>\n","protected":false},"featured_media":9871,"comment_status":"closed","ping_status":"closed","template":"","meta":[],"product_brand":[177],"product_cat":[176],"product_tag":[],"class_list":{"0":"post-9779","1":"product","2":"type-product","3":"status-publish","4":"has-post-thumbnail","6":"product_brand-international-lrm","7":"product_cat-ulei-otet","9":"first","10":"instock","11":"featured","12":"taxable","13":"shipping-taxable","14":"purchasable","15":"product-type-simple"},"jetpack_sharing_enabled":true,"_links":{"self":[{"href":"https:\/\/barbarosa.ro\/index.php?rest_route=\/wp\/v2\/product\/9779","targetHints":{"allow":["GET"]}}],"collection":[{"href":"https:\/\/barbarosa.ro\/index.php?rest_route=\/wp\/v2\/product"}],"about":[{"href":"https:\/\/barbarosa.ro\/index.php?rest_route=\/wp\/v2\/types\/product"}],"replies":[{"embeddable":true,"href":"https:\/\/barbarosa.ro\/index.php?rest_route=%2Fwp%2Fv2%2Fcomments&post=9779"}],"version-history":[{"count":5,"href":"https:\/\/barbarosa.ro\/index.php?rest_route=\/wp\/v2\/product\/9779\/revisions"}],"predecessor-version":[{"id":12145,"href":"https:\/\/barbarosa.ro\/index.php?rest_route=\/wp\/v2\/product\/9779\/revisions\/12145"}],"wp:featuredmedia":[{"embeddable":true,"href":"https:\/\/barbarosa.ro\/index.php?rest_route=\/wp\/v2\/media\/9871"}],"wp:attachment":[{"href":"https:\/\/barbarosa.ro\/index.php?rest_route=%2Fwp%2Fv2%2Fmedia&parent=9779"}],"wp:term":[{"taxonomy":"product_brand","embeddable":true,"href":"https:\/\/barbarosa.ro\/index.php?rest_route=%2Fwp%2Fv2%2Fproduct_brand&post=9779"},{"taxonomy":"product_cat","embeddable":true,"href":"https:\/\/barbarosa.ro\/index.php?rest_route=%2Fwp%2Fv2%2Fproduct_cat&post=9779"},{"taxonomy":"product_tag","embeddable":true,"href":"https:\/\/barbarosa.ro\/index.php?rest_route=%2Fwp%2Fv2%2Fproduct_tag&post=9779"}],"curies":[{"name":"wp","href":"https:\/\/api.w.org\/{rel}","templated":true}]}}