{"id":9780,"date":"2025-05-31T14:23:19","date_gmt":"2025-05-31T11:23:19","guid":{"rendered":"https:\/\/barbarosa.ro\/?product=ulei-masline-extra-virgin-aenaon-3l-pdo"},"modified":"2025-12-21T21:24:56","modified_gmt":"2025-12-21T19:24:56","slug":"ulei-masline-extra-virgin-aenaon-3l-pdo","status":"publish","type":"product","link":"https:\/\/barbarosa.ro\/?product=ulei-masline-extra-virgin-aenaon-3l-pdo","title":{"rendered":"Ulei Masline Extra Virgin Aenaon 3L PDO"},"content":{"rendered":"<p>Uleiul de m\u0103sline extravirgin Aenaon este un produs premium ob\u021binut exclusiv prin presare la rece, din m\u0103sline Koroneiki recoltate manual \u00een regiunea Messara, Creta \u2014 recunoscut\u0103 oficial cu Denumire de Origine Protejat\u0103 (PDO). Este un ulei cu aciditate foarte sc\u0103zut\u0103, culoare intens\u0103 \u0219i arom\u0103 echilibrat\u0103 de fruct verde \u0219i ierburi proaspete.<\/p>\n<p>Este ideal pentru salate, legume la gr\u0103tar, paste, pe\u0219te sau carne alb\u0103, dar \u0219i pentru a definitiva preparatele mediteraneene exact \u00eenainte de servire. Notele sale proaspete \u0219i textura catifelat\u0103 \u00eel recomand\u0103 at\u00e2t pentru uz casnic, c\u00e2t \u0219i pentru gastronomie profesional\u0103.<\/p>\n<p>Este un produs 100% natural, f\u0103r\u0103 aditivi, ob\u021binut doar prin metode mecanice. Se ambaleaz\u0103 \u00een condi\u021bii controlate, \u00een ambalaj metalic de 3L care protejeaz\u0103 calitatea \u0219i propriet\u0103\u021bile antioxidante ale uleiului.<\/p>\n<p>Ingrediente: ulei de m\u0103sline extravirgin Koroneiki (presat la rece), origine: Grecia (PDO Messara \u2013 Creta).<\/p>\n<p>Valoare energetic\u0103 (kJ\/ kcal): 3389 \/ 824<\/p>\n<p>Gr\u0103simi (gr): 91,6<\/p>\n<p>din care acizi gra\u0219i satura\u021bi (gr): 13<\/p>\n<p>Glucide (gr): 0<\/p>\n<p>din care zaharuri (gr): 0<\/p>\n<p>Proteine (gr): 0<\/p>\n<p>Sare (gr): 0<\/p>\n<p>Alergeni: nu con\u021bine<\/p>\n","protected":false},"excerpt":{"rendered":"<p>Uleiul de m\u0103sline extravirgin Aenaon este un produs premium ob\u021binut exclusiv prin presare la rece, din m\u0103sline Koroneiki recoltate manual \u00een regiunea Messara, Creta \u2014 recunoscut\u0103 oficial cu Denumire de Origine Protejat\u0103 (PDO). Este un ulei cu aciditate foarte sc\u0103zut\u0103, culoare intens\u0103 \u0219i arom\u0103 echilibrat\u0103 de fruct verde \u0219i ierburi proaspete.<\/p>\n<p>Este ideal pentru salate, legume la gr\u0103tar, paste, pe\u0219te sau carne alb\u0103, dar \u0219i pentru a definitiva preparatele mediteraneene exact \u00eenainte de servire. Notele sale proaspete \u0219i textura catifelat\u0103 \u00eel recomand\u0103 at\u00e2t pentru uz casnic, c\u00e2t \u0219i pentru gastronomie profesional\u0103.<\/p>\n<p>Este un produs 100% natural, f\u0103r\u0103 aditivi, ob\u021binut doar prin metode mecanice. Se ambaleaz\u0103 \u00een condi\u021bii controlate, \u00een ambalaj metalic de 3L care protejeaz\u0103 calitatea \u0219i propriet\u0103\u021bile antioxidante ale uleiului.<\/p>\n<p>Ingrediente: ulei de m\u0103sline extravirgin Koroneiki (presat la rece), origine: Grecia (PDO Messara \u2013 Creta).<\/p>\n<p>Valoare energetic\u0103 (kJ\/ kcal): 3389 \/ 824<\/p>\n<p>Gr\u0103simi (gr): 91,6<\/p>\n<p>din care acizi gra\u0219i satura\u021bi (gr): 13<\/p>\n<p>Glucide (gr): 0<\/p>\n<p>din care zaharuri (gr): 0<\/p>\n<p>Proteine (gr): 0<\/p>\n<p>Sare (gr): 0<\/p>\n<p>Alergeni: nu con\u021bine<\/p>\n","protected":false},"featured_media":9814,"comment_status":"closed","ping_status":"closed","template":"","meta":[],"product_brand":[177],"product_cat":[176],"product_tag":[],"class_list":{"0":"post-9780","1":"product","2":"type-product","3":"status-publish","4":"has-post-thumbnail","6":"product_brand-international-lrm","7":"product_cat-ulei-otet","9":"first","10":"instock","11":"featured","12":"taxable","13":"shipping-taxable","14":"purchasable","15":"product-type-simple"},"jetpack_sharing_enabled":true,"_links":{"self":[{"href":"https:\/\/barbarosa.ro\/index.php?rest_route=\/wp\/v2\/product\/9780","targetHints":{"allow":["GET"]}}],"collection":[{"href":"https:\/\/barbarosa.ro\/index.php?rest_route=\/wp\/v2\/product"}],"about":[{"href":"https:\/\/barbarosa.ro\/index.php?rest_route=\/wp\/v2\/types\/product"}],"replies":[{"embeddable":true,"href":"https:\/\/barbarosa.ro\/index.php?rest_route=%2Fwp%2Fv2%2Fcomments&post=9780"}],"version-history":[{"count":4,"href":"https:\/\/barbarosa.ro\/index.php?rest_route=\/wp\/v2\/product\/9780\/revisions"}],"predecessor-version":[{"id":12146,"href":"https:\/\/barbarosa.ro\/index.php?rest_route=\/wp\/v2\/product\/9780\/revisions\/12146"}],"wp:featuredmedia":[{"embeddable":true,"href":"https:\/\/barbarosa.ro\/index.php?rest_route=\/wp\/v2\/media\/9814"}],"wp:attachment":[{"href":"https:\/\/barbarosa.ro\/index.php?rest_route=%2Fwp%2Fv2%2Fmedia&parent=9780"}],"wp:term":[{"taxonomy":"product_brand","embeddable":true,"href":"https:\/\/barbarosa.ro\/index.php?rest_route=%2Fwp%2Fv2%2Fproduct_brand&post=9780"},{"taxonomy":"product_cat","embeddable":true,"href":"https:\/\/barbarosa.ro\/index.php?rest_route=%2Fwp%2Fv2%2Fproduct_cat&post=9780"},{"taxonomy":"product_tag","embeddable":true,"href":"https:\/\/barbarosa.ro\/index.php?rest_route=%2Fwp%2Fv2%2Fproduct_tag&post=9780"}],"curies":[{"name":"wp","href":"https:\/\/api.w.org\/{rel}","templated":true}]}}