{"id":9781,"date":"2025-05-31T14:23:20","date_gmt":"2025-05-31T11:23:20","guid":{"rendered":"https:\/\/barbarosa.ro\/?product=ulei-masline-extra-virgin-aenaon-1l-pdo"},"modified":"2025-12-21T21:24:43","modified_gmt":"2025-12-21T19:24:43","slug":"ulei-masline-extra-virgin-aenaon-1l-pdo","status":"publish","type":"product","link":"https:\/\/barbarosa.ro\/?product=ulei-masline-extra-virgin-aenaon-1l-pdo","title":{"rendered":"Ulei Masline Extra Virgin Aenaon 1L PDO"},"content":{"rendered":"<p>Uleiul de m\u0103sline extravirgin Aenaon este un produs premium ob\u021binut exclusiv prin presare la rece, din m\u0103sline Koroneiki recoltate manual \u00een regiunea Messara, Creta \u2014 recunoscut\u0103 oficial cu Denumire de Origine Protejat\u0103 (PDO). Are o aciditate natural sc\u0103zut\u0103, culoare verde-aurie \u0219i arome echilibrate de m\u0103sline proaspete \u0219i ierburi mediteraneene.<\/p>\n<p>Este ideal pentru salate, bruschete, legume la gr\u0103tar, pe\u0219te sau carne alb\u0103, dar \u0219i pentru a definitiva preparatele mediteraneene exact \u00eenainte de servire. Aduce un plus de savoare \u0219i beneficii pentru s\u0103n\u0103tate \u00een orice buc\u0103t\u0103rie, fie casnic\u0103 sau profesional\u0103.<\/p>\n<p>Este un produs 100% natural, f\u0103r\u0103 aditivi, ob\u021binut doar prin metode mecanice. Se ambaleaz\u0103 \u00een sticl\u0103 de 1L care protejeaz\u0103 uleiul de lumin\u0103 \u0219i p\u0103streaz\u0103 propriet\u0103\u021bile sale antioxidante.<\/p>\n<p>Ingrediente: ulei de m\u0103sline extravirgin Koroneiki (presat la rece), origine: Grecia (PDO Messara \u2013 Creta).<\/p>\n<p>Valoare energetic\u0103 (kJ\/ kcal): 3389 \/ 824<\/p>\n<p>Gr\u0103simi (gr): 91,6<\/p>\n<p>din care acizi gra\u0219i satura\u021bi (gr): 13<\/p>\n<p>Glucide (gr): 0<\/p>\n<p>din care zaharuri (gr): 0<\/p>\n<p>Proteine (gr): 0<\/p>\n<p>Sare (gr): 0<\/p>\n<p>Alergeni: nu con\u021bine<\/p>\n","protected":false},"excerpt":{"rendered":"<p>Uleiul de m\u0103sline extravirgin Aenaon este un produs premium ob\u021binut exclusiv prin presare la rece, din m\u0103sline Koroneiki recoltate manual \u00een regiunea Messara, Creta \u2014 recunoscut\u0103 oficial cu Denumire de Origine Protejat\u0103 (PDO). Are o aciditate natural sc\u0103zut\u0103, culoare verde-aurie \u0219i arome echilibrate de m\u0103sline proaspete \u0219i ierburi mediteraneene.<\/p>\n<p>Este ideal pentru salate, bruschete, legume la gr\u0103tar, pe\u0219te sau carne alb\u0103, dar \u0219i pentru a definitiva preparatele mediteraneene exact \u00eenainte de servire. Aduce un plus de savoare \u0219i beneficii pentru s\u0103n\u0103tate \u00een orice buc\u0103t\u0103rie, fie casnic\u0103 sau profesional\u0103.<\/p>\n<p>Este un produs 100% natural, f\u0103r\u0103 aditivi, ob\u021binut doar prin metode mecanice. Se ambaleaz\u0103 \u00een sticl\u0103 de 1L care protejeaz\u0103 uleiul de lumin\u0103 \u0219i p\u0103streaz\u0103 propriet\u0103\u021bile sale antioxidante.<\/p>\n<p>Ingrediente: ulei de m\u0103sline extravirgin Koroneiki (presat la rece), origine: Grecia (PDO Messara \u2013 Creta).<\/p>\n<p>Valoare energetic\u0103 (kJ\/ kcal): 3389 \/ 824<\/p>\n<p>Gr\u0103simi (gr): 91,6<\/p>\n<p>din care acizi gra\u0219i satura\u021bi (gr): 13<\/p>\n<p>Glucide (gr): 0<\/p>\n<p>din care zaharuri (gr): 0<\/p>\n<p>Proteine (gr): 0<\/p>\n<p>Sare (gr): 0<\/p>\n<p>Alergeni: nu con\u021bine<\/p>\n","protected":false},"featured_media":9813,"comment_status":"closed","ping_status":"closed","template":"","meta":[],"product_brand":[177],"product_cat":[176],"product_tag":[],"class_list":{"0":"post-9781","1":"product","2":"type-product","3":"status-publish","4":"has-post-thumbnail","6":"product_brand-international-lrm","7":"product_cat-ulei-otet","9":"first","10":"instock","11":"featured","12":"taxable","13":"shipping-taxable","14":"purchasable","15":"product-type-simple"},"jetpack_sharing_enabled":true,"_links":{"self":[{"href":"https:\/\/barbarosa.ro\/index.php?rest_route=\/wp\/v2\/product\/9781","targetHints":{"allow":["GET"]}}],"collection":[{"href":"https:\/\/barbarosa.ro\/index.php?rest_route=\/wp\/v2\/product"}],"about":[{"href":"https:\/\/barbarosa.ro\/index.php?rest_route=\/wp\/v2\/types\/product"}],"replies":[{"embeddable":true,"href":"https:\/\/barbarosa.ro\/index.php?rest_route=%2Fwp%2Fv2%2Fcomments&post=9781"}],"version-history":[{"count":4,"href":"https:\/\/barbarosa.ro\/index.php?rest_route=\/wp\/v2\/product\/9781\/revisions"}],"predecessor-version":[{"id":12147,"href":"https:\/\/barbarosa.ro\/index.php?rest_route=\/wp\/v2\/product\/9781\/revisions\/12147"}],"wp:featuredmedia":[{"embeddable":true,"href":"https:\/\/barbarosa.ro\/index.php?rest_route=\/wp\/v2\/media\/9813"}],"wp:attachment":[{"href":"https:\/\/barbarosa.ro\/index.php?rest_route=%2Fwp%2Fv2%2Fmedia&parent=9781"}],"wp:term":[{"taxonomy":"product_brand","embeddable":true,"href":"https:\/\/barbarosa.ro\/index.php?rest_route=%2Fwp%2Fv2%2Fproduct_brand&post=9781"},{"taxonomy":"product_cat","embeddable":true,"href":"https:\/\/barbarosa.ro\/index.php?rest_route=%2Fwp%2Fv2%2Fproduct_cat&post=9781"},{"taxonomy":"product_tag","embeddable":true,"href":"https:\/\/barbarosa.ro\/index.php?rest_route=%2Fwp%2Fv2%2Fproduct_tag&post=9781"}],"curies":[{"name":"wp","href":"https:\/\/api.w.org\/{rel}","templated":true}]}}