{"id":9782,"date":"2025-05-31T14:23:21","date_gmt":"2025-05-31T11:23:21","guid":{"rendered":"https:\/\/barbarosa.ro\/?product=ulei-masline-extra-virgin-aenaon-500-ml-pdo"},"modified":"2025-12-21T21:24:26","modified_gmt":"2025-12-21T19:24:26","slug":"ulei-masline-extra-virgin-aenaon-500-ml-pdo","status":"publish","type":"product","link":"https:\/\/barbarosa.ro\/?product=ulei-masline-extra-virgin-aenaon-500-ml-pdo","title":{"rendered":"Ulei Masline Extra Virgin Aenaon 500 ML PDO"},"content":{"rendered":"<p>Uleiul de m\u0103sline extravirgin Aenaon este un ulei premium, ob\u021binut prin presare la rece exclusiv din m\u0103sline Koroneiki recoltate manual \u00een regiunea Messara, Creta \u2014 zon\u0103 protejat\u0103 cu Denumire de Origine (PDO). Are o aciditate sc\u0103zut\u0103, o textur\u0103 fin\u0103 \u0219i un gust echilibrat, cu note de fruct verde, migdale \u0219i ierburi proaspete.<\/p>\n<p>Este ideal pentru salate, carpaccio, preparate fine cu pe\u0219te sau legume, dar \u0219i ca adaos final peste paste, risotto sau hummus. Datorit\u0103 intensit\u0103\u021bii sale aromatice, este preferat \u00een buc\u0103t\u0103ria gourmet pentru finalizarea preparatelor cu elegan\u021b\u0103 \u0219i prospe\u021bime.<\/p>\n<p>Este un produs 100% natural, f\u0103r\u0103 aditivi, filtrat delicat \u0219i ambalat \u00een sticl\u0103 de 500 ml care protejeaz\u0103 con\u021binutul de lumin\u0103 \u0219i oxidare.<\/p>\n<p>Ingrediente: ulei de m\u0103sline extravirgin Koroneiki (presat la rece), origine: Grecia (PDO Messara \u2013 Creta).<\/p>\n<p>Valoare energetic\u0103 (kJ\/ kcal): 3389 \/ 824<\/p>\n<p>Gr\u0103simi (gr): 91,6<\/p>\n<p>din care acizi gra\u0219i satura\u021bi (gr): 13<\/p>\n<p>Glucide (gr): 0<\/p>\n<p>din care zaharuri (gr): 0<\/p>\n<p>Proteine (gr): 0<\/p>\n<p>Sare (gr): 0<\/p>\n<p>Alergeni: nu con\u021bine<\/p>\n","protected":false},"excerpt":{"rendered":"<p>Uleiul de m\u0103sline extravirgin Aenaon este un ulei premium, ob\u021binut prin presare la rece exclusiv din m\u0103sline Koroneiki recoltate manual \u00een regiunea Messara, Creta \u2014 zon\u0103 protejat\u0103 cu Denumire de Origine (PDO). Are o aciditate sc\u0103zut\u0103, o textur\u0103 fin\u0103 \u0219i un gust echilibrat, cu note de fruct verde, migdale \u0219i ierburi proaspete.<\/p>\n<p>Este ideal pentru salate, carpaccio, preparate fine cu pe\u0219te sau legume, dar \u0219i ca adaos final peste paste, risotto sau hummus. Datorit\u0103 intensit\u0103\u021bii sale aromatice, este preferat \u00een buc\u0103t\u0103ria gourmet pentru finalizarea preparatelor cu elegan\u021b\u0103 \u0219i prospe\u021bime.<\/p>\n<p>Este un produs 100% natural, f\u0103r\u0103 aditivi, filtrat delicat \u0219i ambalat \u00een sticl\u0103 de 500 ml care protejeaz\u0103 con\u021binutul de lumin\u0103 \u0219i oxidare.<\/p>\n<p>Ingrediente: ulei de m\u0103sline extravirgin Koroneiki (presat la rece), origine: Grecia (PDO Messara \u2013 Creta).<\/p>\n<p>Valoare energetic\u0103 (kJ\/ kcal): 3389 \/ 824<\/p>\n<p>Gr\u0103simi (gr): 91,6<\/p>\n<p>din care acizi gra\u0219i satura\u021bi (gr): 13<\/p>\n<p>Glucide (gr): 0<\/p>\n<p>din care zaharuri (gr): 0<\/p>\n<p>Proteine (gr): 0<\/p>\n<p>Sare (gr): 0<\/p>\n<p>Alergeni: nu con\u021bine<\/p>\n","protected":false},"featured_media":9844,"comment_status":"closed","ping_status":"closed","template":"","meta":[],"product_brand":[177],"product_cat":[176],"product_tag":[],"class_list":{"0":"post-9782","1":"product","2":"type-product","3":"status-publish","4":"has-post-thumbnail","6":"product_brand-international-lrm","7":"product_cat-ulei-otet","9":"first","10":"instock","11":"featured","12":"taxable","13":"shipping-taxable","14":"purchasable","15":"product-type-simple"},"jetpack_sharing_enabled":true,"_links":{"self":[{"href":"https:\/\/barbarosa.ro\/index.php?rest_route=\/wp\/v2\/product\/9782","targetHints":{"allow":["GET"]}}],"collection":[{"href":"https:\/\/barbarosa.ro\/index.php?rest_route=\/wp\/v2\/product"}],"about":[{"href":"https:\/\/barbarosa.ro\/index.php?rest_route=\/wp\/v2\/types\/product"}],"replies":[{"embeddable":true,"href":"https:\/\/barbarosa.ro\/index.php?rest_route=%2Fwp%2Fv2%2Fcomments&post=9782"}],"version-history":[{"count":4,"href":"https:\/\/barbarosa.ro\/index.php?rest_route=\/wp\/v2\/product\/9782\/revisions"}],"predecessor-version":[{"id":12148,"href":"https:\/\/barbarosa.ro\/index.php?rest_route=\/wp\/v2\/product\/9782\/revisions\/12148"}],"wp:featuredmedia":[{"embeddable":true,"href":"https:\/\/barbarosa.ro\/index.php?rest_route=\/wp\/v2\/media\/9844"}],"wp:attachment":[{"href":"https:\/\/barbarosa.ro\/index.php?rest_route=%2Fwp%2Fv2%2Fmedia&parent=9782"}],"wp:term":[{"taxonomy":"product_brand","embeddable":true,"href":"https:\/\/barbarosa.ro\/index.php?rest_route=%2Fwp%2Fv2%2Fproduct_brand&post=9782"},{"taxonomy":"product_cat","embeddable":true,"href":"https:\/\/barbarosa.ro\/index.php?rest_route=%2Fwp%2Fv2%2Fproduct_cat&post=9782"},{"taxonomy":"product_tag","embeddable":true,"href":"https:\/\/barbarosa.ro\/index.php?rest_route=%2Fwp%2Fv2%2Fproduct_tag&post=9782"}],"curies":[{"name":"wp","href":"https:\/\/api.w.org\/{rel}","templated":true}]}}