{"id":9784,"date":"2025-05-31T14:23:23","date_gmt":"2025-05-31T11:23:23","guid":{"rendered":"https:\/\/barbarosa.ro\/?product=otet-balsamic-modena-1l"},"modified":"2025-12-01T20:03:22","modified_gmt":"2025-12-01T18:03:22","slug":"otet-balsamic-modena-1l","status":"publish","type":"product","link":"https:\/\/barbarosa.ro\/?product=otet-balsamic-modena-1l","title":{"rendered":"Otet Balsamic Modena 1L"},"content":{"rendered":"<p>O\u021betul balsamic de Modena este un condiment nobil, ob\u021binut prin maturarea mustului de struguri concentrat \u00een combina\u021bie cu o\u021bet de vin, conform re\u021betei tradi\u021bionale din regiunea Modena, Italia. Are o culoare natural\u0103, gust echilibrat \u00eentre dulce \u0219i acru, \u0219i o arom\u0103 intens\u0103, cu note fructate \u0219i lemnoase.<\/p>\n<p>Este ideal pentru salate, legume coapte, br\u00e2nzeturi maturate, carne ro\u0219ie, fructe proaspete sau sosuri de reduc\u021bie. Poate fi folosit \u0219i la marinare sau ca finisaj peste preparate calde pentru un plus de rafinament.<\/p>\n<p>Este un produs autentic, cu Indica\u021bie Geografic\u0103 Protejat\u0103 (IGP), realizat f\u0103r\u0103 coloran\u021bi, \u00eendulcitori artificiali sau aditivi. Este maturat natural \u00een butoaie de lemn pentru dezvoltarea unei arome complexe \u0219i echilibrate.<\/p>\n<p>Ingrediente: o\u021bet din vin, must de struguri concentrat.<\/p>\n<p>Valoare energetic\u0103 (kJ\/ kcal): 515 \/ 121<\/p>\n<p>Gr\u0103simi (gr): 0<\/p>\n<p>din care acizi gra\u0219i satura\u021bi (gr): 0<\/p>\n<p>Glucide (gr): 26<\/p>\n<p>din care zaharuri (gr): 25<\/p>\n<p>Proteine (gr): 0,6<\/p>\n<p>Sare (gr): 0,03<\/p>\n<p>Alergeni: nu con\u021bine<\/p>\n","protected":false},"excerpt":{"rendered":"<p>O\u021betul balsamic de Modena este un condiment nobil, ob\u021binut prin maturarea mustului de struguri concentrat \u00een combina\u021bie cu o\u021bet de vin, conform re\u021betei tradi\u021bionale din regiunea Modena, Italia. Are o culoare natural\u0103, gust echilibrat \u00eentre dulce \u0219i acru, \u0219i o arom\u0103 intens\u0103, cu note fructate \u0219i lemnoase.<\/p>\n<p>Este ideal pentru salate, legume coapte, br\u00e2nzeturi maturate, carne ro\u0219ie, fructe proaspete sau sosuri de reduc\u021bie. Poate fi folosit \u0219i la marinare sau ca finisaj peste preparate calde pentru un plus de rafinament.<\/p>\n<p>Este un produs autentic, cu Indica\u021bie Geografic\u0103 Protejat\u0103 (IGP), realizat f\u0103r\u0103 coloran\u021bi, \u00eendulcitori artificiali sau aditivi. Este maturat natural \u00een butoaie de lemn pentru dezvoltarea unei arome complexe \u0219i echilibrate.<\/p>\n<p>Ingrediente: o\u021bet din vin, must de struguri concentrat.<\/p>\n<p>Valoare energetic\u0103 (kJ\/ kcal): 515 \/ 121<\/p>\n<p>Gr\u0103simi (gr): 0<\/p>\n<p>din care acizi gra\u0219i satura\u021bi (gr): 0<\/p>\n<p>Glucide (gr): 26<\/p>\n<p>din care zaharuri (gr): 25<\/p>\n<p>Proteine (gr): 0,6<\/p>\n<p>Sare (gr): 0,03<\/p>\n<p>Alergeni: nu con\u021bine<\/p>\n","protected":false},"featured_media":9867,"comment_status":"closed","ping_status":"closed","template":"","meta":[],"product_brand":[177],"product_cat":[176],"product_tag":[],"class_list":{"0":"post-9784","1":"product","2":"type-product","3":"status-publish","4":"has-post-thumbnail","6":"product_brand-international-lrm","7":"product_cat-ulei-otet","9":"first","10":"instock","11":"featured","12":"taxable","13":"shipping-taxable","14":"purchasable","15":"product-type-simple"},"jetpack_sharing_enabled":true,"_links":{"self":[{"href":"https:\/\/barbarosa.ro\/index.php?rest_route=\/wp\/v2\/product\/9784","targetHints":{"allow":["GET"]}}],"collection":[{"href":"https:\/\/barbarosa.ro\/index.php?rest_route=\/wp\/v2\/product"}],"about":[{"href":"https:\/\/barbarosa.ro\/index.php?rest_route=\/wp\/v2\/types\/product"}],"replies":[{"embeddable":true,"href":"https:\/\/barbarosa.ro\/index.php?rest_route=%2Fwp%2Fv2%2Fcomments&post=9784"}],"version-history":[{"count":4,"href":"https:\/\/barbarosa.ro\/index.php?rest_route=\/wp\/v2\/product\/9784\/revisions"}],"predecessor-version":[{"id":12150,"href":"https:\/\/barbarosa.ro\/index.php?rest_route=\/wp\/v2\/product\/9784\/revisions\/12150"}],"wp:featuredmedia":[{"embeddable":true,"href":"https:\/\/barbarosa.ro\/index.php?rest_route=\/wp\/v2\/media\/9867"}],"wp:attachment":[{"href":"https:\/\/barbarosa.ro\/index.php?rest_route=%2Fwp%2Fv2%2Fmedia&parent=9784"}],"wp:term":[{"taxonomy":"product_brand","embeddable":true,"href":"https:\/\/barbarosa.ro\/index.php?rest_route=%2Fwp%2Fv2%2Fproduct_brand&post=9784"},{"taxonomy":"product_cat","embeddable":true,"href":"https:\/\/barbarosa.ro\/index.php?rest_route=%2Fwp%2Fv2%2Fproduct_cat&post=9784"},{"taxonomy":"product_tag","embeddable":true,"href":"https:\/\/barbarosa.ro\/index.php?rest_route=%2Fwp%2Fv2%2Fproduct_tag&post=9784"}],"curies":[{"name":"wp","href":"https:\/\/api.w.org\/{rel}","templated":true}]}}