{"id":9786,"date":"2025-05-31T14:23:25","date_gmt":"2025-05-31T11:23:25","guid":{"rendered":"https:\/\/barbarosa.ro\/?product=otet-din-vin-alb-o-sole-1-l"},"modified":"2025-12-01T20:03:23","modified_gmt":"2025-12-01T18:03:23","slug":"otet-din-vin-alb-o-sole-1-l","status":"publish","type":"product","link":"https:\/\/barbarosa.ro\/?product=otet-din-vin-alb-o-sole-1-l","title":{"rendered":"Otet din Vin Alb O&#8217;Sole 1 L"},"content":{"rendered":"<p>O\u021betul din vin alb O\u2019Sole este un produs ob\u021binut prin fermentarea natural\u0103 a vinului alb, p\u0103str\u00e2nd prospe\u021bimea \u0219i aciditatea echilibrat\u0103 a strugurilor din care provine. Are o arom\u0103 delicat\u0103, culoare deschis\u0103 \u0219i un gust curat, u\u0219or fructat, ideal pentru preparate care necesit\u0103 un plus de aciditate f\u0103r\u0103 a altera culoarea sau aromele de baz\u0103.<\/p>\n<p>Este ideal pentru salate, marinade pentru carne alb\u0103, pe\u0219te, sosuri vinaigrette, mur\u0103turi u\u0219oare sau ca ingredient pentru deglazarea tig\u0103ii dup\u0103 pr\u0103jire. Datorit\u0103 profilului s\u0103u subtil, se integreaz\u0103 u\u0219or \u00een orice buc\u0103t\u0103rie, de la cea clasic\u0103 la cea modern\u0103.<\/p>\n<p>Este un produs 100% natural, f\u0103r\u0103 coloran\u021bi, f\u0103r\u0103 conservan\u021bi \u0219i f\u0103r\u0103 aditivi artificiali. Este filtrat \u0219i \u00eembuteliat cu grij\u0103 pentru a-\u0219i p\u0103stra claritatea \u0219i gustul fin.<\/p>\n<p>Ingrediente: o\u021bet din vin alb.<\/p>\n<p>Valoare energetic\u0103 (kJ\/ kcal): 78 \/ 18<\/p>\n<p>Gr\u0103simi (gr): 0<\/p>\n<p>din care acizi gra\u0219i satura\u021bi (gr): 0<\/p>\n<p>Glucide (gr): 0<\/p>\n<p>din care zaharuri (gr): 0<\/p>\n<p>Proteine (gr): 0<\/p>\n<p>Sare (gr): 0,01<\/p>\n<p>Alergeni: nu con\u021bine<\/p>\n","protected":false},"excerpt":{"rendered":"<p>O\u021betul din vin alb O\u2019Sole este un produs ob\u021binut prin fermentarea natural\u0103 a vinului alb, p\u0103str\u00e2nd prospe\u021bimea \u0219i aciditatea echilibrat\u0103 a strugurilor din care provine. Are o arom\u0103 delicat\u0103, culoare deschis\u0103 \u0219i un gust curat, u\u0219or fructat, ideal pentru preparate care necesit\u0103 un plus de aciditate f\u0103r\u0103 a altera culoarea sau aromele de baz\u0103.<\/p>\n<p>Este ideal pentru salate, marinade pentru carne alb\u0103, pe\u0219te, sosuri vinaigrette, mur\u0103turi u\u0219oare sau ca ingredient pentru deglazarea tig\u0103ii dup\u0103 pr\u0103jire. Datorit\u0103 profilului s\u0103u subtil, se integreaz\u0103 u\u0219or \u00een orice buc\u0103t\u0103rie, de la cea clasic\u0103 la cea modern\u0103.<\/p>\n<p>Este un produs 100% natural, f\u0103r\u0103 coloran\u021bi, f\u0103r\u0103 conservan\u021bi \u0219i f\u0103r\u0103 aditivi artificiali. Este filtrat \u0219i \u00eembuteliat cu grij\u0103 pentru a-\u0219i p\u0103stra claritatea \u0219i gustul fin.<\/p>\n<p>Ingrediente: o\u021bet din vin alb.<\/p>\n<p>Valoare energetic\u0103 (kJ\/ kcal): 78 \/ 18<\/p>\n<p>Gr\u0103simi (gr): 0<\/p>\n<p>din care acizi gra\u0219i satura\u021bi (gr): 0<\/p>\n<p>Glucide (gr): 0<\/p>\n<p>din care zaharuri (gr): 0<\/p>\n<p>Proteine (gr): 0<\/p>\n<p>Sare (gr): 0,01<\/p>\n<p>Alergeni: nu con\u021bine<\/p>\n","protected":false},"featured_media":9865,"comment_status":"closed","ping_status":"closed","template":"","meta":[],"product_brand":[177],"product_cat":[176],"product_tag":[],"class_list":{"0":"post-9786","1":"product","2":"type-product","3":"status-publish","4":"has-post-thumbnail","6":"product_brand-international-lrm","7":"product_cat-ulei-otet","9":"first","10":"instock","11":"featured","12":"taxable","13":"shipping-taxable","14":"purchasable","15":"product-type-simple"},"jetpack_sharing_enabled":true,"_links":{"self":[{"href":"https:\/\/barbarosa.ro\/index.php?rest_route=\/wp\/v2\/product\/9786","targetHints":{"allow":["GET"]}}],"collection":[{"href":"https:\/\/barbarosa.ro\/index.php?rest_route=\/wp\/v2\/product"}],"about":[{"href":"https:\/\/barbarosa.ro\/index.php?rest_route=\/wp\/v2\/types\/product"}],"replies":[{"embeddable":true,"href":"https:\/\/barbarosa.ro\/index.php?rest_route=%2Fwp%2Fv2%2Fcomments&post=9786"}],"version-history":[{"count":5,"href":"https:\/\/barbarosa.ro\/index.php?rest_route=\/wp\/v2\/product\/9786\/revisions"}],"predecessor-version":[{"id":12152,"href":"https:\/\/barbarosa.ro\/index.php?rest_route=\/wp\/v2\/product\/9786\/revisions\/12152"}],"wp:featuredmedia":[{"embeddable":true,"href":"https:\/\/barbarosa.ro\/index.php?rest_route=\/wp\/v2\/media\/9865"}],"wp:attachment":[{"href":"https:\/\/barbarosa.ro\/index.php?rest_route=%2Fwp%2Fv2%2Fmedia&parent=9786"}],"wp:term":[{"taxonomy":"product_brand","embeddable":true,"href":"https:\/\/barbarosa.ro\/index.php?rest_route=%2Fwp%2Fv2%2Fproduct_brand&post=9786"},{"taxonomy":"product_cat","embeddable":true,"href":"https:\/\/barbarosa.ro\/index.php?rest_route=%2Fwp%2Fv2%2Fproduct_cat&post=9786"},{"taxonomy":"product_tag","embeddable":true,"href":"https:\/\/barbarosa.ro\/index.php?rest_route=%2Fwp%2Fv2%2Fproduct_tag&post=9786"}],"curies":[{"name":"wp","href":"https:\/\/api.w.org\/{rel}","templated":true}]}}