{"id":9787,"date":"2025-05-31T14:23:27","date_gmt":"2025-05-31T11:23:27","guid":{"rendered":"https:\/\/barbarosa.ro\/?product=otet-din-vin-rosu-o-sole-1-l"},"modified":"2025-12-01T20:03:23","modified_gmt":"2025-12-01T18:03:23","slug":"otet-din-vin-rosu-o-sole-1-l","status":"publish","type":"product","link":"https:\/\/barbarosa.ro\/?product=otet-din-vin-rosu-o-sole-1-l","title":{"rendered":"Otet din Vin Rosu O&#8217;Sole 1 L"},"content":{"rendered":"<p>O\u021betul din vin ro\u0219u O\u2019Sole este un produs ob\u021binut prin fermentarea natural\u0103 a vinului ro\u0219u, p\u0103str\u00e2nd caracterul aromatic \u0219i aciditatea specific\u0103 strugurilor negri. Are o culoare rubinie intens\u0103, un gust plin \u0219i u\u0219or fructat, cu note de vin matur, ideal pentru preparate care necesit\u0103 profunzime \u0219i echilibru.<\/p>\n<p>Este ideal pentru salate cu legume crocante, mur\u0103turi, sosuri pentru carne ro\u0219ie, m\u00e2nc\u0103ruri mediteraneene sau pentru marinarea c\u0103rnurilor. Aduce un plus de intensitate preparatelor f\u0103r\u0103 a acoperi aromele principale.<\/p>\n<p>Este un produs 100% natural, f\u0103r\u0103 coloran\u021bi, f\u0103r\u0103 conservan\u021bi \u0219i f\u0103r\u0103 aditivi artificiali. Este filtrat \u0219i \u00eembuteliat cu grij\u0103 pentru a p\u0103stra calitatea \u0219i claritatea natural\u0103 a o\u021betului.<\/p>\n<p>Ingrediente: o\u021bet din vin ro\u0219u.<\/p>\n<p>Valoare energetic\u0103 (kJ\/ kcal): 78 \/ 18<\/p>\n<p>Gr\u0103simi (gr): 0<\/p>\n<p>din care acizi gra\u0219i satura\u021bi (gr): 0<\/p>\n<p>Glucide (gr): 0<\/p>\n<p>din care zaharuri (gr): 0<\/p>\n<p>Proteine (gr): 0<\/p>\n<p>Sare (gr): 0,01<\/p>\n<p>Alergeni: nu con\u021bine<\/p>\n","protected":false},"excerpt":{"rendered":"<p>O\u021betul din vin ro\u0219u O\u2019Sole este un produs ob\u021binut prin fermentarea natural\u0103 a vinului ro\u0219u, p\u0103str\u00e2nd caracterul aromatic \u0219i aciditatea specific\u0103 strugurilor negri. Are o culoare rubinie intens\u0103, un gust plin \u0219i u\u0219or fructat, cu note de vin matur, ideal pentru preparate care necesit\u0103 profunzime \u0219i echilibru.<\/p>\n<p>Este ideal pentru salate cu legume crocante, mur\u0103turi, sosuri pentru carne ro\u0219ie, m\u00e2nc\u0103ruri mediteraneene sau pentru marinarea c\u0103rnurilor. Aduce un plus de intensitate preparatelor f\u0103r\u0103 a acoperi aromele principale.<\/p>\n<p>Este un produs 100% natural, f\u0103r\u0103 coloran\u021bi, f\u0103r\u0103 conservan\u021bi \u0219i f\u0103r\u0103 aditivi artificiali. Este filtrat \u0219i \u00eembuteliat cu grij\u0103 pentru a p\u0103stra calitatea \u0219i claritatea natural\u0103 a o\u021betului.<\/p>\n<p>Ingrediente: o\u021bet din vin ro\u0219u.<\/p>\n<p>Valoare energetic\u0103 (kJ\/ kcal): 78 \/ 18<\/p>\n<p>Gr\u0103simi (gr): 0<\/p>\n<p>din care acizi gra\u0219i satura\u021bi (gr): 0<\/p>\n<p>Glucide (gr): 0<\/p>\n<p>din care zaharuri (gr): 0<\/p>\n<p>Proteine (gr): 0<\/p>\n<p>Sare (gr): 0,01<\/p>\n<p>Alergeni: nu con\u021bine<\/p>\n","protected":false},"featured_media":9811,"comment_status":"closed","ping_status":"closed","template":"","meta":[],"product_brand":[177],"product_cat":[176],"product_tag":[],"class_list":{"0":"post-9787","1":"product","2":"type-product","3":"status-publish","4":"has-post-thumbnail","6":"product_brand-international-lrm","7":"product_cat-ulei-otet","9":"first","10":"instock","11":"featured","12":"taxable","13":"shipping-taxable","14":"purchasable","15":"product-type-simple"},"jetpack_sharing_enabled":true,"_links":{"self":[{"href":"https:\/\/barbarosa.ro\/index.php?rest_route=\/wp\/v2\/product\/9787","targetHints":{"allow":["GET"]}}],"collection":[{"href":"https:\/\/barbarosa.ro\/index.php?rest_route=\/wp\/v2\/product"}],"about":[{"href":"https:\/\/barbarosa.ro\/index.php?rest_route=\/wp\/v2\/types\/product"}],"replies":[{"embeddable":true,"href":"https:\/\/barbarosa.ro\/index.php?rest_route=%2Fwp%2Fv2%2Fcomments&post=9787"}],"version-history":[{"count":5,"href":"https:\/\/barbarosa.ro\/index.php?rest_route=\/wp\/v2\/product\/9787\/revisions"}],"predecessor-version":[{"id":12153,"href":"https:\/\/barbarosa.ro\/index.php?rest_route=\/wp\/v2\/product\/9787\/revisions\/12153"}],"wp:featuredmedia":[{"embeddable":true,"href":"https:\/\/barbarosa.ro\/index.php?rest_route=\/wp\/v2\/media\/9811"}],"wp:attachment":[{"href":"https:\/\/barbarosa.ro\/index.php?rest_route=%2Fwp%2Fv2%2Fmedia&parent=9787"}],"wp:term":[{"taxonomy":"product_brand","embeddable":true,"href":"https:\/\/barbarosa.ro\/index.php?rest_route=%2Fwp%2Fv2%2Fproduct_brand&post=9787"},{"taxonomy":"product_cat","embeddable":true,"href":"https:\/\/barbarosa.ro\/index.php?rest_route=%2Fwp%2Fv2%2Fproduct_cat&post=9787"},{"taxonomy":"product_tag","embeddable":true,"href":"https:\/\/barbarosa.ro\/index.php?rest_route=%2Fwp%2Fv2%2Fproduct_tag&post=9787"}],"curies":[{"name":"wp","href":"https:\/\/api.w.org\/{rel}","templated":true}]}}