{"id":9788,"date":"2025-05-31T14:23:28","date_gmt":"2025-05-31T11:23:28","guid":{"rendered":"https:\/\/barbarosa.ro\/?product=otet-din-alcool-o-sole-1-l"},"modified":"2025-12-01T20:03:23","modified_gmt":"2025-12-01T18:03:23","slug":"otet-din-alcool-o-sole-1-l","status":"publish","type":"product","link":"https:\/\/barbarosa.ro\/?product=otet-din-alcool-o-sole-1-l","title":{"rendered":"Otet din Alcool O&#8217;Sole 1 L"},"content":{"rendered":"<p>O\u021betul din alcool O\u2019Sole este un o\u021bet rafinat cu aciditate ridicat\u0103, ob\u021binut prin fermentarea natural\u0103 a alcoolului etilic de origine agricol\u0103. Are o arom\u0103 neutr\u0103, gust intens \u0219i claritate cristalin\u0103, fiind ideal pentru utilizare zilnic\u0103 \u00een buc\u0103t\u0103rie sau pentru conservare.<\/p>\n<p>Este ideal pentru mur\u0103turi, maionez\u0103, sosuri, salate, cur\u0103\u021barea alimentelor, igienizare natural\u0103 sau ca baz\u0103 pentru re\u021bete tradi\u021bionale unde este necesar un o\u021bet f\u0103r\u0103 gust sau miros puternic.<\/p>\n<p>Este un produs simplu, 100% natural, f\u0103r\u0103 coloran\u021bi, f\u0103r\u0103 conservan\u021bi \u0219i f\u0103r\u0103 aditivi artificiali. Este filtrat \u0219i stabilizat pentru a asigura puritate \u0219i eficien\u021b\u0103 constant\u0103.<\/p>\n<p>Ingrediente: o\u021bet din alcool de origine agricol\u0103 (acid acetic 9%).<\/p>\n<p>Valoare energetic\u0103 (kJ\/ kcal): 69 \/ 17<\/p>\n<p>Gr\u0103simi (gr): 0<\/p>\n<p>din care acizi gra\u0219i satura\u021bi (gr): 0<\/p>\n<p>Glucide (gr): 0<\/p>\n<p>din care zaharuri (gr): 0<\/p>\n<p>Proteine (gr): 0<\/p>\n<p>Sare (gr): 0<\/p>\n<p>Alergeni: nu con\u021bine<\/p>\n","protected":false},"excerpt":{"rendered":"<p>O\u021betul din alcool O\u2019Sole este un o\u021bet rafinat cu aciditate ridicat\u0103, ob\u021binut prin fermentarea natural\u0103 a alcoolului etilic de origine agricol\u0103. Are o arom\u0103 neutr\u0103, gust intens \u0219i claritate cristalin\u0103, fiind ideal pentru utilizare zilnic\u0103 \u00een buc\u0103t\u0103rie sau pentru conservare.<\/p>\n<p>Este ideal pentru mur\u0103turi, maionez\u0103, sosuri, salate, cur\u0103\u021barea alimentelor, igienizare natural\u0103 sau ca baz\u0103 pentru re\u021bete tradi\u021bionale unde este necesar un o\u021bet f\u0103r\u0103 gust sau miros puternic.<\/p>\n<p>Este un produs simplu, 100% natural, f\u0103r\u0103 coloran\u021bi, f\u0103r\u0103 conservan\u021bi \u0219i f\u0103r\u0103 aditivi artificiali. Este filtrat \u0219i stabilizat pentru a asigura puritate \u0219i eficien\u021b\u0103 constant\u0103.<\/p>\n<p>Ingrediente: o\u021bet din alcool de origine agricol\u0103 (acid acetic 9%).<\/p>\n<p>Valoare energetic\u0103 (kJ\/ kcal): 69 \/ 17<\/p>\n<p>Gr\u0103simi (gr): 0<\/p>\n<p>din care acizi gra\u0219i satura\u021bi (gr): 0<\/p>\n<p>Glucide (gr): 0<\/p>\n<p>din care zaharuri (gr): 0<\/p>\n<p>Proteine (gr): 0<\/p>\n<p>Sare (gr): 0<\/p>\n<p>Alergeni: nu con\u021bine<\/p>\n","protected":false},"featured_media":9864,"comment_status":"closed","ping_status":"closed","template":"","meta":[],"product_brand":[177],"product_cat":[176],"product_tag":[],"class_list":{"0":"post-9788","1":"product","2":"type-product","3":"status-publish","4":"has-post-thumbnail","6":"product_brand-international-lrm","7":"product_cat-ulei-otet","9":"first","10":"instock","11":"featured","12":"taxable","13":"shipping-taxable","14":"purchasable","15":"product-type-simple"},"jetpack_sharing_enabled":true,"_links":{"self":[{"href":"https:\/\/barbarosa.ro\/index.php?rest_route=\/wp\/v2\/product\/9788","targetHints":{"allow":["GET"]}}],"collection":[{"href":"https:\/\/barbarosa.ro\/index.php?rest_route=\/wp\/v2\/product"}],"about":[{"href":"https:\/\/barbarosa.ro\/index.php?rest_route=\/wp\/v2\/types\/product"}],"replies":[{"embeddable":true,"href":"https:\/\/barbarosa.ro\/index.php?rest_route=%2Fwp%2Fv2%2Fcomments&post=9788"}],"version-history":[{"count":5,"href":"https:\/\/barbarosa.ro\/index.php?rest_route=\/wp\/v2\/product\/9788\/revisions"}],"predecessor-version":[{"id":12154,"href":"https:\/\/barbarosa.ro\/index.php?rest_route=\/wp\/v2\/product\/9788\/revisions\/12154"}],"wp:featuredmedia":[{"embeddable":true,"href":"https:\/\/barbarosa.ro\/index.php?rest_route=\/wp\/v2\/media\/9864"}],"wp:attachment":[{"href":"https:\/\/barbarosa.ro\/index.php?rest_route=%2Fwp%2Fv2%2Fmedia&parent=9788"}],"wp:term":[{"taxonomy":"product_brand","embeddable":true,"href":"https:\/\/barbarosa.ro\/index.php?rest_route=%2Fwp%2Fv2%2Fproduct_brand&post=9788"},{"taxonomy":"product_cat","embeddable":true,"href":"https:\/\/barbarosa.ro\/index.php?rest_route=%2Fwp%2Fv2%2Fproduct_cat&post=9788"},{"taxonomy":"product_tag","embeddable":true,"href":"https:\/\/barbarosa.ro\/index.php?rest_route=%2Fwp%2Fv2%2Fproduct_tag&post=9788"}],"curies":[{"name":"wp","href":"https:\/\/api.w.org\/{rel}","templated":true}]}}