{"id":9789,"date":"2025-05-31T14:23:29","date_gmt":"2025-05-31T11:23:29","guid":{"rendered":"https:\/\/barbarosa.ro\/?product=dolcefetta-crema-de-fistic-tartinabila-400g"},"modified":"2025-12-02T00:27:05","modified_gmt":"2025-12-01T22:27:05","slug":"dolcefetta-crema-de-fistic-tartinabila-400g","status":"publish","type":"product","link":"https:\/\/barbarosa.ro\/?product=dolcefetta-crema-de-fistic-tartinabila-400g","title":{"rendered":"Crema de Fistic Dolcefetta Tartinabila 400g"},"content":{"rendered":"<p>Dolcefetta crem\u0103 de fistic este o specialitate tartinabil\u0103 fin\u0103, cu o textur\u0103 catifelat\u0103 \u0219i un gust intens de fistic copt. Este realizat\u0103 din fistic de calitate superioar\u0103, atent selec\u021bionat \u0219i m\u0103cinat fin, pentru un gust autentic \u0219i echilibrat, f\u0103r\u0103 arome artificiale sau coloran\u021bi.<\/p>\n<p>Este ideal\u0103 pentru a fi \u00eentins\u0103 pe p\u00e2ine pr\u0103jit\u0103, cl\u0103tite, croissante sau biscui\u021bi, dar \u0219i ca ingredient \u00een deserturi, creme de pr\u0103jituri, cheesecake sau \u00eenghe\u021bat\u0103 artizanal\u0103. Se integreaz\u0103 perfect \u00een re\u021bete de inspira\u021bie italian\u0103 sau \u00een momentele simple de r\u0103sf\u0103\u021b zilnic.<\/p>\n<p>Este un produs premium, 100% natural, f\u0103r\u0103 ulei de palmier \u0219i f\u0103r\u0103 conservan\u021bi. Con\u021bine un procent ridicat de fistic \u0219i are o consisten\u021b\u0103 perfect\u0103 pentru utilizare direct\u0103 sau \u00een patiserie.<\/p>\n<p>Greutate: 400 gr<\/p>\n<p>Ingrediente: zah\u0103r, fistic 13%, lapte praf degresat, zer din lapte, emulgator: lecitin\u0103 din soia, arome naturale.<\/p>\n<p>Valoare energetic\u0103 (kJ\/ kcal): 2482 \/ 583<\/p>\n<p>Gr\u0103simi (gr): 39<\/p>\n<p>din care acizi gra\u0219i satura\u021bi (gr): 6.7<\/p>\n<p>Glucide (gr): 49<\/p>\n<p>din care zaharuri (gr): 25<\/p>\n<p>Fibre (gr): 1.8<\/p>\n<p>Proteine (gr): 7.5<\/p>\n<p>Sare (gr): 0,27<\/p>\n<p>Alergeni: con\u021bine fistic, alune, nuci, lapte \u0219i soia<\/p>\n","protected":false},"excerpt":{"rendered":"<p>Dolcefetta crem\u0103 de fistic este o specialitate tartinabil\u0103 fin\u0103, cu o textur\u0103 catifelat\u0103 \u0219i un gust intens de fistic copt. Este realizat\u0103 din fistic de calitate superioar\u0103, atent selec\u021bionat \u0219i m\u0103cinat fin, pentru un gust autentic \u0219i echilibrat, f\u0103r\u0103 arome artificiale sau coloran\u021bi.<\/p>\n<p>Este ideal\u0103 pentru a fi \u00eentins\u0103 pe p\u00e2ine pr\u0103jit\u0103, cl\u0103tite, croissante sau biscui\u021bi, dar \u0219i ca ingredient \u00een deserturi, creme de pr\u0103jituri, cheesecake sau \u00eenghe\u021bat\u0103 artizanal\u0103. Se integreaz\u0103 perfect \u00een re\u021bete de inspira\u021bie italian\u0103 sau \u00een momentele simple de r\u0103sf\u0103\u021b zilnic.<\/p>\n<p>Este un produs premium, 100% natural, f\u0103r\u0103 ulei de palmier \u0219i f\u0103r\u0103 conservan\u021bi. Con\u021bine un procent ridicat de fistic \u0219i are o consisten\u021b\u0103 perfect\u0103 pentru utilizare direct\u0103 sau \u00een patiserie.<\/p>\n<p>Greutate: 400 gr<\/p>\n<p>Ingrediente: zah\u0103r, fistic 13%, lapte praf degresat, zer din lapte, emulgator: lecitin\u0103 din soia, arome naturale.<\/p>\n<p>Valoare energetic\u0103 (kJ\/ kcal): 2482 \/ 583<\/p>\n<p>Gr\u0103simi (gr): 39<\/p>\n<p>din care acizi gra\u0219i satura\u021bi (gr): 6.7<\/p>\n<p>Glucide (gr): 49<\/p>\n<p>din care zaharuri (gr): 25<\/p>\n<p>Fibre (gr): 1.8<\/p>\n<p>Proteine (gr): 7.5<\/p>\n<p>Sare (gr): 0,27<\/p>\n<p>Alergeni: con\u021bine fistic, alune, nuci, lapte \u0219i soia<\/p>\n","protected":false},"featured_media":9824,"comment_status":"closed","ping_status":"closed","template":"","meta":[],"product_brand":[177],"product_cat":[147],"product_tag":[],"class_list":{"0":"post-9789","1":"product","2":"type-product","3":"status-publish","4":"has-post-thumbnail","6":"product_brand-international-lrm","7":"product_cat-dulceata","9":"first","10":"instock","11":"featured","12":"taxable","13":"shipping-taxable","14":"purchasable","15":"product-type-simple"},"jetpack_sharing_enabled":true,"_links":{"self":[{"href":"https:\/\/barbarosa.ro\/index.php?rest_route=\/wp\/v2\/product\/9789","targetHints":{"allow":["GET"]}}],"collection":[{"href":"https:\/\/barbarosa.ro\/index.php?rest_route=\/wp\/v2\/product"}],"about":[{"href":"https:\/\/barbarosa.ro\/index.php?rest_route=\/wp\/v2\/types\/product"}],"replies":[{"embeddable":true,"href":"https:\/\/barbarosa.ro\/index.php?rest_route=%2Fwp%2Fv2%2Fcomments&post=9789"}],"version-history":[{"count":6,"href":"https:\/\/barbarosa.ro\/index.php?rest_route=\/wp\/v2\/product\/9789\/revisions"}],"predecessor-version":[{"id":12155,"href":"https:\/\/barbarosa.ro\/index.php?rest_route=\/wp\/v2\/product\/9789\/revisions\/12155"}],"wp:featuredmedia":[{"embeddable":true,"href":"https:\/\/barbarosa.ro\/index.php?rest_route=\/wp\/v2\/media\/9824"}],"wp:attachment":[{"href":"https:\/\/barbarosa.ro\/index.php?rest_route=%2Fwp%2Fv2%2Fmedia&parent=9789"}],"wp:term":[{"taxonomy":"product_brand","embeddable":true,"href":"https:\/\/barbarosa.ro\/index.php?rest_route=%2Fwp%2Fv2%2Fproduct_brand&post=9789"},{"taxonomy":"product_cat","embeddable":true,"href":"https:\/\/barbarosa.ro\/index.php?rest_route=%2Fwp%2Fv2%2Fproduct_cat&post=9789"},{"taxonomy":"product_tag","embeddable":true,"href":"https:\/\/barbarosa.ro\/index.php?rest_route=%2Fwp%2Fv2%2Fproduct_tag&post=9789"}],"curies":[{"name":"wp","href":"https:\/\/api.w.org\/{rel}","templated":true}]}}