{"id":9790,"date":"2025-05-31T14:23:30","date_gmt":"2025-05-31T11:23:30","guid":{"rendered":"https:\/\/barbarosa.ro\/?product=sirop-artar-500ml"},"modified":"2025-12-01T20:03:24","modified_gmt":"2025-12-01T18:03:24","slug":"sirop-artar-500ml","status":"publish","type":"product","link":"https:\/\/barbarosa.ro\/?product=sirop-artar-500ml","title":{"rendered":"Sirop artar 500ml"},"content":{"rendered":"<p>Siropul de ar\u021bar este un \u00eendulcitor natural ob\u021binut prin fierberea sevei de ar\u021bar, recunoscut pentru aroma sa unic\u0103, u\u0219or caramelizat\u0103, \u0219i textura fluid\u0103. Este clasificat ca produs pur, f\u0103r\u0103 adaosuri, \u0219i este o alternativ\u0103 s\u0103n\u0103toas\u0103 la zah\u0103rul rafinat sau alte siropuri industriale.<\/p>\n<p>Este ideal pentru cl\u0103tite, vafe, pancakes, iaurt, granola, porridge, dar \u0219i pentru glazuri, marinade sau deserturi coapte. Se poate folosi \u0219i \u00een re\u021bete moderne ca ingredient pentru dressinguri sau b\u0103uturi artizanale.<\/p>\n<p>Este un produs 100% natural, f\u0103r\u0103 conservan\u021bi, coloran\u021bi sau arome artificiale. Seva este colectat\u0103 sustenabil din arbori de ar\u021bar maturi \u0219i concentrat\u0103 prin metode tradi\u021bionale.<\/p>\n<p>Ingrediente: 100% sirop de ar\u021bar pur.<\/p>\n<p>Valoare energetic\u0103 (kJ\/ kcal): 1130 \/ 266<\/p>\n<p>Gr\u0103simi (gr): 0<\/p>\n<p>din care acizi gra\u0219i satura\u021bi (gr): 0<\/p>\n<p>Glucide (gr): 66<\/p>\n<p>din care zaharuri (gr): 60<\/p>\n<p>Proteine (gr): 0<\/p>\n<p>Sare (gr): 0,01<\/p>\n<p>Alergeni: nu con\u021bine<\/p>\n","protected":false},"excerpt":{"rendered":"<p>Siropul de ar\u021bar este un \u00eendulcitor natural ob\u021binut prin fierberea sevei de ar\u021bar, recunoscut pentru aroma sa unic\u0103, u\u0219or caramelizat\u0103, \u0219i textura fluid\u0103. Este clasificat ca produs pur, f\u0103r\u0103 adaosuri, \u0219i este o alternativ\u0103 s\u0103n\u0103toas\u0103 la zah\u0103rul rafinat sau alte siropuri industriale.<\/p>\n<p>Este ideal pentru cl\u0103tite, vafe, pancakes, iaurt, granola, porridge, dar \u0219i pentru glazuri, marinade sau deserturi coapte. Se poate folosi \u0219i \u00een re\u021bete moderne ca ingredient pentru dressinguri sau b\u0103uturi artizanale.<\/p>\n<p>Este un produs 100% natural, f\u0103r\u0103 conservan\u021bi, coloran\u021bi sau arome artificiale. Seva este colectat\u0103 sustenabil din arbori de ar\u021bar maturi \u0219i concentrat\u0103 prin metode tradi\u021bionale.<\/p>\n<p>Ingrediente: 100% sirop de ar\u021bar pur.<\/p>\n<p>Valoare energetic\u0103 (kJ\/ kcal): 1130 \/ 266<\/p>\n<p>Gr\u0103simi (gr): 0<\/p>\n<p>din care acizi gra\u0219i satura\u021bi (gr): 0<\/p>\n<p>Glucide (gr): 66<\/p>\n<p>din care zaharuri (gr): 60<\/p>\n<p>Proteine (gr): 0<\/p>\n<p>Sare (gr): 0,01<\/p>\n<p>Alergeni: nu con\u021bine<\/p>\n","protected":false},"featured_media":9862,"comment_status":"closed","ping_status":"closed","template":"","meta":[],"product_brand":[177],"product_cat":[148],"product_tag":[],"class_list":{"0":"post-9790","1":"product","2":"type-product","3":"status-publish","4":"has-post-thumbnail","6":"product_brand-international-lrm","7":"product_cat-sirop","9":"first","10":"instock","11":"featured","12":"taxable","13":"shipping-taxable","14":"purchasable","15":"product-type-simple"},"jetpack_sharing_enabled":true,"_links":{"self":[{"href":"https:\/\/barbarosa.ro\/index.php?rest_route=\/wp\/v2\/product\/9790","targetHints":{"allow":["GET"]}}],"collection":[{"href":"https:\/\/barbarosa.ro\/index.php?rest_route=\/wp\/v2\/product"}],"about":[{"href":"https:\/\/barbarosa.ro\/index.php?rest_route=\/wp\/v2\/types\/product"}],"replies":[{"embeddable":true,"href":"https:\/\/barbarosa.ro\/index.php?rest_route=%2Fwp%2Fv2%2Fcomments&post=9790"}],"version-history":[{"count":4,"href":"https:\/\/barbarosa.ro\/index.php?rest_route=\/wp\/v2\/product\/9790\/revisions"}],"predecessor-version":[{"id":12156,"href":"https:\/\/barbarosa.ro\/index.php?rest_route=\/wp\/v2\/product\/9790\/revisions\/12156"}],"wp:featuredmedia":[{"embeddable":true,"href":"https:\/\/barbarosa.ro\/index.php?rest_route=\/wp\/v2\/media\/9862"}],"wp:attachment":[{"href":"https:\/\/barbarosa.ro\/index.php?rest_route=%2Fwp%2Fv2%2Fmedia&parent=9790"}],"wp:term":[{"taxonomy":"product_brand","embeddable":true,"href":"https:\/\/barbarosa.ro\/index.php?rest_route=%2Fwp%2Fv2%2Fproduct_brand&post=9790"},{"taxonomy":"product_cat","embeddable":true,"href":"https:\/\/barbarosa.ro\/index.php?rest_route=%2Fwp%2Fv2%2Fproduct_cat&post=9790"},{"taxonomy":"product_tag","embeddable":true,"href":"https:\/\/barbarosa.ro\/index.php?rest_route=%2Fwp%2Fv2%2Fproduct_tag&post=9790"}],"curies":[{"name":"wp","href":"https:\/\/api.w.org\/{rel}","templated":true}]}}