{"id":9791,"date":"2025-05-31T14:23:31","date_gmt":"2025-05-31T11:23:31","guid":{"rendered":"https:\/\/barbarosa.ro\/?product=sirpo-de-agave-250ml"},"modified":"2025-12-01T20:03:24","modified_gmt":"2025-12-01T18:03:24","slug":"sirpo-de-agave-250ml","status":"publish","type":"product","link":"https:\/\/barbarosa.ro\/?product=sirpo-de-agave-250ml","title":{"rendered":"Sirop de Agave 250ml"},"content":{"rendered":"<p>Siropul de agave este un \u00eendulcitor natural extras din planta de agave albastr\u0103, cu o consisten\u021b\u0103 fluid\u0103 \u0219i gust delicat, mai pu\u021bin intens dec\u00e2t al altor siropuri. Are un indice glicemic mai sc\u0103zut dec\u00e2t zah\u0103rul rafinat, fiind preferat \u00een alimenta\u021bia echilibrat\u0103 \u0219i \u00een re\u021betele vegane sau f\u0103r\u0103 zah\u0103r ad\u0103ugat.<\/p>\n<p>Este ideal pentru \u00eendulcirea b\u0103uturilor calde, smoothie-urilor, iaurtului, cerealelor, pr\u0103jiturilor, biscui\u021bilor sau a deserturilor f\u0103r\u0103 coacere. Se dizolv\u0103 rapid \u0219i are o putere de \u00eendulcire superioar\u0103 zah\u0103rului, fiind necesar\u0103 o cantitate mai mic\u0103 pentru acela\u0219i efect.<\/p>\n<p>Este un produs 100% natural, f\u0103r\u0103 conservan\u021bi, f\u0103r\u0103 coloran\u021bi \u0219i f\u0103r\u0103 aditivi. Ob\u021binut prin metode controlate din sirop concentrat de agave, p\u0103str\u00e2nd toate propriet\u0103\u021bile nutritive ale plantei.<\/p>\n<p>Ingrediente: 100% sirop de agave (din agave albastr\u0103).<\/p>\n<p>Valoare energetic\u0103 (kJ\/ kcal): 1252 \/ 300<\/p>\n<p>Gr\u0103simi (gr): 0<\/p>\n<p>din care acizi gra\u0219i satura\u021bi (gr): 0<\/p>\n<p>Glucide (gr): 75<\/p>\n<p>din care zaharuri (gr): 75<\/p>\n<p>Proteine (gr): 0<\/p>\n<p>Sare (gr): 0,03<\/p>\n<p>Alergeni: nu con\u021bine<\/p>\n","protected":false},"excerpt":{"rendered":"<p>Siropul de agave este un \u00eendulcitor natural extras din planta de agave albastr\u0103, cu o consisten\u021b\u0103 fluid\u0103 \u0219i gust delicat, mai pu\u021bin intens dec\u00e2t al altor siropuri. Are un indice glicemic mai sc\u0103zut dec\u00e2t zah\u0103rul rafinat, fiind preferat \u00een alimenta\u021bia echilibrat\u0103 \u0219i \u00een re\u021betele vegane sau f\u0103r\u0103 zah\u0103r ad\u0103ugat.<\/p>\n<p>Este ideal pentru \u00eendulcirea b\u0103uturilor calde, smoothie-urilor, iaurtului, cerealelor, pr\u0103jiturilor, biscui\u021bilor sau a deserturilor f\u0103r\u0103 coacere. Se dizolv\u0103 rapid \u0219i are o putere de \u00eendulcire superioar\u0103 zah\u0103rului, fiind necesar\u0103 o cantitate mai mic\u0103 pentru acela\u0219i efect.<\/p>\n<p>Este un produs 100% natural, f\u0103r\u0103 conservan\u021bi, f\u0103r\u0103 coloran\u021bi \u0219i f\u0103r\u0103 aditivi. Ob\u021binut prin metode controlate din sirop concentrat de agave, p\u0103str\u00e2nd toate propriet\u0103\u021bile nutritive ale plantei.<\/p>\n<p>Ingrediente: 100% sirop de agave (din agave albastr\u0103).<\/p>\n<p>Valoare energetic\u0103 (kJ\/ kcal): 1252 \/ 300<\/p>\n<p>Gr\u0103simi (gr): 0<\/p>\n<p>din care acizi gra\u0219i satura\u021bi (gr): 0<\/p>\n<p>Glucide (gr): 75<\/p>\n<p>din care zaharuri (gr): 75<\/p>\n<p>Proteine (gr): 0<\/p>\n<p>Sare (gr): 0,03<\/p>\n<p>Alergeni: nu con\u021bine<\/p>\n","protected":false},"featured_media":9821,"comment_status":"closed","ping_status":"closed","template":"","meta":[],"product_brand":[177],"product_cat":[148],"product_tag":[],"class_list":{"0":"post-9791","1":"product","2":"type-product","3":"status-publish","4":"has-post-thumbnail","6":"product_brand-international-lrm","7":"product_cat-sirop","9":"first","10":"instock","11":"featured","12":"taxable","13":"shipping-taxable","14":"purchasable","15":"product-type-simple"},"jetpack_sharing_enabled":true,"_links":{"self":[{"href":"https:\/\/barbarosa.ro\/index.php?rest_route=\/wp\/v2\/product\/9791","targetHints":{"allow":["GET"]}}],"collection":[{"href":"https:\/\/barbarosa.ro\/index.php?rest_route=\/wp\/v2\/product"}],"about":[{"href":"https:\/\/barbarosa.ro\/index.php?rest_route=\/wp\/v2\/types\/product"}],"replies":[{"embeddable":true,"href":"https:\/\/barbarosa.ro\/index.php?rest_route=%2Fwp%2Fv2%2Fcomments&post=9791"}],"version-history":[{"count":5,"href":"https:\/\/barbarosa.ro\/index.php?rest_route=\/wp\/v2\/product\/9791\/revisions"}],"predecessor-version":[{"id":12157,"href":"https:\/\/barbarosa.ro\/index.php?rest_route=\/wp\/v2\/product\/9791\/revisions\/12157"}],"wp:featuredmedia":[{"embeddable":true,"href":"https:\/\/barbarosa.ro\/index.php?rest_route=\/wp\/v2\/media\/9821"}],"wp:attachment":[{"href":"https:\/\/barbarosa.ro\/index.php?rest_route=%2Fwp%2Fv2%2Fmedia&parent=9791"}],"wp:term":[{"taxonomy":"product_brand","embeddable":true,"href":"https:\/\/barbarosa.ro\/index.php?rest_route=%2Fwp%2Fv2%2Fproduct_brand&post=9791"},{"taxonomy":"product_cat","embeddable":true,"href":"https:\/\/barbarosa.ro\/index.php?rest_route=%2Fwp%2Fv2%2Fproduct_cat&post=9791"},{"taxonomy":"product_tag","embeddable":true,"href":"https:\/\/barbarosa.ro\/index.php?rest_route=%2Fwp%2Fv2%2Fproduct_tag&post=9791"}],"curies":[{"name":"wp","href":"https:\/\/api.w.org\/{rel}","templated":true}]}}