{"id":9800,"date":"2025-05-31T14:23:41","date_gmt":"2025-05-31T11:23:41","guid":{"rendered":"https:\/\/barbarosa.ro\/?product=naut-o-sole-400g"},"modified":"2025-12-01T20:03:27","modified_gmt":"2025-12-01T18:03:27","slug":"naut-o-sole-400g","status":"publish","type":"product","link":"https:\/\/barbarosa.ro\/?product=naut-o-sole-400g","title":{"rendered":"Naut O Sole 400g"},"content":{"rendered":"<p>N\u0103utul O\u2019Sole este un produs gata fiert, cu boabe rotunde, ferme \u0219i cremoase, preg\u0103tit pentru a fi folosit direct \u00een salate, supe, toc\u0103ni\u021be sau preparate orientale. Este bogat \u00een fibre, proteine vegetale \u0219i are un gust delicat, u\u0219or de integrat \u00een orice tip de buc\u0103t\u0103rie.<\/p>\n<p>Este ideal pentru hummus, curry, salate mediteraneene, pilafuri, chiftelu\u021be vegetale sau re\u021bete vegane. Se poate folosi ca atare sau \u00eenc\u0103lzit, fiind o surs\u0103 nutritiv\u0103 excelent\u0103 \u0219i s\u0103\u021bioas\u0103.<\/p>\n<p>Este un produs 100% natural, f\u0103r\u0103 aditivi, f\u0103r\u0103 conservan\u021bi \u0219i f\u0103r\u0103 adaos de zah\u0103r sau coloran\u021bi. Ambalat \u00een saramur\u0103 u\u0219oar\u0103 pentru p\u0103strarea texturii \u0219i a gustului autentic.<\/p>\n<p>Ingrediente: n\u0103ut, ap\u0103, sare.<\/p>\n<p>Valoare energetic\u0103 (kJ\/ kcal): 542 \/ 129<\/p>\n<p>Gr\u0103simi (gr): 2,7<\/p>\n<p>din care acizi gra\u0219i satura\u021bi (gr): 0,3<\/p>\n<p>Glucide (gr): 17,5<\/p>\n<p>din care zaharuri (gr): 0,9<\/p>\n<p>Proteine (gr): 6,6<\/p>\n<p>Sare (gr): 0,6<\/p>\n<p>Alergeni: nu con\u021bine<\/p>\n","protected":false},"excerpt":{"rendered":"<p>N\u0103utul O\u2019Sole este un produs gata fiert, cu boabe rotunde, ferme \u0219i cremoase, preg\u0103tit pentru a fi folosit direct \u00een salate, supe, toc\u0103ni\u021be sau preparate orientale. Este bogat \u00een fibre, proteine vegetale \u0219i are un gust delicat, u\u0219or de integrat \u00een orice tip de buc\u0103t\u0103rie.<\/p>\n<p>Este ideal pentru hummus, curry, salate mediteraneene, pilafuri, chiftelu\u021be vegetale sau re\u021bete vegane. Se poate folosi ca atare sau \u00eenc\u0103lzit, fiind o surs\u0103 nutritiv\u0103 excelent\u0103 \u0219i s\u0103\u021bioas\u0103.<\/p>\n<p>Este un produs 100% natural, f\u0103r\u0103 aditivi, f\u0103r\u0103 conservan\u021bi \u0219i f\u0103r\u0103 adaos de zah\u0103r sau coloran\u021bi. Ambalat \u00een saramur\u0103 u\u0219oar\u0103 pentru p\u0103strarea texturii \u0219i a gustului autentic.<\/p>\n<p>Ingrediente: n\u0103ut, ap\u0103, sare.<\/p>\n<p>Valoare energetic\u0103 (kJ\/ kcal): 542 \/ 129<\/p>\n<p>Gr\u0103simi (gr): 2,7<\/p>\n<p>din care acizi gra\u0219i satura\u021bi (gr): 0,3<\/p>\n<p>Glucide (gr): 17,5<\/p>\n<p>din care zaharuri (gr): 0,9<\/p>\n<p>Proteine (gr): 6,6<\/p>\n<p>Sare (gr): 0,6<\/p>\n<p>Alergeni: nu con\u021bine<\/p>\n","protected":false},"featured_media":9853,"comment_status":"closed","ping_status":"closed","template":"","meta":[],"product_brand":[177],"product_cat":[175],"product_tag":[],"class_list":{"0":"post-9800","1":"product","2":"type-product","3":"status-publish","4":"has-post-thumbnail","6":"product_brand-international-lrm","7":"product_cat-conserve","9":"first","10":"instock","11":"featured","12":"taxable","13":"shipping-taxable","14":"purchasable","15":"product-type-simple"},"jetpack_sharing_enabled":true,"_links":{"self":[{"href":"https:\/\/barbarosa.ro\/index.php?rest_route=\/wp\/v2\/product\/9800","targetHints":{"allow":["GET"]}}],"collection":[{"href":"https:\/\/barbarosa.ro\/index.php?rest_route=\/wp\/v2\/product"}],"about":[{"href":"https:\/\/barbarosa.ro\/index.php?rest_route=\/wp\/v2\/types\/product"}],"replies":[{"embeddable":true,"href":"https:\/\/barbarosa.ro\/index.php?rest_route=%2Fwp%2Fv2%2Fcomments&post=9800"}],"version-history":[{"count":4,"href":"https:\/\/barbarosa.ro\/index.php?rest_route=\/wp\/v2\/product\/9800\/revisions"}],"predecessor-version":[{"id":12166,"href":"https:\/\/barbarosa.ro\/index.php?rest_route=\/wp\/v2\/product\/9800\/revisions\/12166"}],"wp:featuredmedia":[{"embeddable":true,"href":"https:\/\/barbarosa.ro\/index.php?rest_route=\/wp\/v2\/media\/9853"}],"wp:attachment":[{"href":"https:\/\/barbarosa.ro\/index.php?rest_route=%2Fwp%2Fv2%2Fmedia&parent=9800"}],"wp:term":[{"taxonomy":"product_brand","embeddable":true,"href":"https:\/\/barbarosa.ro\/index.php?rest_route=%2Fwp%2Fv2%2Fproduct_brand&post=9800"},{"taxonomy":"product_cat","embeddable":true,"href":"https:\/\/barbarosa.ro\/index.php?rest_route=%2Fwp%2Fv2%2Fproduct_cat&post=9800"},{"taxonomy":"product_tag","embeddable":true,"href":"https:\/\/barbarosa.ro\/index.php?rest_route=%2Fwp%2Fv2%2Fproduct_tag&post=9800"}],"curies":[{"name":"wp","href":"https:\/\/api.w.org\/{rel}","templated":true}]}}