{"id":9802,"date":"2025-05-31T14:23:43","date_gmt":"2025-05-31T11:23:43","guid":{"rendered":"https:\/\/barbarosa.ro\/?product=ardei-copt-royal-2-6-kg"},"modified":"2025-12-01T20:03:28","modified_gmt":"2025-12-01T18:03:28","slug":"ardei-copt-royal-2-6-kg","status":"publish","type":"product","link":"https:\/\/barbarosa.ro\/?product=ardei-copt-royal-2-6-kg","title":{"rendered":"Ardei Copt Royal 2.6 KG"},"content":{"rendered":"<p>Ardeiul copt Royal este un produs premium ob\u021binut din ardei ro\u0219ii cop\u021bi integral pe c\u0103rbuni, pentru un gust autentic, intens \u0219i u\u0219or afumat. Coaja este \u00eendep\u0103rtat\u0103 manual, iar feliile de ardei sunt p\u0103strate \u00een suc propriu, f\u0103r\u0103 o\u021bet sau aditivi, pentru a eviden\u021bia aroma natural\u0103.<\/p>\n<p>Este ideal pentru salate de ardei cop\u021bi, garnituri, antreuri, sandwich-uri sau ca ingredient \u00een re\u021bete tradi\u021bionale rom\u00e2ne\u0219ti, mediteraneene sau orientale. Gustul specific coacerii pe jar aduce un plus de autenticitate \u0219i profunzime oric\u0103rui preparat.<\/p>\n<p>Este un produs 100% natural, f\u0103r\u0103 conservan\u021bi, f\u0103r\u0103 coloran\u021bi, f\u0103r\u0103 zah\u0103r ad\u0103ugat. Ardeii sunt cop\u021bi pe c\u0103rbuni, cur\u0103\u021ba\u021bi \u0219i ambala\u021bi \u00een condi\u021bii controlate, p\u0103str\u00e2nd textura \u0219i savoarea original\u0103.<\/p>\n<p>Ingrediente: ardei cop\u021bi, sare, antioxidant: acid citric.<\/p>\n<p>Valoare energetic\u0103 (kJ\/ kcal): 92 \/ 22<\/p>\n<p>Gr\u0103simi (gr): 0,1<\/p>\n<p>din care acizi gra\u0219i satura\u021bi (gr): 0<\/p>\n<p>Glucide (gr): 4,6<\/p>\n<p>din care zaharuri (gr): 4,2<\/p>\n<p>Proteine (gr): 0,9<\/p>\n<p>Sare (gr): 0,6<\/p>\n<p>Alergeni: nu con\u021bine<\/p>\n","protected":false},"excerpt":{"rendered":"<p>Ardeiul copt Royal este un produs premium ob\u021binut din ardei ro\u0219ii cop\u021bi integral pe c\u0103rbuni, pentru un gust autentic, intens \u0219i u\u0219or afumat. Coaja este \u00eendep\u0103rtat\u0103 manual, iar feliile de ardei sunt p\u0103strate \u00een suc propriu, f\u0103r\u0103 o\u021bet sau aditivi, pentru a eviden\u021bia aroma natural\u0103.<\/p>\n<p>Este ideal pentru salate de ardei cop\u021bi, garnituri, antreuri, sandwich-uri sau ca ingredient \u00een re\u021bete tradi\u021bionale rom\u00e2ne\u0219ti, mediteraneene sau orientale. Gustul specific coacerii pe jar aduce un plus de autenticitate \u0219i profunzime oric\u0103rui preparat.<\/p>\n<p>Este un produs 100% natural, f\u0103r\u0103 conservan\u021bi, f\u0103r\u0103 coloran\u021bi, f\u0103r\u0103 zah\u0103r ad\u0103ugat. Ardeii sunt cop\u021bi pe c\u0103rbuni, cur\u0103\u021ba\u021bi \u0219i ambala\u021bi \u00een condi\u021bii controlate, p\u0103str\u00e2nd textura \u0219i savoarea original\u0103.<\/p>\n<p>Ingrediente: ardei cop\u021bi, sare, antioxidant: acid citric.<\/p>\n<p>Valoare energetic\u0103 (kJ\/ kcal): 92 \/ 22<\/p>\n<p>Gr\u0103simi (gr): 0,1<\/p>\n<p>din care acizi gra\u0219i satura\u021bi (gr): 0<\/p>\n<p>Glucide (gr): 4,6<\/p>\n<p>din care zaharuri (gr): 4,2<\/p>\n<p>Proteine (gr): 0,9<\/p>\n<p>Sare (gr): 0,6<\/p>\n<p>Alergeni: nu con\u021bine<\/p>\n","protected":false},"featured_media":9835,"comment_status":"closed","ping_status":"closed","template":"","meta":[],"product_brand":[177],"product_cat":[175],"product_tag":[],"class_list":{"0":"post-9802","1":"product","2":"type-product","3":"status-publish","4":"has-post-thumbnail","6":"product_brand-international-lrm","7":"product_cat-conserve","9":"first","10":"instock","11":"featured","12":"taxable","13":"shipping-taxable","14":"purchasable","15":"product-type-simple"},"jetpack_sharing_enabled":true,"_links":{"self":[{"href":"https:\/\/barbarosa.ro\/index.php?rest_route=\/wp\/v2\/product\/9802","targetHints":{"allow":["GET"]}}],"collection":[{"href":"https:\/\/barbarosa.ro\/index.php?rest_route=\/wp\/v2\/product"}],"about":[{"href":"https:\/\/barbarosa.ro\/index.php?rest_route=\/wp\/v2\/types\/product"}],"replies":[{"embeddable":true,"href":"https:\/\/barbarosa.ro\/index.php?rest_route=%2Fwp%2Fv2%2Fcomments&post=9802"}],"version-history":[{"count":4,"href":"https:\/\/barbarosa.ro\/index.php?rest_route=\/wp\/v2\/product\/9802\/revisions"}],"predecessor-version":[{"id":12168,"href":"https:\/\/barbarosa.ro\/index.php?rest_route=\/wp\/v2\/product\/9802\/revisions\/12168"}],"wp:featuredmedia":[{"embeddable":true,"href":"https:\/\/barbarosa.ro\/index.php?rest_route=\/wp\/v2\/media\/9835"}],"wp:attachment":[{"href":"https:\/\/barbarosa.ro\/index.php?rest_route=%2Fwp%2Fv2%2Fmedia&parent=9802"}],"wp:term":[{"taxonomy":"product_brand","embeddable":true,"href":"https:\/\/barbarosa.ro\/index.php?rest_route=%2Fwp%2Fv2%2Fproduct_brand&post=9802"},{"taxonomy":"product_cat","embeddable":true,"href":"https:\/\/barbarosa.ro\/index.php?rest_route=%2Fwp%2Fv2%2Fproduct_cat&post=9802"},{"taxonomy":"product_tag","embeddable":true,"href":"https:\/\/barbarosa.ro\/index.php?rest_route=%2Fwp%2Fv2%2Fproduct_tag&post=9802"}],"curies":[{"name":"wp","href":"https:\/\/api.w.org\/{rel}","templated":true}]}}