{"id":9803,"date":"2025-05-31T14:23:45","date_gmt":"2025-05-31T11:23:45","guid":{"rendered":"https:\/\/barbarosa.ro\/?product=castraveti-murati-feliati-1-7-kg"},"modified":"2025-12-01T20:03:28","modified_gmt":"2025-12-01T18:03:28","slug":"castraveti-murati-feliati-1-7-kg","status":"publish","type":"product","link":"https:\/\/barbarosa.ro\/?product=castraveti-murati-feliati-1-7-kg","title":{"rendered":"Castraveti Murati Feliati 1.7 KG"},"content":{"rendered":"<p>Castrave\u021bii mura\u021bi felia\u021bi sunt crocan\u021bi, bine echilibra\u021bi \u00een gust \u0219i gata de utilizare direct din borcan. Sunt prepara\u021bi \u00een saramur\u0103 u\u0219oar\u0103, f\u0103r\u0103 o\u021bet, pentru a p\u0103stra aroma natural\u0103 a fermenta\u021biei \u0219i textura ferm\u0103, perfect\u0103 pentru servire rapid\u0103 sau g\u0103tit.<\/p>\n<p>Sunt ideali pentru sandwich-uri, burgeri, salate, platouri reci, salat\u0103 boeuf, sosuri tartar sau ca garnitur\u0103 al\u0103turi de preparate din carne. Felia\u021bi uniform, economisesc timp \u00een buc\u0103t\u0103rie \u0219i sunt potrivi\u021bi pentru utilizare profesional\u0103 sau acas\u0103.<\/p>\n<p>Este un produs 100% natural, f\u0103r\u0103 conservan\u021bi artificiali, f\u0103r\u0103 coloran\u021bi \u0219i f\u0103r\u0103 zah\u0103r ad\u0103ugat. Castrave\u021bii sunt selec\u021biona\u021bi atent \u0219i mura\u021bi dup\u0103 re\u021bet\u0103 tradi\u021bional\u0103, doar cu ingrediente simple.<\/p>\n<p>Ingrediente: castrave\u021bi, ap\u0103, sare, m\u0103rar, usturoi, condimente, acid citric.<\/p>\n<p>Valoare energetic\u0103 (kJ\/ kcal): 57 \/ 14<\/p>\n<p>Gr\u0103simi (gr): 0<\/p>\n<p>din care acizi gra\u0219i satura\u021bi (gr): 0<\/p>\n<p>Glucide (gr): 2,4<\/p>\n<p>din care zaharuri (gr): 1<\/p>\n<p>Proteine (gr): 0,5<\/p>\n<p>Sare (gr): 1,9<\/p>\n<p>Alergeni: nu con\u021bine<\/p>\n","protected":false},"excerpt":{"rendered":"<p>Castrave\u021bii mura\u021bi felia\u021bi sunt crocan\u021bi, bine echilibra\u021bi \u00een gust \u0219i gata de utilizare direct din borcan. Sunt prepara\u021bi \u00een saramur\u0103 u\u0219oar\u0103, f\u0103r\u0103 o\u021bet, pentru a p\u0103stra aroma natural\u0103 a fermenta\u021biei \u0219i textura ferm\u0103, perfect\u0103 pentru servire rapid\u0103 sau g\u0103tit.<\/p>\n<p>Sunt ideali pentru sandwich-uri, burgeri, salate, platouri reci, salat\u0103 boeuf, sosuri tartar sau ca garnitur\u0103 al\u0103turi de preparate din carne. Felia\u021bi uniform, economisesc timp \u00een buc\u0103t\u0103rie \u0219i sunt potrivi\u021bi pentru utilizare profesional\u0103 sau acas\u0103.<\/p>\n<p>Este un produs 100% natural, f\u0103r\u0103 conservan\u021bi artificiali, f\u0103r\u0103 coloran\u021bi \u0219i f\u0103r\u0103 zah\u0103r ad\u0103ugat. Castrave\u021bii sunt selec\u021biona\u021bi atent \u0219i mura\u021bi dup\u0103 re\u021bet\u0103 tradi\u021bional\u0103, doar cu ingrediente simple.<\/p>\n<p>Ingrediente: castrave\u021bi, ap\u0103, sare, m\u0103rar, usturoi, condimente, acid citric.<\/p>\n<p>Valoare energetic\u0103 (kJ\/ kcal): 57 \/ 14<\/p>\n<p>Gr\u0103simi (gr): 0<\/p>\n<p>din care acizi gra\u0219i satura\u021bi (gr): 0<\/p>\n<p>Glucide (gr): 2,4<\/p>\n<p>din care zaharuri (gr): 1<\/p>\n<p>Proteine (gr): 0,5<\/p>\n<p>Sare (gr): 1,9<\/p>\n<p>Alergeni: nu con\u021bine<\/p>\n","protected":false},"featured_media":9842,"comment_status":"closed","ping_status":"closed","template":"","meta":[],"product_brand":[177],"product_cat":[90],"product_tag":[],"class_list":{"0":"post-9803","1":"product","2":"type-product","3":"status-publish","4":"has-post-thumbnail","6":"product_brand-international-lrm","7":"product_cat-muraturi","9":"first","10":"instock","11":"featured","12":"taxable","13":"shipping-taxable","14":"purchasable","15":"product-type-simple"},"jetpack_sharing_enabled":true,"_links":{"self":[{"href":"https:\/\/barbarosa.ro\/index.php?rest_route=\/wp\/v2\/product\/9803","targetHints":{"allow":["GET"]}}],"collection":[{"href":"https:\/\/barbarosa.ro\/index.php?rest_route=\/wp\/v2\/product"}],"about":[{"href":"https:\/\/barbarosa.ro\/index.php?rest_route=\/wp\/v2\/types\/product"}],"replies":[{"embeddable":true,"href":"https:\/\/barbarosa.ro\/index.php?rest_route=%2Fwp%2Fv2%2Fcomments&post=9803"}],"version-history":[{"count":4,"href":"https:\/\/barbarosa.ro\/index.php?rest_route=\/wp\/v2\/product\/9803\/revisions"}],"predecessor-version":[{"id":12169,"href":"https:\/\/barbarosa.ro\/index.php?rest_route=\/wp\/v2\/product\/9803\/revisions\/12169"}],"wp:featuredmedia":[{"embeddable":true,"href":"https:\/\/barbarosa.ro\/index.php?rest_route=\/wp\/v2\/media\/9842"}],"wp:attachment":[{"href":"https:\/\/barbarosa.ro\/index.php?rest_route=%2Fwp%2Fv2%2Fmedia&parent=9803"}],"wp:term":[{"taxonomy":"product_brand","embeddable":true,"href":"https:\/\/barbarosa.ro\/index.php?rest_route=%2Fwp%2Fv2%2Fproduct_brand&post=9803"},{"taxonomy":"product_cat","embeddable":true,"href":"https:\/\/barbarosa.ro\/index.php?rest_route=%2Fwp%2Fv2%2Fproduct_cat&post=9803"},{"taxonomy":"product_tag","embeddable":true,"href":"https:\/\/barbarosa.ro\/index.php?rest_route=%2Fwp%2Fv2%2Fproduct_tag&post=9803"}],"curies":[{"name":"wp","href":"https:\/\/api.w.org\/{rel}","templated":true}]}}