{"id":9805,"date":"2025-05-31T14:23:47","date_gmt":"2025-05-31T11:23:47","guid":{"rendered":"https:\/\/barbarosa.ro\/?product=miez-seminte-dovleac-crud-1-kg"},"modified":"2025-12-02T00:32:58","modified_gmt":"2025-12-01T22:32:58","slug":"miez-seminte-dovleac-crud-1-kg","status":"publish","type":"product","link":"https:\/\/barbarosa.ro\/?product=miez-seminte-dovleac-crud-1-kg","title":{"rendered":"Seminte dovleac (miez crud) 1 KG"},"content":{"rendered":"<p>Semin\u021bele de dovleac crude sunt o surs\u0103 natural\u0103 de proteine, gr\u0103simi s\u0103n\u0103toase \u0219i minerale esen\u021biale precum magneziu, zinc \u0219i fier. Au un gust fin, u\u0219or dulceag \u0219i o textur\u0103 crocant\u0103, fiind o op\u021biune nutritiv\u0103 pentru gust\u0103ri sau ca ingredient \u00een preparate variate.<\/p>\n<p>Sunt ideale pentru salate, mixuri de semin\u021be, p\u00e2ine, granola, batoane proteice, smoothie-uri sau ca topping pentru supe \u0219i preparate coapte. Se pot consuma ca atare sau u\u0219or pr\u0103jite pentru un plus de arom\u0103.<\/p>\n<p>Este un produs 100% natural, f\u0103r\u0103 sare, f\u0103r\u0103 conservan\u021bi, f\u0103r\u0103 adaosuri \u0219i f\u0103r\u0103 procesare termic\u0103. Miezul este ob\u021binut prin decorticare mecanic\u0103, p\u0103str\u00e2nd toate propriet\u0103\u021bile nutritive ale semin\u021belor.<\/p>\n<p>Ingrediente: semin\u021be de dovleac crude (miez).<\/p>\n<p>Valoare energetic\u0103 (kJ\/ kcal): 2389 \/ 574<\/p>\n<p>Gr\u0103simi (gr): 49<\/p>\n<p>din care acizi gra\u0219i satura\u021bi (gr): 8,7<\/p>\n<p>Glucide (gr): 2,7<\/p>\n<p>din care zaharuri (gr): 1,4<\/p>\n<p>Proteine (gr): 30<\/p>\n<p>Sare (gr): 0,02<\/p>\n<p>Alergeni: poate con\u021bine urme de susan, nuci \u0219i arahide<\/p>\n","protected":false},"excerpt":{"rendered":"<p>Semin\u021bele de dovleac crude sunt o surs\u0103 natural\u0103 de proteine, gr\u0103simi s\u0103n\u0103toase \u0219i minerale esen\u021biale precum magneziu, zinc \u0219i fier. Au un gust fin, u\u0219or dulceag \u0219i o textur\u0103 crocant\u0103, fiind o op\u021biune nutritiv\u0103 pentru gust\u0103ri sau ca ingredient \u00een preparate variate.<\/p>\n<p>Sunt ideale pentru salate, mixuri de semin\u021be, p\u00e2ine, granola, batoane proteice, smoothie-uri sau ca topping pentru supe \u0219i preparate coapte. Se pot consuma ca atare sau u\u0219or pr\u0103jite pentru un plus de arom\u0103.<\/p>\n<p>Este un produs 100% natural, f\u0103r\u0103 sare, f\u0103r\u0103 conservan\u021bi, f\u0103r\u0103 adaosuri \u0219i f\u0103r\u0103 procesare termic\u0103. Miezul este ob\u021binut prin decorticare mecanic\u0103, p\u0103str\u00e2nd toate propriet\u0103\u021bile nutritive ale semin\u021belor.<\/p>\n<p>Ingrediente: semin\u021be de dovleac crude (miez).<\/p>\n<p>Valoare energetic\u0103 (kJ\/ kcal): 2389 \/ 574<\/p>\n<p>Gr\u0103simi (gr): 49<\/p>\n<p>din care acizi gra\u0219i satura\u021bi (gr): 8,7<\/p>\n<p>Glucide (gr): 2,7<\/p>\n<p>din care zaharuri (gr): 1,4<\/p>\n<p>Proteine (gr): 30<\/p>\n<p>Sare (gr): 0,02<\/p>\n<p>Alergeni: poate con\u021bine urme de susan, nuci \u0219i arahide<\/p>\n","protected":false},"featured_media":9845,"comment_status":"closed","ping_status":"closed","template":"","meta":[],"product_brand":[177],"product_cat":[184],"product_tag":[],"class_list":{"0":"post-9805","1":"product","2":"type-product","3":"status-publish","4":"has-post-thumbnail","6":"product_brand-international-lrm","7":"product_cat-seminte-condimente","9":"first","10":"instock","11":"featured","12":"taxable","13":"shipping-taxable","14":"purchasable","15":"product-type-simple"},"jetpack_sharing_enabled":true,"_links":{"self":[{"href":"https:\/\/barbarosa.ro\/index.php?rest_route=\/wp\/v2\/product\/9805","targetHints":{"allow":["GET"]}}],"collection":[{"href":"https:\/\/barbarosa.ro\/index.php?rest_route=\/wp\/v2\/product"}],"about":[{"href":"https:\/\/barbarosa.ro\/index.php?rest_route=\/wp\/v2\/types\/product"}],"replies":[{"embeddable":true,"href":"https:\/\/barbarosa.ro\/index.php?rest_route=%2Fwp%2Fv2%2Fcomments&post=9805"}],"version-history":[{"count":5,"href":"https:\/\/barbarosa.ro\/index.php?rest_route=\/wp\/v2\/product\/9805\/revisions"}],"predecessor-version":[{"id":12171,"href":"https:\/\/barbarosa.ro\/index.php?rest_route=\/wp\/v2\/product\/9805\/revisions\/12171"}],"wp:featuredmedia":[{"embeddable":true,"href":"https:\/\/barbarosa.ro\/index.php?rest_route=\/wp\/v2\/media\/9845"}],"wp:attachment":[{"href":"https:\/\/barbarosa.ro\/index.php?rest_route=%2Fwp%2Fv2%2Fmedia&parent=9805"}],"wp:term":[{"taxonomy":"product_brand","embeddable":true,"href":"https:\/\/barbarosa.ro\/index.php?rest_route=%2Fwp%2Fv2%2Fproduct_brand&post=9805"},{"taxonomy":"product_cat","embeddable":true,"href":"https:\/\/barbarosa.ro\/index.php?rest_route=%2Fwp%2Fv2%2Fproduct_cat&post=9805"},{"taxonomy":"product_tag","embeddable":true,"href":"https:\/\/barbarosa.ro\/index.php?rest_route=%2Fwp%2Fv2%2Fproduct_tag&post=9805"}],"curies":[{"name":"wp","href":"https:\/\/api.w.org\/{rel}","templated":true}]}}