{"id":9806,"date":"2025-05-31T14:23:48","date_gmt":"2025-05-31T11:23:48","guid":{"rendered":"https:\/\/barbarosa.ro\/?product=miez-seminte-floarea-soarelui-crud-1-kg"},"modified":"2025-12-02T00:32:49","modified_gmt":"2025-12-01T22:32:49","slug":"miez-seminte-floarea-soarelui-crud-1-kg","status":"publish","type":"product","link":"https:\/\/barbarosa.ro\/?product=miez-seminte-floarea-soarelui-crud-1-kg","title":{"rendered":"Seminte Floarea Soarelui (miez crud) 1 KG"},"content":{"rendered":"<p>Semin\u021bele de floarea-soarelui crude sunt o surs\u0103 natural\u0103 de gr\u0103simi s\u0103n\u0103toase, proteine vegetale, vitamina E \u0219i minerale precum magneziu \u0219i seleniu. Au un gust u\u0219or untos \u0219i o textur\u0103 crocant\u0103, fiind perfecte pentru o alimenta\u021bie echilibrat\u0103 \u0219i diversificat\u0103.<\/p>\n<p>Sunt ideale pentru salate, granola, p\u00e2ine, biscui\u021bi, batoane energizante, smoothie-uri sau ca gustare \u00eentre mese. Se pot consuma ca atare sau u\u0219or pr\u0103jite pentru un plus de arom\u0103.<\/p>\n<p>Este un produs 100% natural, f\u0103r\u0103 adaosuri, f\u0103r\u0103 sare, f\u0103r\u0103 conservan\u021bi \u0219i f\u0103r\u0103 procesare termic\u0103. Miezul este ob\u021binut prin decorticare mecanic\u0103 \u0219i p\u0103streaz\u0103 toate propriet\u0103\u021bile nutritive ale semin\u021bei integrale.<\/p>\n<p>Ingrediente: semin\u021be de floarea-soarelui crude (miez).<\/p>\n<p>Valoare energetic\u0103 (kJ\/ kcal): 2445 \/ 584<\/p>\n<p>Gr\u0103simi (gr): 51<\/p>\n<p>din care acizi gra\u0219i satura\u021bi (gr): 4,5<\/p>\n<p>Glucide (gr): 11<\/p>\n<p>din care zaharuri (gr): 2,6<\/p>\n<p>Proteine (gr): 20,8<\/p>\n<p>Sare (gr): 0,01<\/p>\n<p>Alergeni: poate con\u021bine urme de susan, nuci \u0219i arahide<\/p>\n","protected":false},"excerpt":{"rendered":"<p>Semin\u021bele de floarea-soarelui crude sunt o surs\u0103 natural\u0103 de gr\u0103simi s\u0103n\u0103toase, proteine vegetale, vitamina E \u0219i minerale precum magneziu \u0219i seleniu. Au un gust u\u0219or untos \u0219i o textur\u0103 crocant\u0103, fiind perfecte pentru o alimenta\u021bie echilibrat\u0103 \u0219i diversificat\u0103.<\/p>\n<p>Sunt ideale pentru salate, granola, p\u00e2ine, biscui\u021bi, batoane energizante, smoothie-uri sau ca gustare \u00eentre mese. Se pot consuma ca atare sau u\u0219or pr\u0103jite pentru un plus de arom\u0103.<\/p>\n<p>Este un produs 100% natural, f\u0103r\u0103 adaosuri, f\u0103r\u0103 sare, f\u0103r\u0103 conservan\u021bi \u0219i f\u0103r\u0103 procesare termic\u0103. Miezul este ob\u021binut prin decorticare mecanic\u0103 \u0219i p\u0103streaz\u0103 toate propriet\u0103\u021bile nutritive ale semin\u021bei integrale.<\/p>\n<p>Ingrediente: semin\u021be de floarea-soarelui crude (miez).<\/p>\n<p>Valoare energetic\u0103 (kJ\/ kcal): 2445 \/ 584<\/p>\n<p>Gr\u0103simi (gr): 51<\/p>\n<p>din care acizi gra\u0219i satura\u021bi (gr): 4,5<\/p>\n<p>Glucide (gr): 11<\/p>\n<p>din care zaharuri (gr): 2,6<\/p>\n<p>Proteine (gr): 20,8<\/p>\n<p>Sare (gr): 0,01<\/p>\n<p>Alergeni: poate con\u021bine urme de susan, nuci \u0219i arahide<\/p>\n","protected":false},"featured_media":9841,"comment_status":"closed","ping_status":"closed","template":"","meta":[],"product_brand":[177],"product_cat":[184],"product_tag":[],"class_list":{"0":"post-9806","1":"product","2":"type-product","3":"status-publish","4":"has-post-thumbnail","6":"product_brand-international-lrm","7":"product_cat-seminte-condimente","9":"first","10":"instock","11":"featured","12":"taxable","13":"shipping-taxable","14":"purchasable","15":"product-type-simple"},"jetpack_sharing_enabled":true,"_links":{"self":[{"href":"https:\/\/barbarosa.ro\/index.php?rest_route=\/wp\/v2\/product\/9806","targetHints":{"allow":["GET"]}}],"collection":[{"href":"https:\/\/barbarosa.ro\/index.php?rest_route=\/wp\/v2\/product"}],"about":[{"href":"https:\/\/barbarosa.ro\/index.php?rest_route=\/wp\/v2\/types\/product"}],"replies":[{"embeddable":true,"href":"https:\/\/barbarosa.ro\/index.php?rest_route=%2Fwp%2Fv2%2Fcomments&post=9806"}],"version-history":[{"count":5,"href":"https:\/\/barbarosa.ro\/index.php?rest_route=\/wp\/v2\/product\/9806\/revisions"}],"predecessor-version":[{"id":9876,"href":"https:\/\/barbarosa.ro\/index.php?rest_route=\/wp\/v2\/product\/9806\/revisions\/9876"}],"wp:featuredmedia":[{"embeddable":true,"href":"https:\/\/barbarosa.ro\/index.php?rest_route=\/wp\/v2\/media\/9841"}],"wp:attachment":[{"href":"https:\/\/barbarosa.ro\/index.php?rest_route=%2Fwp%2Fv2%2Fmedia&parent=9806"}],"wp:term":[{"taxonomy":"product_brand","embeddable":true,"href":"https:\/\/barbarosa.ro\/index.php?rest_route=%2Fwp%2Fv2%2Fproduct_brand&post=9806"},{"taxonomy":"product_cat","embeddable":true,"href":"https:\/\/barbarosa.ro\/index.php?rest_route=%2Fwp%2Fv2%2Fproduct_cat&post=9806"},{"taxonomy":"product_tag","embeddable":true,"href":"https:\/\/barbarosa.ro\/index.php?rest_route=%2Fwp%2Fv2%2Fproduct_tag&post=9806"}],"curies":[{"name":"wp","href":"https:\/\/api.w.org\/{rel}","templated":true}]}}