{"id":9807,"date":"2025-05-31T14:23:49","date_gmt":"2025-05-31T11:23:49","guid":{"rendered":"https:\/\/barbarosa.ro\/?product=muguri-de-pin-1-kg"},"modified":"2025-12-02T00:32:41","modified_gmt":"2025-12-01T22:32:41","slug":"muguri-de-pin-1-kg","status":"publish","type":"product","link":"https:\/\/barbarosa.ro\/?product=muguri-de-pin-1-kg","title":{"rendered":"Muguri de Pin 1 KG"},"content":{"rendered":"<p>Mugurii de pin sunt semin\u021be comestibile extrase din conurile speciilor de pin, cu o arom\u0103 subtil\u0103 de nuc\u0103 \u0219i o textur\u0103 delicat\u0103, u\u0219or untoas\u0103. Sunt considera\u021bi un ingredient pre\u021bios \u00een gastronomie, datorit\u0103 gustului fin \u0219i valorii nutritive ridicate \u2014 boga\u021bi \u00een gr\u0103simi s\u0103n\u0103toase, proteine \u0219i antioxidan\u021bi.<\/p>\n<p>Sunt ideali pentru pesto (inclusiv alla genovese), salate, paste, risotto, produse de patiserie, biscui\u021bi sau ca topping crocant pentru supe, legume coapte \u0219i deserturi. Pot fi consuma\u021bi ca atare sau u\u0219or rumeni\u021bi pentru a intensifica aroma.<\/p>\n<p>Este un produs 100% natural, f\u0103r\u0103 adaosuri, f\u0103r\u0103 sare, f\u0103r\u0103 conservan\u021bi \u0219i f\u0103r\u0103 procesare termic\u0103. Mugurii sunt selec\u021biona\u021bi cu grij\u0103 \u0219i ambala\u021bi \u00een condi\u021bii care p\u0103streaz\u0103 prospe\u021bimea \u0219i calit\u0103\u021bile nutritive.<\/p>\n<p>Ingrediente: muguri de pin (semin\u021be de pin).<\/p>\n<p>Valoare energetic\u0103 (kJ\/ kcal): 2857 \/ 680<\/p>\n<p>Gr\u0103simi (gr): 68<\/p>\n<p>din care acizi gra\u0219i satura\u021bi (gr): 4,9<\/p>\n<p>Glucide (gr): 13<\/p>\n<p>din care zaharuri (gr): 3,6<\/p>\n<p>Proteine (gr): 14<\/p>\n<p>Sare (gr): 0,01<\/p>\n<p>Alergeni: poate con\u021bine urme de alte semin\u021be \u0219i nuci<\/p>\n","protected":false},"excerpt":{"rendered":"<p>Mugurii de pin sunt semin\u021be comestibile extrase din conurile speciilor de pin, cu o arom\u0103 subtil\u0103 de nuc\u0103 \u0219i o textur\u0103 delicat\u0103, u\u0219or untoas\u0103. Sunt considera\u021bi un ingredient pre\u021bios \u00een gastronomie, datorit\u0103 gustului fin \u0219i valorii nutritive ridicate \u2014 boga\u021bi \u00een gr\u0103simi s\u0103n\u0103toase, proteine \u0219i antioxidan\u021bi.<\/p>\n<p>Sunt ideali pentru pesto (inclusiv alla genovese), salate, paste, risotto, produse de patiserie, biscui\u021bi sau ca topping crocant pentru supe, legume coapte \u0219i deserturi. Pot fi consuma\u021bi ca atare sau u\u0219or rumeni\u021bi pentru a intensifica aroma.<\/p>\n<p>Este un produs 100% natural, f\u0103r\u0103 adaosuri, f\u0103r\u0103 sare, f\u0103r\u0103 conservan\u021bi \u0219i f\u0103r\u0103 procesare termic\u0103. Mugurii sunt selec\u021biona\u021bi cu grij\u0103 \u0219i ambala\u021bi \u00een condi\u021bii care p\u0103streaz\u0103 prospe\u021bimea \u0219i calit\u0103\u021bile nutritive.<\/p>\n<p>Ingrediente: muguri de pin (semin\u021be de pin).<\/p>\n<p>Valoare energetic\u0103 (kJ\/ kcal): 2857 \/ 680<\/p>\n<p>Gr\u0103simi (gr): 68<\/p>\n<p>din care acizi gra\u0219i satura\u021bi (gr): 4,9<\/p>\n<p>Glucide (gr): 13<\/p>\n<p>din care zaharuri (gr): 3,6<\/p>\n<p>Proteine (gr): 14<\/p>\n<p>Sare (gr): 0,01<\/p>\n<p>Alergeni: poate con\u021bine urme de alte semin\u021be \u0219i nuci<\/p>\n","protected":false},"featured_media":9840,"comment_status":"closed","ping_status":"closed","template":"","meta":[],"product_brand":[177],"product_cat":[184],"product_tag":[],"class_list":{"0":"post-9807","1":"product","2":"type-product","3":"status-publish","4":"has-post-thumbnail","6":"product_brand-international-lrm","7":"product_cat-seminte-condimente","9":"first","10":"instock","11":"featured","12":"taxable","13":"shipping-taxable","14":"purchasable","15":"product-type-simple"},"jetpack_sharing_enabled":true,"_links":{"self":[{"href":"https:\/\/barbarosa.ro\/index.php?rest_route=\/wp\/v2\/product\/9807","targetHints":{"allow":["GET"]}}],"collection":[{"href":"https:\/\/barbarosa.ro\/index.php?rest_route=\/wp\/v2\/product"}],"about":[{"href":"https:\/\/barbarosa.ro\/index.php?rest_route=\/wp\/v2\/types\/product"}],"replies":[{"embeddable":true,"href":"https:\/\/barbarosa.ro\/index.php?rest_route=%2Fwp%2Fv2%2Fcomments&post=9807"}],"version-history":[{"count":4,"href":"https:\/\/barbarosa.ro\/index.php?rest_route=\/wp\/v2\/product\/9807\/revisions"}],"predecessor-version":[{"id":12173,"href":"https:\/\/barbarosa.ro\/index.php?rest_route=\/wp\/v2\/product\/9807\/revisions\/12173"}],"wp:featuredmedia":[{"embeddable":true,"href":"https:\/\/barbarosa.ro\/index.php?rest_route=\/wp\/v2\/media\/9840"}],"wp:attachment":[{"href":"https:\/\/barbarosa.ro\/index.php?rest_route=%2Fwp%2Fv2%2Fmedia&parent=9807"}],"wp:term":[{"taxonomy":"product_brand","embeddable":true,"href":"https:\/\/barbarosa.ro\/index.php?rest_route=%2Fwp%2Fv2%2Fproduct_brand&post=9807"},{"taxonomy":"product_cat","embeddable":true,"href":"https:\/\/barbarosa.ro\/index.php?rest_route=%2Fwp%2Fv2%2Fproduct_cat&post=9807"},{"taxonomy":"product_tag","embeddable":true,"href":"https:\/\/barbarosa.ro\/index.php?rest_route=%2Fwp%2Fv2%2Fproduct_tag&post=9807"}],"curies":[{"name":"wp","href":"https:\/\/api.w.org\/{rel}","templated":true}]}}