{"id":9808,"date":"2025-05-31T14:23:50","date_gmt":"2025-05-31T11:23:50","guid":{"rendered":"https:\/\/barbarosa.ro\/?product=susan-negru-1-kg"},"modified":"2025-12-02T00:32:02","modified_gmt":"2025-12-01T22:32:02","slug":"susan-negru-1-kg","status":"publish","type":"product","link":"https:\/\/barbarosa.ro\/?product=susan-negru-1-kg","title":{"rendered":"Susan Negru 1 KG"},"content":{"rendered":"<p>Susanul negru este o varietate de semin\u021be cu arom\u0103 intens\u0103, u\u0219or afumat\u0103 \u0219i un con\u021binut ridicat de calciu, fier \u0219i antioxidan\u021bi naturali. Are o textur\u0103 crocant\u0103 \u0219i un gust mai profund dec\u00e2t susanul alb, fiind folosit at\u00e2t \u00een preparate s\u0103rate, c\u00e2t \u0219i dulci, \u00een special \u00een buc\u0103t\u0103ria asiatic\u0103 \u0219i oriental\u0103.<\/p>\n<p>Este ideal pentru salate, p\u00e2ine, crackers, sushi, wok-uri, humus, dressinguri, deserturi orientale, granola sau ca decor crocant pentru pr\u0103jituri \u0219i produse de patiserie. Se poate folosi ca atare sau pr\u0103jit u\u0219or pentru a-i intensifica aroma.<\/p>\n<p>Este un produs 100% natural, f\u0103r\u0103 sare, f\u0103r\u0103 conservan\u021bi \u0219i f\u0103r\u0103 aditivi. Semin\u021bele sunt atent selec\u021bionate, ambalate \u00een stare crud\u0103 pentru a p\u0103stra toate propriet\u0103\u021bile nutritive.<\/p>\n<p>Ingrediente: semin\u021be de susan negru.<\/p>\n<p>Valoare energetic\u0103 (kJ\/ kcal): 2399 \/ 573<\/p>\n<p>Gr\u0103simi (gr): 49<\/p>\n<p>din care acizi gra\u0219i satura\u021bi (gr): 7<\/p>\n<p>Glucide (gr): 23<\/p>\n<p>din care zaharuri (gr): 0,3<\/p>\n<p>Proteine (gr): 18<\/p>\n<p>Sare (gr): 0,03<\/p>\n<p>Alergeni: con\u021bine susan. Poate con\u021bine urme de nuci \u0219i arahide<\/p>\n","protected":false},"excerpt":{"rendered":"<p>Susanul negru este o varietate de semin\u021be cu arom\u0103 intens\u0103, u\u0219or afumat\u0103 \u0219i un con\u021binut ridicat de calciu, fier \u0219i antioxidan\u021bi naturali. Are o textur\u0103 crocant\u0103 \u0219i un gust mai profund dec\u00e2t susanul alb, fiind folosit at\u00e2t \u00een preparate s\u0103rate, c\u00e2t \u0219i dulci, \u00een special \u00een buc\u0103t\u0103ria asiatic\u0103 \u0219i oriental\u0103.<\/p>\n<p>Este ideal pentru salate, p\u00e2ine, crackers, sushi, wok-uri, humus, dressinguri, deserturi orientale, granola sau ca decor crocant pentru pr\u0103jituri \u0219i produse de patiserie. Se poate folosi ca atare sau pr\u0103jit u\u0219or pentru a-i intensifica aroma.<\/p>\n<p>Este un produs 100% natural, f\u0103r\u0103 sare, f\u0103r\u0103 conservan\u021bi \u0219i f\u0103r\u0103 aditivi. Semin\u021bele sunt atent selec\u021bionate, ambalate \u00een stare crud\u0103 pentru a p\u0103stra toate propriet\u0103\u021bile nutritive.<\/p>\n<p>Ingrediente: semin\u021be de susan negru.<\/p>\n<p>Valoare energetic\u0103 (kJ\/ kcal): 2399 \/ 573<\/p>\n<p>Gr\u0103simi (gr): 49<\/p>\n<p>din care acizi gra\u0219i satura\u021bi (gr): 7<\/p>\n<p>Glucide (gr): 23<\/p>\n<p>din care zaharuri (gr): 0,3<\/p>\n<p>Proteine (gr): 18<\/p>\n<p>Sare (gr): 0,03<\/p>\n<p>Alergeni: con\u021bine susan. Poate con\u021bine urme de nuci \u0219i arahide<\/p>\n","protected":false},"featured_media":9837,"comment_status":"closed","ping_status":"closed","template":"","meta":[],"product_brand":[177],"product_cat":[184],"product_tag":[],"class_list":{"0":"post-9808","1":"product","2":"type-product","3":"status-publish","4":"has-post-thumbnail","6":"product_brand-international-lrm","7":"product_cat-seminte-condimente","9":"first","10":"instock","11":"featured","12":"taxable","13":"shipping-taxable","14":"purchasable","15":"product-type-simple"},"jetpack_sharing_enabled":true,"_links":{"self":[{"href":"https:\/\/barbarosa.ro\/index.php?rest_route=\/wp\/v2\/product\/9808","targetHints":{"allow":["GET"]}}],"collection":[{"href":"https:\/\/barbarosa.ro\/index.php?rest_route=\/wp\/v2\/product"}],"about":[{"href":"https:\/\/barbarosa.ro\/index.php?rest_route=\/wp\/v2\/types\/product"}],"replies":[{"embeddable":true,"href":"https:\/\/barbarosa.ro\/index.php?rest_route=%2Fwp%2Fv2%2Fcomments&post=9808"}],"version-history":[{"count":4,"href":"https:\/\/barbarosa.ro\/index.php?rest_route=\/wp\/v2\/product\/9808\/revisions"}],"predecessor-version":[{"id":12174,"href":"https:\/\/barbarosa.ro\/index.php?rest_route=\/wp\/v2\/product\/9808\/revisions\/12174"}],"wp:featuredmedia":[{"embeddable":true,"href":"https:\/\/barbarosa.ro\/index.php?rest_route=\/wp\/v2\/media\/9837"}],"wp:attachment":[{"href":"https:\/\/barbarosa.ro\/index.php?rest_route=%2Fwp%2Fv2%2Fmedia&parent=9808"}],"wp:term":[{"taxonomy":"product_brand","embeddable":true,"href":"https:\/\/barbarosa.ro\/index.php?rest_route=%2Fwp%2Fv2%2Fproduct_brand&post=9808"},{"taxonomy":"product_cat","embeddable":true,"href":"https:\/\/barbarosa.ro\/index.php?rest_route=%2Fwp%2Fv2%2Fproduct_cat&post=9808"},{"taxonomy":"product_tag","embeddable":true,"href":"https:\/\/barbarosa.ro\/index.php?rest_route=%2Fwp%2Fv2%2Fproduct_tag&post=9808"}],"curies":[{"name":"wp","href":"https:\/\/api.w.org\/{rel}","templated":true}]}}