{"id":9809,"date":"2025-05-31T14:23:51","date_gmt":"2025-05-31T11:23:51","guid":{"rendered":"https:\/\/barbarosa.ro\/?product=susan-alb-1-kg"},"modified":"2025-12-02T00:31:35","modified_gmt":"2025-12-01T22:31:35","slug":"susan-alb-1-kg","status":"publish","type":"product","link":"https:\/\/barbarosa.ro\/?product=susan-alb-1-kg","title":{"rendered":"Susan alb 1 KG"},"content":{"rendered":"<p>Susanul alb este o surs\u0103 natural\u0103 de gr\u0103simi s\u0103n\u0103toase, proteine \u0219i minerale precum calciu, magneziu \u0219i zinc. Are un gust delicat, u\u0219or de nuc\u0103, \u0219i o textur\u0103 crocant\u0103, fiind folosit at\u00e2t \u00een preparate tradi\u021bionale, c\u00e2t \u0219i moderne, \u00een buc\u0103t\u0103rii din \u00eentreaga lume.<\/p>\n<p>Este ideal pentru p\u00e2ine, covrigi, biscui\u021bi, salate, humus, granola, batoane energizante, dressinguri sau ca decor pentru produse de patiserie \u0219i preparate asiatice. Poate fi folosit ca atare sau pr\u0103jit u\u0219or pentru un plus de arom\u0103.<\/p>\n<p>Este un produs 100% natural, f\u0103r\u0103 sare, f\u0103r\u0103 conservan\u021bi \u0219i f\u0103r\u0103 aditivi. Semin\u021bele sunt crude, atent selec\u021bionate \u0219i ambalate pentru a p\u0103stra propriet\u0103\u021bile nutritive \u0219i gustul autentic.<\/p>\n<p>Ingrediente: semin\u021be de susan alb.<\/p>\n<p>Valoare energetic\u0103 (kJ\/ kcal): 2399 \/ 573<\/p>\n<p>Gr\u0103simi (gr): 49<\/p>\n<p>din care acizi gra\u0219i satura\u021bi (gr): 7<\/p>\n<p>Glucide (gr): 23<\/p>\n<p>din care zaharuri (gr): 0,3<\/p>\n<p>Proteine (gr): 18<\/p>\n<p>Sare (gr): 0,03<\/p>\n<p>Alergeni: con\u021bine susan. Poate con\u021bine urme de nuci \u0219i arahide<\/p>\n","protected":false},"excerpt":{"rendered":"<p>Susanul alb este o surs\u0103 natural\u0103 de gr\u0103simi s\u0103n\u0103toase, proteine \u0219i minerale precum calciu, magneziu \u0219i zinc. Are un gust delicat, u\u0219or de nuc\u0103, \u0219i o textur\u0103 crocant\u0103, fiind folosit at\u00e2t \u00een preparate tradi\u021bionale, c\u00e2t \u0219i moderne, \u00een buc\u0103t\u0103rii din \u00eentreaga lume.<\/p>\n<p>Este ideal pentru p\u00e2ine, covrigi, biscui\u021bi, salate, humus, granola, batoane energizante, dressinguri sau ca decor pentru produse de patiserie \u0219i preparate asiatice. Poate fi folosit ca atare sau pr\u0103jit u\u0219or pentru un plus de arom\u0103.<\/p>\n<p>Este un produs 100% natural, f\u0103r\u0103 sare, f\u0103r\u0103 conservan\u021bi \u0219i f\u0103r\u0103 aditivi. Semin\u021bele sunt crude, atent selec\u021bionate \u0219i ambalate pentru a p\u0103stra propriet\u0103\u021bile nutritive \u0219i gustul autentic.<\/p>\n<p>Ingrediente: semin\u021be de susan alb.<\/p>\n<p>Valoare energetic\u0103 (kJ\/ kcal): 2399 \/ 573<\/p>\n<p>Gr\u0103simi (gr): 49<\/p>\n<p>din care acizi gra\u0219i satura\u021bi (gr): 7<\/p>\n<p>Glucide (gr): 23<\/p>\n<p>din care zaharuri (gr): 0,3<\/p>\n<p>Proteine (gr): 18<\/p>\n<p>Sare (gr): 0,03<\/p>\n<p>Alergeni: con\u021bine susan. Poate con\u021bine urme de nuci \u0219i arahide<\/p>\n","protected":false},"featured_media":9846,"comment_status":"closed","ping_status":"closed","template":"","meta":[],"product_brand":[177],"product_cat":[184],"product_tag":[],"class_list":{"0":"post-9809","1":"product","2":"type-product","3":"status-publish","4":"has-post-thumbnail","6":"product_brand-international-lrm","7":"product_cat-seminte-condimente","9":"first","10":"instock","11":"featured","12":"taxable","13":"shipping-taxable","14":"purchasable","15":"product-type-simple"},"jetpack_sharing_enabled":true,"_links":{"self":[{"href":"https:\/\/barbarosa.ro\/index.php?rest_route=\/wp\/v2\/product\/9809","targetHints":{"allow":["GET"]}}],"collection":[{"href":"https:\/\/barbarosa.ro\/index.php?rest_route=\/wp\/v2\/product"}],"about":[{"href":"https:\/\/barbarosa.ro\/index.php?rest_route=\/wp\/v2\/types\/product"}],"replies":[{"embeddable":true,"href":"https:\/\/barbarosa.ro\/index.php?rest_route=%2Fwp%2Fv2%2Fcomments&post=9809"}],"version-history":[{"count":5,"href":"https:\/\/barbarosa.ro\/index.php?rest_route=\/wp\/v2\/product\/9809\/revisions"}],"predecessor-version":[{"id":12175,"href":"https:\/\/barbarosa.ro\/index.php?rest_route=\/wp\/v2\/product\/9809\/revisions\/12175"}],"wp:featuredmedia":[{"embeddable":true,"href":"https:\/\/barbarosa.ro\/index.php?rest_route=\/wp\/v2\/media\/9846"}],"wp:attachment":[{"href":"https:\/\/barbarosa.ro\/index.php?rest_route=%2Fwp%2Fv2%2Fmedia&parent=9809"}],"wp:term":[{"taxonomy":"product_brand","embeddable":true,"href":"https:\/\/barbarosa.ro\/index.php?rest_route=%2Fwp%2Fv2%2Fproduct_brand&post=9809"},{"taxonomy":"product_cat","embeddable":true,"href":"https:\/\/barbarosa.ro\/index.php?rest_route=%2Fwp%2Fv2%2Fproduct_cat&post=9809"},{"taxonomy":"product_tag","embeddable":true,"href":"https:\/\/barbarosa.ro\/index.php?rest_route=%2Fwp%2Fv2%2Fproduct_tag&post=9809"}],"curies":[{"name":"wp","href":"https:\/\/api.w.org\/{rel}","templated":true}]}}